{"id":12674,"date":"2024-02-07T09:02:27","date_gmt":"2024-02-07T09:02:27","guid":{"rendered":"http:\/\/tavieta.lt\/produktas\/montavimo-konservavimo-kartonas\/"},"modified":"2025-01-30T13:19:50","modified_gmt":"2025-01-30T13:19:50","slug":"montavimo-konservavimo-kartonas","status":"publish","type":"product","link":"https:\/\/tavieta.lt\/lv\/products\/montavimo-konservavimo-kartonas\/","title":{"rendered":"Uzst\u0101d\u012b\u0161anas saglab\u0101\u0161anas kartons"},"content":{"rendered":"<p><span style=\"font-size: 16px; color: #000000;\">Mont\u0101\u017eas saglab\u0101\u0161anas pl\u0101ksne - Arh\u012bva kvalit\u0101tes s\u0101rma pl\u0101ksne, kas izgatavota no 100% celulozes, bez lign\u012bna un sk\u0101b\u0113m, satur 3 5% s\u0101rma rezerves (CaCO3) ar pH 8 8,5, var b\u016bt 2 mm bieza un 120 x 81 cm gara. ; Ant\u012bkas (kr\u0113mkr\u0101sas) un dab\u012bgas kr\u0101sas.<\/span><\/p>\n<p><span style=\"font-size: 16px; color: #000000;\"> \u00a0Iepakojum\u0101 18 loksnes<\/span><\/p>\n<table style=\"width: 82.53488372093024%; height: 98px;\" cellspacing=\"0\" cellpadding=\"0\">\n<tbody>\n<tr>\n<td style=\"text-align: center;\" valign=\"top\">\n<p><strong><span style=\"font-size: 16px; color: #000000;\">Materi\u0101la kods<\/span><\/strong><\/p>\n<\/td>\n<td style=\"text-align: center;\" valign=\"top\">\n<p><strong><span style=\"font-size: 16px; color: #000000;\">Apraksts<\/span><\/strong><\/p>\n<\/td>\n<td style=\"text-align: center;\" valign=\"top\">\n<p><strong><span style=\"font-size: 16px; color: #000000;\">Iepakojums<\/span><\/strong><\/p>\n<\/td>\n<\/tr>\n<tr>\n<td style=\"text-align: center;\" rowspan=\"2\" valign=\"top\">\n<p><span style=\"font-size: 16px; color: #000000;\">60021<\/span><\/p>\n<\/td>\n<td style=\"text-align: center;\" valign=\"top\">\n<p><span style=\"font-size: 16px; color: #000000;\">Konserv\u0113\u0161anas mont\u0101\u017eas kartons Antikvari\u0101ts<\/span><\/p>\n<\/td>\n<td style=\"text-align: center;\" rowspan=\"2\" valign=\"top\">\n<p><span style=\"font-size: 16px; color: #000000;\">18 gab.<\/span><\/p>\n<\/td>\n<\/tr>\n<tr>\n<td style=\"text-align: center;\" rowspan=\"2\" valign=\"top\">\n<p><span style=\"font-size: 16px; color: #000000;\">Konserv\u0113\u0161anas instal\u0101cijas kartons Natural<\/span><\/p>\n<\/td>\n<\/tr>\n<tr>\n<td style=\"text-align: center;\" valign=\"top\">\n<p><span style=\"font-size: 16px; color: #000000;\">60022<\/span><\/p>\n<\/td>\n<td style=\"text-align: center;\" valign=\"top\">\n<p><span style=\"font-size: 16px; color: #000000;\">18 gab.<\/span><\/p>\n<\/td>\n<\/tr>\n<\/tbody>\n<\/table>\n<div id=\"gtx-trans\" style=\"position: absolute; left: 79px; top: 37px;\">\n<div class=\"gtx-trans-icon\"><\/div>\n<\/div>","protected":false},"excerpt":{"rendered":"<p>Uzst\u0101d\u012b\u0161anas saglab\u0101\u0161anas kartons<\/p>","protected":false},"featured_media":11770,"template":"","meta":[],"product_brand":[],"product_cat":[228],"product_tag":[],"class_list":{"0":"post-12674","1":"product","2":"type-product","3":"status-publish","4":"has-post-thumbnail","6":"product_cat-nerugstinis-kartonas","8":"first","9":"outofstock","10":"product-type-simple"},"_links":{"self":[{"href":"https:\/\/tavieta.lt\/lv\/wp-json\/wp\/v2\/product\/12674","targetHints":{"allow":["GET"]}}],"collection":[{"href":"https:\/\/tavieta.lt\/lv\/wp-json\/wp\/v2\/product"}],"about":[{"href":"https:\/\/tavieta.lt\/lv\/wp-json\/wp\/v2\/types\/product"}],"wp:featuredmedia":[{"embeddable":true,"href":"https:\/\/tavieta.lt\/lv\/wp-json\/wp\/v2\/media\/11770"}],"wp:attachment":[{"href":"https:\/\/tavieta.lt\/lv\/wp-json\/wp\/v2\/media?parent=12674"}],"wp:term":[{"taxonomy":"product_brand","embeddable":true,"href":"https:\/\/tavieta.lt\/lv\/wp-json\/wp\/v2\/product_brand?post=12674"},{"taxonomy":"product_cat","embeddable":true,"href":"https:\/\/tavieta.lt\/lv\/wp-json\/wp\/v2\/product_cat?post=12674"},{"taxonomy":"product_tag","embeddable":true,"href":"https:\/\/tavieta.lt\/lv\/wp-json\/wp\/v2\/product_tag?post=12674"}],"curies":[{"name":"wp","href":"https:\/\/api.w.org\/{rel}","templated":true}]}}