{"id":12675,"date":"2024-02-07T09:02:27","date_gmt":"2024-02-07T09:02:27","guid":{"rendered":"http:\/\/tavieta.lt\/produktas\/standartinis-montavimo-kartonas\/"},"modified":"2025-01-30T13:20:06","modified_gmt":"2025-01-30T13:20:06","slug":"standartinis-montavimo-kartonas","status":"publish","type":"product","link":"https:\/\/tavieta.lt\/lv\/products\/standartinis-montavimo-kartonas\/","title":{"rendered":"Standarta mont\u0101\u017eas kartons"},"content":{"rendered":"<p><span style=\"color: #000000; font-size: 16px;\"> \u00a0&quot;Whitecore Basic Alkaline Cardboard for Brackets ar s\u0101rma rezervi 3 5% (CaCO3) un pH 8-8,5, 1,35 mm bieza, balta pamatne. Pla\u0161s kr\u0101su kl\u0101sts, no kuriem izv\u0113l\u0113ties, varam nos\u016bt\u012bt atlas\u012btos paraugus. Iepakojum\u0101 25 loksnes<\/span><\/p>\n<table style=\"width: 82.77434145759207%; height: 87px;\" cellspacing=\"0\" cellpadding=\"0\">\n<tbody>\n<tr>\n<td style=\"text-align: center; width: 19.32938856015779%;\" valign=\"top\">\n<p><span style=\"font-size: 16px;\"><strong><span style=\"color: #000000;\">Materi\u0101la kods<\/span><\/strong><\/span><\/p>\n<\/td>\n<td style=\"text-align: center; width: 71.00591715976331%;\" valign=\"top\">\n<p><span style=\"font-size: 16px;\"><strong><span style=\"color: #000000;\">Apraksts<\/span><\/strong><\/span><\/p>\n<\/td>\n<td style=\"text-align: center; width: 10.059171597633137%;\" valign=\"top\">\n<p><span style=\"font-size: 16px;\"><strong><span style=\"color: #000000;\">Iepakojums<\/span><\/strong><\/span><\/p>\n<\/td>\n<\/tr>\n<tr>\n<td style=\"text-align: center; width: 19.32938856015779%;\" valign=\"top\">\n<p><span style=\"color: #000000; font-size: 16px;\">60023<\/span><\/p>\n<\/td>\n<td style=\"text-align: center; width: 71.00591715976331%;\" valign=\"top\">\n<p><span style=\"color: #000000; font-size: 16px;\">Mont\u0101\u017eas kartons Whitecore Basic, da\u017e\u0101das kr\u0101sas, saska\u0146\u0101 ar att.<\/span><\/p>\n<\/td>\n<td style=\"text-align: center; width: 10.059171597633137%;\" valign=\"top\">\n<p><span style=\"color: #000000; font-size: 16px;\">25 gab.<\/span><\/p>\n<\/td>\n<\/tr>\n<\/tbody>\n<\/table>\n<div id=\"gtx-trans\" style=\"position: absolute; left: 79px; top: 37px;\">\n<div class=\"gtx-trans-icon\"><\/div>\n<\/div>","protected":false},"excerpt":{"rendered":"<p>Standarta mont\u0101\u017eas kartons<\/p>","protected":false},"featured_media":11772,"template":"","meta":[],"product_brand":[],"product_cat":[228],"product_tag":[],"class_list":{"0":"post-12675","1":"product","2":"type-product","3":"status-publish","4":"has-post-thumbnail","6":"product_cat-nerugstinis-kartonas","8":"first","9":"outofstock","10":"product-type-simple"},"_links":{"self":[{"href":"https:\/\/tavieta.lt\/lv\/wp-json\/wp\/v2\/product\/12675","targetHints":{"allow":["GET"]}}],"collection":[{"href":"https:\/\/tavieta.lt\/lv\/wp-json\/wp\/v2\/product"}],"about":[{"href":"https:\/\/tavieta.lt\/lv\/wp-json\/wp\/v2\/types\/product"}],"wp:featuredmedia":[{"embeddable":true,"href":"https:\/\/tavieta.lt\/lv\/wp-json\/wp\/v2\/media\/11772"}],"wp:attachment":[{"href":"https:\/\/tavieta.lt\/lv\/wp-json\/wp\/v2\/media?parent=12675"}],"wp:term":[{"taxonomy":"product_brand","embeddable":true,"href":"https:\/\/tavieta.lt\/lv\/wp-json\/wp\/v2\/product_brand?post=12675"},{"taxonomy":"product_cat","embeddable":true,"href":"https:\/\/tavieta.lt\/lv\/wp-json\/wp\/v2\/product_cat?post=12675"},{"taxonomy":"product_tag","embeddable":true,"href":"https:\/\/tavieta.lt\/lv\/wp-json\/wp\/v2\/product_tag?post=12675"}],"curies":[{"name":"wp","href":"https:\/\/api.w.org\/{rel}","templated":true}]}}