{"id":12676,"date":"2024-02-07T09:02:35","date_gmt":"2024-02-07T09:02:35","guid":{"rendered":"http:\/\/tavieta.lt\/produktas\/klijai-tylose-mh300\/"},"modified":"2024-02-07T09:02:35","modified_gmt":"2024-02-07T09:02:35","slug":"klijai-tylose-mh300","status":"publish","type":"product","link":"https:\/\/tavieta.lt\/lv\/products\/klijai-tylose-mh300\/","title":{"rendered":"L\u012bme Tylose MH 300"},"content":{"rendered":"<p>L\u012bme Tylose MH 300<\/p>\n<p><span style=\"color: #000000;\">Metilhidroksietilceluloze \u0161\u0137\u012bst aukst\u0101 \u016bden\u012b un ne\u0161\u0137\u012bst silt\u0101 \u016bden\u012b un organiskajos \u0161\u0137\u012bdin\u0101t\u0101jos. T\u0101s \u016bdens \u0161\u0137\u012bdumiem ir neitr\u0101ls pH, t\u0101d\u0113\u013c tos izmanto k\u0101 emulsijas biezin\u0101t\u0101ju, k\u0101 ar\u012b l\u012bmi pap\u012bra un fotodokumentu atjauno\u0161anai un tekstilizstr\u0101d\u0101jumu l\u012bm\u0113\u0161anai.<\/span><\/p>\n<table style=\"width: 92.82173913043478%; height: 91px;\" cellspacing=\"0\" cellpadding=\"0\">\n<tbody>\n<tr>\n<td style=\"text-align: center;\" valign=\"top\">\n<p><strong><span style=\"color: #000000;\">Materi\u0101la kods<\/span><\/strong><\/p>\n<\/td>\n<td style=\"text-align: center;\" valign=\"top\">\n<p><strong><span style=\"color: #000000;\">Apraksts<\/span><\/strong><\/p>\n<\/td>\n<td style=\"text-align: center;\" valign=\"top\">\n<p><strong><span style=\"color: #000000;\">Iepakojums<\/span><\/strong><\/p>\n<\/td>\n<\/tr>\n<tr>\n<td style=\"text-align: center;\" valign=\"top\">\n<p><span style=\"color: #000000;\">OST00039<\/span><\/p>\n<\/td>\n<td style=\"text-align: center;\" valign=\"top\">\n<p><span style=\"color: #000000;\">Tylose MH 300, pulveris<\/span><\/p>\n<\/td>\n<td style=\"text-align: center;\" valign=\"top\">\n<p><span style=\"color: #000000;\">250 gr<\/span><\/p>\n<p><span style=\"color: #000000;\">2000. gads<\/span><\/p>\n<\/td>\n<\/tr>\n<\/tbody>\n<\/table>\n<div id=\"gtx-trans\" style=\"position: absolute; left: 79px; top: 37px;\">\n<div class=\"gtx-trans-icon\"><\/div>\n<\/div>","protected":false},"excerpt":{"rendered":"<p>Tylose \u00ae MH299<\/p>","protected":false},"featured_media":11774,"template":"","meta":[],"product_brand":[],"product_cat":[149],"product_tag":[],"class_list":{"0":"post-12676","1":"product","2":"type-product","3":"status-publish","4":"has-post-thumbnail","6":"product_cat-restauratoriams","8":"first","9":"outofstock","10":"product-type-simple"},"_links":{"self":[{"href":"https:\/\/tavieta.lt\/lv\/wp-json\/wp\/v2\/product\/12676","targetHints":{"allow":["GET"]}}],"collection":[{"href":"https:\/\/tavieta.lt\/lv\/wp-json\/wp\/v2\/product"}],"about":[{"href":"https:\/\/tavieta.lt\/lv\/wp-json\/wp\/v2\/types\/product"}],"wp:featuredmedia":[{"embeddable":true,"href":"https:\/\/tavieta.lt\/lv\/wp-json\/wp\/v2\/media\/11774"}],"wp:attachment":[{"href":"https:\/\/tavieta.lt\/lv\/wp-json\/wp\/v2\/media?parent=12676"}],"wp:term":[{"taxonomy":"product_brand","embeddable":true,"href":"https:\/\/tavieta.lt\/lv\/wp-json\/wp\/v2\/product_brand?post=12676"},{"taxonomy":"product_cat","embeddable":true,"href":"https:\/\/tavieta.lt\/lv\/wp-json\/wp\/v2\/product_cat?post=12676"},{"taxonomy":"product_tag","embeddable":true,"href":"https:\/\/tavieta.lt\/lv\/wp-json\/wp\/v2\/product_tag?post=12676"}],"curies":[{"name":"wp","href":"https:\/\/api.w.org\/{rel}","templated":true}]}}