{"id":12677,"date":"2024-02-07T09:02:35","date_gmt":"2024-02-07T09:02:35","guid":{"rendered":"http:\/\/tavieta.lt\/produktas\/tiloze-m-h300-tubeleje\/"},"modified":"2024-02-07T09:02:36","modified_gmt":"2024-02-07T09:02:36","slug":"tiloze-m-h300-tubeleje","status":"publish","type":"product","link":"https:\/\/tavieta.lt\/lv\/products\/tiloze-m-h300-tubeleje\/","title":{"rendered":"Tylose M\u00ae H300 t\u016bbi\u0146\u0101"},"content":{"rendered":"<p><span style=\"color: #000000; font-size: 16px;\">Piem\u0113rotas l\u012bmvielas failu sagatavo\u0161anai (apstr\u0101dei), objektu piestiprin\u0101\u0161anai un citiem pielietojumiem konserv\u0101cij\u0101 un konserv\u0101cij\u0101. Saglab\u0101\u0161anas zi\u0146\u0101 celulozes atvasin\u0101jums Tylose MH300 (met\u0101la hidroksietilceluloze) ir piln\u012bgi nekait\u012bgs un atgriezeniska l\u012bmjava. \u0160o biopolim\u0113ru parasti izmanto pap\u012bra konserv\u0113\u0161anas jom\u0101. L\u012bme ir fiziolo\u0123iski nekait\u012bga un \u0161\u0137\u012bst \u016bden\u012b. Mikroorganismiem ir \u013coti gr\u016bti ietekm\u0113t \u0161o l\u012bmi.<\/span><\/p>\n<table style=\"width: 85.66071428571429%; height: 55px;\" cellspacing=\"0\" cellpadding=\"0\">\n<tbody>\n<tr>\n<td style=\"text-align: center;\" valign=\"top\">\n<p><span style=\"font-size: 16px;\"><strong><span style=\"color: #000000;\">Materi\u0101la kods<\/span><\/strong><\/span><\/p>\n<\/td>\n<td style=\"text-align: center;\" valign=\"top\">\n<p><span style=\"font-size: 16px;\"><strong><span style=\"color: #000000;\">Apraksts<\/span><\/strong><\/span><\/p>\n<\/td>\n<td style=\"text-align: center;\" valign=\"top\">\n<p><span style=\"font-size: 16px;\"><strong><span style=\"color: #000000;\">Iepakojums<\/span><\/strong><\/span><\/p>\n<\/td>\n<\/tr>\n<tr>\n<td style=\"text-align: center;\" valign=\"top\">\n<p><span style=\"color: #000000; font-size: 16px;\">KL0203<\/span><\/p>\n<\/td>\n<td style=\"text-align: center;\" valign=\"top\">\n<p><span style=\"color: #000000; font-size: 16px;\">Tylose \u00ae MH 300, caurule<\/span><\/p>\n<\/td>\n<td style=\"text-align: center;\" valign=\"top\">\n<p><span style=\"color: #000000; font-size: 16px;\">40 ml<\/span><\/p>\n<\/td>\n<\/tr>\n<\/tbody>\n<\/table>\n<div id=\"gtx-trans\" style=\"position: absolute; left: 79px; top: 37px;\">\n<div class=\"gtx-trans-icon\"><\/div>\n<\/div>","protected":false},"excerpt":{"rendered":"<p>Tylose M\u00ae H300 t\u016bbi\u0146\u0101<\/p>","protected":false},"featured_media":11776,"template":"","meta":[],"product_brand":[],"product_cat":[149,152],"product_tag":[],"class_list":{"0":"post-12677","1":"product","2":"type-product","3":"status-publish","4":"has-post-thumbnail","6":"product_cat-restauratoriams","7":"product_cat-konservavimas","9":"first","10":"outofstock","11":"product-type-simple"},"_links":{"self":[{"href":"https:\/\/tavieta.lt\/lv\/wp-json\/wp\/v2\/product\/12677","targetHints":{"allow":["GET"]}}],"collection":[{"href":"https:\/\/tavieta.lt\/lv\/wp-json\/wp\/v2\/product"}],"about":[{"href":"https:\/\/tavieta.lt\/lv\/wp-json\/wp\/v2\/types\/product"}],"wp:featuredmedia":[{"embeddable":true,"href":"https:\/\/tavieta.lt\/lv\/wp-json\/wp\/v2\/media\/11776"}],"wp:attachment":[{"href":"https:\/\/tavieta.lt\/lv\/wp-json\/wp\/v2\/media?parent=12677"}],"wp:term":[{"taxonomy":"product_brand","embeddable":true,"href":"https:\/\/tavieta.lt\/lv\/wp-json\/wp\/v2\/product_brand?post=12677"},{"taxonomy":"product_cat","embeddable":true,"href":"https:\/\/tavieta.lt\/lv\/wp-json\/wp\/v2\/product_cat?post=12677"},{"taxonomy":"product_tag","embeddable":true,"href":"https:\/\/tavieta.lt\/lv\/wp-json\/wp\/v2\/product_tag?post=12677"}],"curies":[{"name":"wp","href":"https:\/\/api.w.org\/{rel}","templated":true}]}}