{"id":12679,"date":"2024-02-07T09:02:35","date_gmt":"2024-02-07T09:02:35","guid":{"rendered":"http:\/\/tavieta.lt\/produktas\/klucel-g-odos-konsolidantas\/"},"modified":"2024-02-07T09:02:37","modified_gmt":"2024-02-07T09:02:37","slug":"klucel-g-odos-konsolidantas","status":"publish","type":"product","link":"https:\/\/tavieta.lt\/lv\/products\/klucel-g-odos-konsolidantas\/","title":{"rendered":"Klucel G \u0101das nostiprin\u0101\u0161anas l\u012bdzeklis"},"content":{"rendered":"<p><span style=\"color: #000000;\">Klucel G ir \u0101das nostiprin\u0101\u0161anas l\u012bdzeklis, kas pieejams pulvera veid\u0101.<span class=\"Apple-converted-space\"> \u00a0 <\/span>Sajaucot ar denatur\u0113tu vai izopropilspirtu, tas veido \u017eeleju, ko lieto uz \u0101das, kas s\u0101k boj\u0101ties no sarkan\u0101s puves, vai uz \u0101das, kas apstr\u0101d\u0101jama k\u013c\u016bst pulverveida. Klucel G veido nep\u0101rtrauktu elast\u012bgu sietu p\u0101ri \u0101dai. Izmanto \u0101das konserv\u0113\u0161anai, gr\u0101matu ies\u0113jumu un \u0101das m\u0101kslas apstr\u0101dei un labo\u0161anai.<\/span><\/p>\n<table style=\"width: 87.5606936416185%; height: 95px;\" cellspacing=\"0\" cellpadding=\"0\">\n<tbody>\n<tr>\n<td style=\"text-align: center;\" valign=\"top\">\n<p><strong><span style=\"color: #000000;\">Materi\u0101la kods<\/span><\/strong><\/p>\n<\/td>\n<td style=\"text-align: center;\" valign=\"top\">\n<p><strong><span style=\"color: #000000;\">Apraksts<\/span><\/strong><\/p>\n<\/td>\n<td style=\"text-align: center;\" valign=\"top\">\n<p><strong><span style=\"color: #000000;\">Iepakojums<\/span><\/strong><\/p>\n<\/td>\n<\/tr>\n<tr>\n<td style=\"text-align: center;\" valign=\"top\">\n<p><span style=\"color: #000000;\">OST00040<\/span><\/p>\n<\/td>\n<td style=\"text-align: center;\" valign=\"top\">\n<p><span style=\"color: #000000;\"><b>Atsl\u0113ga <\/b>\u2122 <b>G<\/b><\/span><\/p>\n<\/td>\n<td style=\"text-align: center;\" valign=\"top\">\n<p><span style=\"color: #000000;\">250 gr<\/span><\/p>\n<p><span style=\"color: #000000;\">2000. gads<\/span><\/p>\n<\/td>\n<\/tr>\n<\/tbody>\n<\/table>\n<div id=\"gtx-trans\" style=\"position: absolute; left: 79px; top: 37px;\">\n<div class=\"gtx-trans-icon\"><\/div>\n<\/div>","protected":false},"excerpt":{"rendered":"<p>Klucel G \u0101das nostiprin\u0101\u0161anas l\u012bdzeklis<\/p>","protected":false},"featured_media":11780,"template":"","meta":[],"product_brand":[],"product_cat":[149,152],"product_tag":[],"class_list":{"0":"post-12679","1":"product","2":"type-product","3":"status-publish","4":"has-post-thumbnail","6":"product_cat-restauratoriams","7":"product_cat-konservavimas","9":"first","10":"outofstock","11":"product-type-simple"},"_links":{"self":[{"href":"https:\/\/tavieta.lt\/lv\/wp-json\/wp\/v2\/product\/12679","targetHints":{"allow":["GET"]}}],"collection":[{"href":"https:\/\/tavieta.lt\/lv\/wp-json\/wp\/v2\/product"}],"about":[{"href":"https:\/\/tavieta.lt\/lv\/wp-json\/wp\/v2\/types\/product"}],"wp:featuredmedia":[{"embeddable":true,"href":"https:\/\/tavieta.lt\/lv\/wp-json\/wp\/v2\/media\/11780"}],"wp:attachment":[{"href":"https:\/\/tavieta.lt\/lv\/wp-json\/wp\/v2\/media?parent=12679"}],"wp:term":[{"taxonomy":"product_brand","embeddable":true,"href":"https:\/\/tavieta.lt\/lv\/wp-json\/wp\/v2\/product_brand?post=12679"},{"taxonomy":"product_cat","embeddable":true,"href":"https:\/\/tavieta.lt\/lv\/wp-json\/wp\/v2\/product_cat?post=12679"},{"taxonomy":"product_tag","embeddable":true,"href":"https:\/\/tavieta.lt\/lv\/wp-json\/wp\/v2\/product_tag?post=12679"}],"curies":[{"name":"wp","href":"https:\/\/api.w.org\/{rel}","templated":true}]}}