{"id":12682,"date":"2024-02-07T09:02:42","date_gmt":"2024-02-07T09:02:42","guid":{"rendered":"http:\/\/tavieta.lt\/produktas\/jin-shofu-kvieciu-krakmolas\/"},"modified":"2025-01-30T13:18:59","modified_gmt":"2025-01-30T13:18:59","slug":"jin-shofu-kvieciu-krakmolas","status":"publish","type":"product","link":"https:\/\/tavieta.lt\/lv\/products\/jin-shofu-kvieciu-krakmolas\/","title":{"rendered":"Jin-shofu kvie\u0161u ciete"},"content":{"rendered":"<p><span style=\"color: #000000;\">Jap\u0101n\u0101 tradicion\u0101li l\u012bm\u0113\u0161anai izmanto Jin-Shofu jeb kvie\u0161u cietes pastu. Ciete kop\u0101 ar \u016bdeni k\u013c\u016bst dzidra, turot virs liesmas, tad atdzes\u0113 l\u012bdz gludai pastai, ko izmanto l\u012bmei<\/span><\/p>\n<table style=\"width: 94.33433752630079%; height: 94px;\" cellspacing=\"0\" cellpadding=\"0\">\n<tbody>\n<tr style=\"height: 47px;\">\n<td style=\"height: 47px; text-align: center;\" valign=\"top\">\n<p><strong><span style=\"color: #000000;\">Materi\u0101la kods<\/span><\/strong><\/p>\n<\/td>\n<td style=\"height: 47px; text-align: center;\" valign=\"top\">\n<p><strong><span style=\"color: #000000;\">Apraksts<\/span><\/strong><\/p>\n<\/td>\n<td style=\"height: 47px; text-align: center;\" valign=\"top\">\n<p><strong><span style=\"color: #000000;\">Iepakojums<\/span><\/strong><\/p>\n<\/td>\n<\/tr>\n<tr style=\"height: 47px;\">\n<td style=\"height: 47px; text-align: center;\" valign=\"top\">\n<p><span style=\"color: #000000;\">KR634778<\/span><\/p>\n<\/td>\n<td style=\"height: 47px; text-align: center;\" valign=\"top\">\n<p><span style=\"color: #000000;\"> \u00a0  \u00a0  \u00a0  \u00a0 \u00a0Jinshofu kvie\u0161u ciete<\/span><\/p>\n<\/td>\n<td style=\"height: 47px; text-align: center;\" valign=\"top\">\n<p><span style=\"color: #000000;\">100 gr<\/span><\/p>\n<\/td>\n<\/tr>\n<\/tbody>\n<\/table>\n<div id=\"gtx-trans\" style=\"position: absolute; left: 79px; top: 37px;\">\n<div class=\"gtx-trans-icon\"><\/div>\n<\/div>","protected":false},"excerpt":{"rendered":"<p>Jin-shofu kvie\u0161u pasta<\/p>","protected":false},"featured_media":11786,"template":"","meta":[],"product_brand":[],"product_cat":[149,227],"product_tag":[],"class_list":{"0":"post-12682","1":"product","2":"type-product","3":"status-publish","4":"has-post-thumbnail","6":"product_cat-restauratoriams","7":"product_cat-restauravimo-priemones","9":"first","10":"outofstock","11":"product-type-simple"},"_links":{"self":[{"href":"https:\/\/tavieta.lt\/lv\/wp-json\/wp\/v2\/product\/12682","targetHints":{"allow":["GET"]}}],"collection":[{"href":"https:\/\/tavieta.lt\/lv\/wp-json\/wp\/v2\/product"}],"about":[{"href":"https:\/\/tavieta.lt\/lv\/wp-json\/wp\/v2\/types\/product"}],"wp:featuredmedia":[{"embeddable":true,"href":"https:\/\/tavieta.lt\/lv\/wp-json\/wp\/v2\/media\/11786"}],"wp:attachment":[{"href":"https:\/\/tavieta.lt\/lv\/wp-json\/wp\/v2\/media?parent=12682"}],"wp:term":[{"taxonomy":"product_brand","embeddable":true,"href":"https:\/\/tavieta.lt\/lv\/wp-json\/wp\/v2\/product_brand?post=12682"},{"taxonomy":"product_cat","embeddable":true,"href":"https:\/\/tavieta.lt\/lv\/wp-json\/wp\/v2\/product_cat?post=12682"},{"taxonomy":"product_tag","embeddable":true,"href":"https:\/\/tavieta.lt\/lv\/wp-json\/wp\/v2\/product_tag?post=12682"}],"curies":[{"name":"wp","href":"https:\/\/api.w.org\/{rel}","templated":true}]}}