{"id":12683,"date":"2024-02-07T09:02:42","date_gmt":"2024-02-07T09:02:42","guid":{"rendered":"http:\/\/tavieta.lt\/produktas\/akrylep-545-archyvo-klijai\/"},"modified":"2025-01-30T13:19:00","modified_gmt":"2025-01-30T13:19:00","slug":"akrylep-545-archyvo-klijai","status":"publish","type":"product","link":"https:\/\/tavieta.lt\/lv\/products\/akrylep-545-archyvo-klijai\/","title":{"rendered":"Akrylep 545 - arh\u012bva l\u012bme"},"content":{"rendered":"<p><span style=\"color: #000000; font-size: 16px;\">Akrylep 545\u00d72 - Jauna veida dispersijas l\u012bme uz akril\u0101ta dispersiju b\u0101zes ar piedev\u0101m un konservantiem, galvenok\u0101rt paredz\u0113ta manu\u0101lai lieto\u0161anai.<\/span><\/p>\n<p><span style=\"color: #000000; font-size: 16px;\">Tehniskie dati: viskozit\u0101te (ISO 3219 D = 42 s-1) 780 l\u012bdz 1300 mPa \u00b7 s, pH (ISO 1148) no 7,5 l\u012bdz 8,5, sausna (ISO 1625) 49 l\u012bdz 51%.<\/span><\/p>\n<p><span style=\"color: #000000; font-size: 16px;\"> \u00a0<\/span><\/p>\n<table style=\"width: 64.04597701149426%; height: 75px;\" cellspacing=\"0\" cellpadding=\"0\">\n<tbody>\n<tr>\n<td style=\"text-align: center;\" valign=\"top\">\n<p><strong><span style=\"color: #000000; font-size: 16px;\">Materi\u0101la kods<\/span><\/strong><\/p>\n<\/td>\n<td style=\"text-align: center;\" valign=\"top\">\n<p><strong><span style=\"color: #000000; font-size: 16px;\">Apraksts<\/span><\/strong><\/p>\n<\/td>\n<td style=\"text-align: center;\" valign=\"top\">\n<p><strong><span style=\"color: #000000; font-size: 16px;\">Iepakojums<\/span><\/strong><\/p>\n<\/td>\n<\/tr>\n<tr>\n<td style=\"text-align: center;\" valign=\"top\">\n<p><span style=\"color: #000000; font-size: 16px;\">40243<\/span><\/p>\n<p><span style=\"color: #000000; font-size: 16px;\">40243a<\/span><\/p>\n<\/td>\n<td style=\"text-align: center;\" valign=\"top\">\n<p><span style=\"color: #000000; font-size: 16px;\">Akrils 545 \u00d7 2<\/span><\/p>\n<\/td>\n<td style=\"text-align: center;\" valign=\"top\">\n<p><span style=\"color: #000000; font-size: 16px;\">1 kg<\/span><\/p>\n<p><span style=\"color: #000000; font-size: 16px;\">5 kg<\/span><\/p>\n<\/td>\n<\/tr>\n<\/tbody>\n<\/table>\n<div id=\"gtx-trans\" style=\"position: absolute; left: 79px; top: 37px;\">\n<div class=\"gtx-trans-icon\"><\/div>\n<\/div>","protected":false},"excerpt":{"rendered":"<p>Akrylep 545 - arh\u012bva l\u012bme<\/p>","protected":false},"featured_media":11788,"template":"","meta":[],"product_brand":[],"product_cat":[149,227],"product_tag":[],"class_list":{"0":"post-12683","1":"product","2":"type-product","3":"status-publish","4":"has-post-thumbnail","6":"product_cat-restauratoriams","7":"product_cat-restauravimo-priemones","9":"first","10":"outofstock","11":"product-type-simple"},"_links":{"self":[{"href":"https:\/\/tavieta.lt\/lv\/wp-json\/wp\/v2\/product\/12683","targetHints":{"allow":["GET"]}}],"collection":[{"href":"https:\/\/tavieta.lt\/lv\/wp-json\/wp\/v2\/product"}],"about":[{"href":"https:\/\/tavieta.lt\/lv\/wp-json\/wp\/v2\/types\/product"}],"wp:featuredmedia":[{"embeddable":true,"href":"https:\/\/tavieta.lt\/lv\/wp-json\/wp\/v2\/media\/11788"}],"wp:attachment":[{"href":"https:\/\/tavieta.lt\/lv\/wp-json\/wp\/v2\/media?parent=12683"}],"wp:term":[{"taxonomy":"product_brand","embeddable":true,"href":"https:\/\/tavieta.lt\/lv\/wp-json\/wp\/v2\/product_brand?post=12683"},{"taxonomy":"product_cat","embeddable":true,"href":"https:\/\/tavieta.lt\/lv\/wp-json\/wp\/v2\/product_cat?post=12683"},{"taxonomy":"product_tag","embeddable":true,"href":"https:\/\/tavieta.lt\/lv\/wp-json\/wp\/v2\/product_tag?post=12683"}],"curies":[{"name":"wp","href":"https:\/\/api.w.org\/{rel}","templated":true}]}}