{"id":12684,"date":"2024-02-07T09:02:42","date_gmt":"2024-02-07T09:02:42","guid":{"rendered":"http:\/\/tavieta.lt\/produktas\/klijai-klug\/"},"modified":"2025-01-30T13:19:00","modified_gmt":"2025-01-30T13:19:00","slug":"klijai-klug","status":"publish","type":"product","link":"https:\/\/tavieta.lt\/lv\/products\/klijai-klug\/","title":{"rendered":"L\u012bme Klug"},"content":{"rendered":"<p><span style=\"color: #000000; font-size: 16px;\">Dispersijas l\u012bmes uz \u016bdens b\u0101zes. Izgatavots bez m\u012bkstin\u0101t\u0101jiem, pH neitr\u0101ls. Ide\u0101li piem\u0113rots manu\u0101lai vai ma\u0161\u012bngr\u0101matu iesie\u0161anai un lamin\u0113\u0161anai. L\u012bme tika \u012bpa\u0161i izstr\u0101d\u0101ta fotopriek\u0161metu ilgsto\u0161ai uzglab\u0101\u0161anai un arhiv\u0113\u0161anai.<\/span><\/p>\n<table style=\"width: 85.06666666666666%; height: 70px;\" cellspacing=\"0\" cellpadding=\"0\">\n<tbody>\n<tr>\n<td style=\"text-align: center;\" valign=\"top\">\n<p><span style=\"font-size: 16px;\"><strong><span style=\"color: #000000;\">Materi\u0101la kods<\/span><\/strong><\/span><\/p>\n<\/td>\n<td style=\"text-align: center;\" valign=\"top\">\n<p><span style=\"font-size: 16px;\"><strong><span style=\"color: #000000;\">Apraksts<\/span><\/strong><\/span><\/p>\n<\/td>\n<td style=\"text-align: center;\" valign=\"top\">\n<p><span style=\"font-size: 16px;\"><strong><span style=\"color: #000000;\">Iepakojums<\/span><\/strong><\/span><\/p>\n<\/td>\n<\/tr>\n<tr>\n<td valign=\"top\">\n<p><span style=\"color: #000000; font-size: 16px;\">KL0199 KL0200<\/span><\/p>\n<\/td>\n<td valign=\"top\">\n<p><span style=\"color: #000000; font-size: 16px;\">L\u012bmes KLUG viskozit\u0101te 3000 mPa\/s<\/span><\/p>\n<p><span style=\"color: #000000; font-size: 16px;\">L\u012bmes KLUG viskozit\u0101te 6250 mPa\/s<\/span><\/p>\n<\/td>\n<td valign=\"top\">\n<p><span style=\"color: #000000; font-size: 16px;\">0,5 kg<\/span><\/p>\n<p><span style=\"color: #000000; font-size: 16px;\">0,5 kg<\/span><\/p>\n<\/td>\n<\/tr>\n<\/tbody>\n<\/table>\n<div id=\"gtx-trans\" style=\"position: absolute; left: 79px; top: 37px;\">\n<div class=\"gtx-trans-icon\"><\/div>\n<\/div>","protected":false},"excerpt":{"rendered":"<p>L\u012bme Klug<\/p>","protected":false},"featured_media":11790,"template":"","meta":[],"product_brand":[],"product_cat":[149,227],"product_tag":[],"class_list":{"0":"post-12684","1":"product","2":"type-product","3":"status-publish","4":"has-post-thumbnail","6":"product_cat-restauratoriams","7":"product_cat-restauravimo-priemones","9":"first","10":"outofstock","11":"product-type-simple"},"_links":{"self":[{"href":"https:\/\/tavieta.lt\/lv\/wp-json\/wp\/v2\/product\/12684","targetHints":{"allow":["GET"]}}],"collection":[{"href":"https:\/\/tavieta.lt\/lv\/wp-json\/wp\/v2\/product"}],"about":[{"href":"https:\/\/tavieta.lt\/lv\/wp-json\/wp\/v2\/types\/product"}],"wp:featuredmedia":[{"embeddable":true,"href":"https:\/\/tavieta.lt\/lv\/wp-json\/wp\/v2\/media\/11790"}],"wp:attachment":[{"href":"https:\/\/tavieta.lt\/lv\/wp-json\/wp\/v2\/media?parent=12684"}],"wp:term":[{"taxonomy":"product_brand","embeddable":true,"href":"https:\/\/tavieta.lt\/lv\/wp-json\/wp\/v2\/product_brand?post=12684"},{"taxonomy":"product_cat","embeddable":true,"href":"https:\/\/tavieta.lt\/lv\/wp-json\/wp\/v2\/product_cat?post=12684"},{"taxonomy":"product_tag","embeddable":true,"href":"https:\/\/tavieta.lt\/lv\/wp-json\/wp\/v2\/product_tag?post=12684"}],"curies":[{"name":"wp","href":"https:\/\/api.w.org\/{rel}","templated":true}]}}