{"id":12685,"date":"2024-02-07T09:02:42","date_gmt":"2024-02-07T09:02:42","guid":{"rendered":"http:\/\/tavieta.lt\/produktas\/odos-klijai\/"},"modified":"2025-01-30T13:19:01","modified_gmt":"2025-01-30T13:19:01","slug":"odos-klijai","status":"publish","type":"product","link":"https:\/\/tavieta.lt\/lv\/products\/odos-klijai\/","title":{"rendered":"\u0100das l\u012bme"},"content":{"rendered":"<p><span style=\"color: #000000; font-size: 16px;\">\u0100das l\u012bme ir lipek\u013ca un zem\u0101kas \u0161\u0137el\u0161an\u0101s produktu mais\u012bjums. Izgatavota, mazg\u0101jot miec\u0113tu \u0101du ar karstu \u016bdeni. Ieg\u016bto \u016bdens perkol\u0101tu koncentr\u0113, atdzes\u0113 un \u017e\u0101v\u0113. L\u012bme ir gai\u0161i dzelten\u0101 l\u012bdz tum\u0161i br\u016bn\u0101 kr\u0101s\u0101. L\u012bme ir granul\u0113ta, ar neregul\u0101ra izm\u0113ra graudi\u0146iem, ar drupin\u0101tiem (graudu diametrs apm. 1,5-2,5 mm) un nesasmalcin\u0101tiem graudiem (graudu diametrs apm. 3,5-4,5 mm). Kaulu l\u012bme var b\u016bt ar\u012b \u013coti labs aizst\u0101j\u0113js.<\/span><\/p>\n<table style=\"width: 97.73810424095166%; height: 139px;\" cellspacing=\"0\" cellpadding=\"0\">\n<tbody>\n<tr style=\"height: 32px;\">\n<td style=\"text-align: center; height: 32px;\" valign=\"top\">\n<p><strong><span style=\"color: #000000; font-size: 16px;\">Materi\u0101la kods<\/span><\/strong><\/p>\n<\/td>\n<td style=\"text-align: center; height: 32px;\" valign=\"top\">\n<p><strong><span style=\"color: #000000; font-size: 16px;\">Apraksts<\/span><\/strong><\/p>\n<\/td>\n<td style=\"text-align: center; height: 32px;\" valign=\"top\">\n<p><strong><span style=\"color: #000000; font-size: 16px;\">Iepakojums<\/span><\/strong><\/p>\n<\/td>\n<\/tr>\n<tr style=\"height: 80px;\">\n<td style=\"text-align: center; height: 80px;\" valign=\"top\">\n<p><span style=\"color: #000000; font-size: 16px;\">10736<\/span><\/p>\n<\/td>\n<td style=\"text-align: center; height: 80px;\" valign=\"top\">\n<p><span style=\"color: #000000; font-size: 16px;\">\u0100das l\u012bme K2, granulas, asi graudi<\/span><\/p>\n<\/td>\n<td style=\"text-align: center; height: 80px;\" valign=\"top\">\n<p><span style=\"color: #000000; font-size: 16px;\">250 gr<\/span><\/p>\n<p><span style=\"color: #000000; font-size: 16px;\">2 kg<\/span><\/p>\n<p><span style=\"color: #000000; font-size: 16px;\">25 kg<\/span><\/p>\n<\/td>\n<\/tr>\n<tr style=\"height: 80px;\">\n<td style=\"text-align: center; height: 80px;\" valign=\"top\">\n<p><span style=\"color: #000000; font-size: 16px;\">10737<\/span><\/p>\n<\/td>\n<td style=\"text-align: center; height: 80px;\" valign=\"top\">\n<p><span style=\"color: #000000; font-size: 16px;\">\u0100das l\u012bme TOPAZ II, drupin\u0101ta, vid\u0113ja viskozit\u0101te<\/span><\/p>\n<\/td>\n<td style=\"text-align: center; height: 80px;\" valign=\"top\">\n<p><span style=\"color: #000000; font-size: 16px;\">250 gr<\/span><\/p>\n<p><span style=\"color: #000000; font-size: 16px;\">2 kg<\/span><\/p>\n<p><span style=\"color: #000000; font-size: 16px;\">30 kg<\/span><\/p>\n<\/td>\n<\/tr>\n<\/tbody>\n<\/table>\n<div id=\"gtx-trans\" style=\"position: absolute; left: 79px; top: 37px;\">\n<div class=\"gtx-trans-icon\"><\/div>\n<\/div>","protected":false},"excerpt":{"rendered":"<p>Sl\u0113pt\u0101 l\u012bme<\/p>","protected":false},"featured_media":11792,"template":"","meta":[],"product_brand":[],"product_cat":[149,227],"product_tag":[],"class_list":{"0":"post-12685","1":"product","2":"type-product","3":"status-publish","4":"has-post-thumbnail","6":"product_cat-restauratoriams","7":"product_cat-restauravimo-priemones","9":"first","10":"outofstock","11":"product-type-simple"},"_links":{"self":[{"href":"https:\/\/tavieta.lt\/lv\/wp-json\/wp\/v2\/product\/12685","targetHints":{"allow":["GET"]}}],"collection":[{"href":"https:\/\/tavieta.lt\/lv\/wp-json\/wp\/v2\/product"}],"about":[{"href":"https:\/\/tavieta.lt\/lv\/wp-json\/wp\/v2\/types\/product"}],"wp:featuredmedia":[{"embeddable":true,"href":"https:\/\/tavieta.lt\/lv\/wp-json\/wp\/v2\/media\/11792"}],"wp:attachment":[{"href":"https:\/\/tavieta.lt\/lv\/wp-json\/wp\/v2\/media?parent=12685"}],"wp:term":[{"taxonomy":"product_brand","embeddable":true,"href":"https:\/\/tavieta.lt\/lv\/wp-json\/wp\/v2\/product_brand?post=12685"},{"taxonomy":"product_cat","embeddable":true,"href":"https:\/\/tavieta.lt\/lv\/wp-json\/wp\/v2\/product_cat?post=12685"},{"taxonomy":"product_tag","embeddable":true,"href":"https:\/\/tavieta.lt\/lv\/wp-json\/wp\/v2\/product_tag?post=12685"}],"curies":[{"name":"wp","href":"https:\/\/api.w.org\/{rel}","templated":true}]}}