{"id":12686,"date":"2024-02-07T09:02:54","date_gmt":"2024-02-07T09:02:54","guid":{"rendered":"http:\/\/tavieta.lt\/produktas\/knygrisyklos-klijai\/"},"modified":"2025-01-30T13:18:57","modified_gmt":"2025-01-30T13:18:57","slug":"knygrisyklos-klijai","status":"publish","type":"product","link":"https:\/\/tavieta.lt\/lv\/products\/knygrisyklos-klijai\/","title":{"rendered":"Gr\u0101matu iesie\u0161anas l\u012bme"},"content":{"rendered":"<p><span style=\"color: #000000; font-size: 16px;\"> \u00a0Planatol Elasta N - Dispersijas l\u012bme Planatol Elasta N (polivinilacet\u0101ts), neitr\u0101la pH l\u012bm\u0113\u0161anai, stipra l\u012bme, \u0161\u0137\u012bst \u016bden\u012b l\u012bdz 30%, un apstr\u0101d\u0101jam\u012bbu var samazin\u0101t, pievienojot l\u012bmi, manu\u0101la gr\u0101matu un pl\u0101k\u0161\u0146u izgatavo\u0161ana. bloku l\u012bm\u0113\u0161ana.<\/span><\/p>\n<p><span style=\"color: #000000; font-size: 16px;\"> \u00a0Planatol Planaxol - Speci\u0101la sint\u0113tisko sve\u0137u l\u012bme, caursp\u012bd\u012bga, satur plastifikatoru. L\u012bm\u0113jot manu\u0101li, sasien blokus un p\u0101rkl\u0101j PH 7 pl\u0101ksnes ar pap\u012bru, audumu.<\/span><\/p>\n<p><span style=\"color: #000000; font-size: 16px;\">Rp19 S \u2013 Disper\u0123\u0113to l\u012bmes cieto da\u013ci\u0146u daudzums 30%, pH 5 9, viskozit\u0101te min. 0.6 galvenok\u0101rt paredz\u0113ts izmanto\u0161anai ma\u0161\u012bniesie\u0161an\u0101, \u012bpa\u0161i izstr\u0101d\u0101ts atbilsto\u0161i Pr\u0101gas pa\u0161vald\u012bbas bibliot\u0113kas pras\u012bb\u0101m.<\/span><\/p>\n<table style=\"width: 86.76744186046511%; height: 194px;\" cellspacing=\"0\" cellpadding=\"0\">\n<tbody>\n<tr>\n<td style=\"text-align: center;\" valign=\"top\">\n<p><strong><span style=\"color: #000000; font-size: 16px;\">Materi\u0101la kods<\/span><\/strong><\/p>\n<\/td>\n<td style=\"text-align: center;\" valign=\"top\">\n<p><strong><span style=\"color: #000000; font-size: 16px;\">Apraksts<\/span><\/strong><\/p>\n<\/td>\n<td style=\"text-align: center;\" valign=\"top\">\n<p><strong><span style=\"color: #000000; font-size: 16px;\">Iepakojums<\/span><\/strong><\/p>\n<\/td>\n<\/tr>\n<tr>\n<td style=\"text-align: center;\" valign=\"top\">\n<p><span style=\"color: #000000; font-size: 16px;\">10570<\/span><\/p>\n<p><span style=\"color: #000000; font-size: 16px;\">10570<\/span><\/p>\n<p><span style=\"color: #000000; font-size: 16px;\">10570<\/span><\/p>\n<\/td>\n<td style=\"text-align: center;\" valign=\"top\">\n<p><span style=\"color: #000000; font-size: 16px;\">Elasts N 1 kg<\/span><\/p>\n<p><span style=\"color: #000000; font-size: 16px;\">Elasts N 5 kg<\/span><\/p>\n<p><span style=\"color: #000000; font-size: 16px;\">Elasts N 30 kg<\/span><\/p>\n<\/td>\n<td style=\"text-align: center;\" valign=\"top\">\n<p><span style=\"color: #000000; font-size: 16px;\">1 kg<\/span><\/p>\n<p><span style=\"color: #000000; font-size: 16px;\">5 kg<\/span><\/p>\n<p><span style=\"color: #000000; font-size: 16px;\">30 kg<\/span><\/p>\n<\/td>\n<\/tr>\n<tr>\n<td style=\"text-align: center;\" valign=\"top\">\n<p><span style=\"color: #000000; font-size: 16px;\">OST00147 <\/span><\/p>\n<p><span style=\"color: #000000; font-size: 16px;\">OST00147<\/span><\/p>\n<\/td>\n<td style=\"text-align: center;\" valign=\"top\">\n<p><span style=\"color: #000000; font-size: 16px;\">Planaksols 1 kg<\/span><\/p>\n<p><span style=\"color: #000000; font-size: 16px;\">Planaksols 5 kg<\/span><\/p>\n<\/td>\n<td style=\"text-align: center;\" valign=\"top\">\n<p><span style=\"color: #000000; font-size: 16px;\">1 kg<\/span><\/p>\n<p><span style=\"color: #000000; font-size: 16px;\">5 kg<\/span><\/p>\n<\/td>\n<\/tr>\n<tr>\n<td style=\"text-align: center;\" valign=\"top\">\n<p><span style=\"color: #000000; font-size: 16px;\">40241<\/span><\/p>\n<\/td>\n<td style=\"text-align: center;\" valign=\"top\">\n<p><span style=\"color: #000000; font-size: 16px;\">RP19 S-10kg<\/span><\/p>\n<\/td>\n<td style=\"text-align: center;\" valign=\"top\">\n<p><span style=\"color: #000000; font-size: 16px;\">10 kg<\/span><\/p>\n<\/td>\n<\/tr>\n<\/tbody>\n<\/table>\n<div id=\"gtx-trans\" style=\"position: absolute; left: 79px; top: 37px;\">\n<div class=\"gtx-trans-icon\"><\/div>\n<\/div>","protected":false},"excerpt":{"rendered":"<p>Gr\u0101matu iesie\u0161anas l\u012bme<\/p>","protected":false},"featured_media":11794,"template":"","meta":[],"product_brand":[],"product_cat":[149,227],"product_tag":[],"class_list":{"0":"post-12686","1":"product","2":"type-product","3":"status-publish","4":"has-post-thumbnail","6":"product_cat-restauratoriams","7":"product_cat-restauravimo-priemones","9":"first","10":"outofstock","11":"product-type-simple"},"_links":{"self":[{"href":"https:\/\/tavieta.lt\/lv\/wp-json\/wp\/v2\/product\/12686","targetHints":{"allow":["GET"]}}],"collection":[{"href":"https:\/\/tavieta.lt\/lv\/wp-json\/wp\/v2\/product"}],"about":[{"href":"https:\/\/tavieta.lt\/lv\/wp-json\/wp\/v2\/types\/product"}],"wp:featuredmedia":[{"embeddable":true,"href":"https:\/\/tavieta.lt\/lv\/wp-json\/wp\/v2\/media\/11794"}],"wp:attachment":[{"href":"https:\/\/tavieta.lt\/lv\/wp-json\/wp\/v2\/media?parent=12686"}],"wp:term":[{"taxonomy":"product_brand","embeddable":true,"href":"https:\/\/tavieta.lt\/lv\/wp-json\/wp\/v2\/product_brand?post=12686"},{"taxonomy":"product_cat","embeddable":true,"href":"https:\/\/tavieta.lt\/lv\/wp-json\/wp\/v2\/product_cat?post=12686"},{"taxonomy":"product_tag","embeddable":true,"href":"https:\/\/tavieta.lt\/lv\/wp-json\/wp\/v2\/product_tag?post=12686"}],"curies":[{"name":"wp","href":"https:\/\/api.w.org\/{rel}","templated":true}]}}