{"id":12687,"date":"2024-02-07T09:02:54","date_gmt":"2024-02-07T09:02:54","guid":{"rendered":"http:\/\/tavieta.lt\/produktas\/kliju-puodas\/"},"modified":"2024-03-29T09:35:32","modified_gmt":"2024-03-29T09:35:32","slug":"kliju-puodas","status":"publish","type":"product","link":"https:\/\/tavieta.lt\/lv\/products\/kliju-puodas\/","title":{"rendered":"L\u012bmes pods"},"content":{"rendered":"<p><span style=\"font-size: 16px; color: #000000;\">L\u012bmes trauks 0,25 litru vai 1 litra tilpums, piem\u0113rots konserv\u0113\u0161anai. Katli tiek izmantoti vienk\u0101r\u0161ai un maigai l\u012bmju un vasku kars\u0113\u0161anai \u016bdens vann\u0101. Katli ir paredz\u0113ti lielai noslodzei un profesion\u0101lai lieto\u0161anai. Misi\u0146a pods ar plastmasas rokturi, nesl\u012bdo\u0161u dibenu un keramikas kaseti.<\/span><\/p>\n<p><span style=\"font-size: 16px; color: #000000;\">Maksim\u0101l\u0101 temperat\u016bra 85 \u00b0C. Termostats uztur temperat\u016bru \u00a0<\/span><\/p>\n<p><span style=\"font-size: 16px; color: #000000;\"> \u00a0l\u012bdz tuv\u0101kajam 3 \u00b0C<\/span><\/p>\n<p><span style=\"font-size: 16px; color: #000000;\"> \u00a0Podu var sadal\u012bt da\u013c\u0101s un ieg\u0101d\u0101ties plastmasas trauku ar v\u0101ku, stikla trauku ar v\u0101ku vai ner\u016bs\u0113jo\u0161\u0101 t\u0113rauda trauku.<\/span><\/p>\n<p><span style=\"font-size: 16px; color: #000000;\"> \u00a0<\/span><\/p>\n<table style=\"width: 86.55737704918033%; height: 228px;\" cellspacing=\"0\" cellpadding=\"0\">\n<tbody>\n<tr>\n<td style=\"text-align: center;\" valign=\"top\">\n<p><strong><span style=\"font-size: 16px; color: #000000;\">Materi\u0101la kods<\/span><\/strong><\/p>\n<\/td>\n<td style=\"text-align: center;\" valign=\"top\">\n<p><strong><span style=\"font-size: 16px; color: #000000;\">Apraksts<\/span><\/strong><\/p>\n<\/td>\n<td style=\"text-align: center;\" valign=\"top\">\n<p><strong><span style=\"font-size: 16px; color: #000000;\">Iepakojums<\/span><\/strong><\/p>\n<\/td>\n<\/tr>\n<tr>\n<td style=\"text-align: center;\" valign=\"top\">\n<p><span style=\"font-size: 16px; color: #000000;\">GW025 GW100<\/span><\/p>\n<\/td>\n<td style=\"text-align: center;\" valign=\"top\">\n<p><span style=\"font-size: 16px; color: #000000;\">L\u012bmes pods 0,25l ar keramisko k\u0101rtrid\u017eu<\/span><\/p>\n<p><span style=\"font-size: 16px; color: #000000;\">L\u012bmes pods 1l ar keramisko k\u0101rtrid\u017eu<\/span><\/p>\n<\/td>\n<td style=\"text-align: center;\" valign=\"top\">\n<p><span style=\"font-size: 16px; color: #000000;\">0,25 l<\/span><\/p>\n<p><span style=\"font-size: 16px; color: #000000;\">1 litrs<\/span><\/p>\n<\/td>\n<\/tr>\n<tr>\n<td style=\"text-align: center;\" valign=\"top\">\n<p><span style=\"font-size: 16px; color: #000000;\">GW025P GW100P<\/span><\/p>\n<\/td>\n<td style=\"text-align: center;\" valign=\"top\">\n<p><span style=\"font-size: 16px; color: #000000;\">Atk\u0101rtota plastmasas k\u0101rtrid\u017es 0,25l ar v\u0101ku<\/span><\/p>\n<p><span style=\"font-size: 16px; color: #000000;\">Atk\u0101rtota plastmasas k\u0101rtrid\u017es 1l ar v\u0101ku<\/span><\/p>\n<\/td>\n<td style=\"text-align: center;\" valign=\"top\">\n<p><span style=\"font-size: 16px; color: #000000;\">1 gab.<\/span><\/p>\n<p><span style=\"font-size: 16px; color: #000000;\">1 gab.<\/span><\/p>\n<\/td>\n<\/tr>\n<tr>\n<td style=\"text-align: center;\" valign=\"top\">\n<p><span style=\"font-size: 16px; color: #000000;\">GW025S GW100S<\/span><\/p>\n<\/td>\n<td style=\"text-align: center;\" valign=\"top\">\n<p><span style=\"font-size: 16px; color: #000000;\">Stikla k\u0101rtrid\u017es 0,25l ar v\u0101ku<\/span><\/p>\n<p><span style=\"font-size: 16px; color: #000000;\">Stikla k\u0101rtrid\u017es 1l ar v\u0101ku<\/span><\/p>\n<\/td>\n<td style=\"text-align: center;\" valign=\"top\">\n<p><span style=\"font-size: 16px; color: #000000;\">1 gab.<\/span><\/p>\n<p><span style=\"font-size: 16px; color: #000000;\">1 gab.<\/span><\/p>\n<\/td>\n<\/tr>\n<tr>\n<td style=\"text-align: center;\" valign=\"top\">\n<p><span style=\"font-size: 16px; color: #000000;\">GW025N GW100N<\/span><\/p>\n<\/td>\n<td style=\"text-align: center;\" valign=\"top\">\n<p><span style=\"font-size: 16px; color: #000000;\">Ner\u016bs\u0113jo\u0161\u0101 t\u0113rauda k\u0101rtrid\u017es 0,25l ar v\u0101ci\u0146u<\/span><\/p>\n<p><span style=\"font-size: 16px; color: #000000;\">Ner\u016bs\u0113jo\u0161\u0101 t\u0113rauda k\u0101rtrid\u017es 1l ar v\u0101ci\u0146u<\/span><\/p>\n<\/td>\n<td style=\"text-align: center;\" valign=\"top\">\n<p><span style=\"font-size: 16px; color: #000000;\">1 gab.<\/span><\/p>\n<p><span style=\"font-size: 16px; color: #000000;\">1 gab.<\/span><\/p>\n<\/td>\n<\/tr>\n<\/tbody>\n<\/table>\n<div id=\"gtx-trans\" style=\"position: absolute; left: 79px; top: 37px;\">\n<div class=\"gtx-trans-icon\"><\/div>\n<\/div>","protected":false},"excerpt":{"rendered":"<p>L\u012bmes pods<\/p>","protected":false},"featured_media":11796,"template":"","meta":[],"product_brand":[],"product_cat":[149,170],"product_tag":[],"class_list":{"0":"post-12687","1":"product","2":"type-product","3":"status-publish","4":"has-post-thumbnail","6":"product_cat-restauratoriams","7":"product_cat-restauravimo-iranga","9":"first","10":"outofstock","11":"product-type-simple"},"_links":{"self":[{"href":"https:\/\/tavieta.lt\/lv\/wp-json\/wp\/v2\/product\/12687","targetHints":{"allow":["GET"]}}],"collection":[{"href":"https:\/\/tavieta.lt\/lv\/wp-json\/wp\/v2\/product"}],"about":[{"href":"https:\/\/tavieta.lt\/lv\/wp-json\/wp\/v2\/types\/product"}],"wp:featuredmedia":[{"embeddable":true,"href":"https:\/\/tavieta.lt\/lv\/wp-json\/wp\/v2\/media\/11796"}],"wp:attachment":[{"href":"https:\/\/tavieta.lt\/lv\/wp-json\/wp\/v2\/media?parent=12687"}],"wp:term":[{"taxonomy":"product_brand","embeddable":true,"href":"https:\/\/tavieta.lt\/lv\/wp-json\/wp\/v2\/product_brand?post=12687"},{"taxonomy":"product_cat","embeddable":true,"href":"https:\/\/tavieta.lt\/lv\/wp-json\/wp\/v2\/product_cat?post=12687"},{"taxonomy":"product_tag","embeddable":true,"href":"https:\/\/tavieta.lt\/lv\/wp-json\/wp\/v2\/product_tag?post=12687"}],"curies":[{"name":"wp","href":"https:\/\/api.w.org\/{rel}","templated":true}]}}