{"id":12689,"date":"2024-02-07T09:02:54","date_gmt":"2024-02-07T09:02:54","guid":{"rendered":"http:\/\/tavieta.lt\/produktas\/lineco-gryna-metilceliulioze\/"},"modified":"2025-01-30T13:18:58","modified_gmt":"2025-01-30T13:18:58","slug":"lineco-gryna-metilceliulioze","status":"publish","type":"product","link":"https:\/\/tavieta.lt\/lv\/products\/lineco-gryna-metilceliulioze\/","title":{"rendered":"Lineco\u00ae t\u012bra metilceluloze"},"content":{"rendered":"<p><span style=\"color: #000000; font-size: 16px;\">pH neitr\u0101ls Atgriezeniska l\u012bmjava, kas no\u017e\u016bstot k\u013c\u016bst caursp\u012bd\u012bga. \u00a0<\/span><\/p>\n<p><span style=\"color: #000000; font-size: 16px;\">Arh\u012bva dokumentu fiks\u0113\u0161anai un l\u012bm\u0113\u0161anai.  \u00a0<\/span><\/p>\n<table style=\"width: 63.23456790123457%; height: 97px;\" cellspacing=\"0\" cellpadding=\"0\">\n<tbody>\n<tr>\n<td style=\"text-align: center;\" valign=\"top\">\n<p><strong><span style=\"color: #000000; font-size: 16px;\">Materi\u0101la kods<\/span><\/strong><\/p>\n<\/td>\n<td style=\"text-align: center;\" valign=\"top\">\n<p><strong><span style=\"color: #000000; font-size: 16px;\">Apraksts<\/span><\/strong><\/p>\n<\/td>\n<td style=\"text-align: center;\" valign=\"top\">\n<p><strong><span style=\"color: #000000; font-size: 16px;\">Iepakojums<\/span><\/strong><\/p>\n<\/td>\n<\/tr>\n<tr>\n<td style=\"text-align: center;\" valign=\"top\">\n<p><span style=\"color: #000000; font-size: 16px;\">L793-1001<\/span><\/p>\n<\/td>\n<td style=\"text-align: center;\" valign=\"top\">\n<p><span style=\"color: #000000; font-size: 16px;\">Lineco \u00ae t\u012bra metilceluloze<\/span><\/p>\n<\/td>\n<td style=\"text-align: center;\" valign=\"top\">\n<p><span style=\"color: #000000; font-size: 16px;\">44 ml<\/span><\/p>\n<\/td>\n<\/tr>\n<\/tbody>\n<\/table>\n<div id=\"gtx-trans\" style=\"position: absolute; left: 79px; top: 37px;\">\n<div class=\"gtx-trans-icon\"><\/div>\n<\/div>","protected":false},"excerpt":{"rendered":"<p>Lineco\u00ae t\u012bra metilceluloze<\/p>","protected":false},"featured_media":11800,"template":"","meta":[],"product_brand":[],"product_cat":[149,227],"product_tag":[],"class_list":{"0":"post-12689","1":"product","2":"type-product","3":"status-publish","4":"has-post-thumbnail","6":"product_cat-restauratoriams","7":"product_cat-restauravimo-priemones","9":"first","10":"outofstock","11":"product-type-simple"},"_links":{"self":[{"href":"https:\/\/tavieta.lt\/lv\/wp-json\/wp\/v2\/product\/12689","targetHints":{"allow":["GET"]}}],"collection":[{"href":"https:\/\/tavieta.lt\/lv\/wp-json\/wp\/v2\/product"}],"about":[{"href":"https:\/\/tavieta.lt\/lv\/wp-json\/wp\/v2\/types\/product"}],"wp:featuredmedia":[{"embeddable":true,"href":"https:\/\/tavieta.lt\/lv\/wp-json\/wp\/v2\/media\/11800"}],"wp:attachment":[{"href":"https:\/\/tavieta.lt\/lv\/wp-json\/wp\/v2\/media?parent=12689"}],"wp:term":[{"taxonomy":"product_brand","embeddable":true,"href":"https:\/\/tavieta.lt\/lv\/wp-json\/wp\/v2\/product_brand?post=12689"},{"taxonomy":"product_cat","embeddable":true,"href":"https:\/\/tavieta.lt\/lv\/wp-json\/wp\/v2\/product_cat?post=12689"},{"taxonomy":"product_tag","embeddable":true,"href":"https:\/\/tavieta.lt\/lv\/wp-json\/wp\/v2\/product_tag?post=12689"}],"curies":[{"name":"wp","href":"https:\/\/api.w.org\/{rel}","templated":true}]}}