{"id":12691,"date":"2024-02-07T09:03:00","date_gmt":"2024-02-07T09:03:00","guid":{"rendered":"http:\/\/tavieta.lt\/produktas\/lineco-neutralaus-ph-klijai\/"},"modified":"2025-01-30T13:18:55","modified_gmt":"2025-01-30T13:18:55","slug":"lineco-neutralaus-ph-klijai","status":"publish","type":"product","link":"https:\/\/tavieta.lt\/lv\/products\/lineco-neutralaus-ph-klijai\/","title":{"rendered":"Lineco neitr\u0101la pH l\u012bme"},"content":{"rendered":"<p><span style=\"color: #000000; font-size: 16px;\">L\u012bme bez sk\u0101buma ar lielisku adh\u0113ziju. Iz\u017euvus\u012b l\u012bme ir caursp\u012bd\u012bga. L\u012bmes formula ir \u012bpa\u0161i izstr\u0101d\u0101ta materi\u0101lu ilgsto\u0161ai uzglab\u0101\u0161anai un gadu gait\u0101 nenov\u0101jin\u0101s. Var l\u012bm\u0113t uz vairuma porainu virsmu. Liel\u0101kiem daudzumiem ir pieejams s\u016bk\u0146a s\u016bknis.<\/span><\/p>\n<table style=\"width: 88.62237762237763%; height: 183px;\" cellspacing=\"0\" cellpadding=\"0\">\n<tbody>\n<tr style=\"height: 32px;\">\n<td style=\"text-align: center; height: 32px;\" valign=\"top\">\n<p><strong><span style=\"color: #000000; font-size: 16px;\">Materi\u0101la kods<\/span><\/strong><\/p>\n<\/td>\n<td style=\"text-align: center; height: 32px;\" valign=\"top\">\n<p><strong><span style=\"color: #000000; font-size: 16px;\">Apraksts<\/span><\/strong><\/p>\n<\/td>\n<td style=\"text-align: center; height: 32px;\" valign=\"top\">\n<p><strong><span style=\"color: #000000; font-size: 16px;\">Iepakojums<\/span><\/strong><\/p>\n<\/td>\n<\/tr>\n<tr style=\"height: 32px;\">\n<td style=\"text-align: center; height: 119px;\" rowspan=\"3\" valign=\"top\">\n<p><span style=\"color: #000000; font-size: 16px;\">L901-1007<\/span><\/p>\n<p>&nbsp;<\/p>\n<p><span style=\"color: #000000; font-size: 16px;\">L901-1008<\/span><\/p>\n<p><span style=\"color: #000000; font-size: 16px;\">L901-1032<\/span><\/p>\n<p>&nbsp;<\/p>\n<p><span style=\"color: #000000; font-size: 16px;\">L901-1128<\/span><\/p>\n<\/td>\n<td style=\"text-align: center; height: 119px;\" rowspan=\"3\" valign=\"top\">\n<p>&nbsp;<\/p>\n<p>&nbsp;<\/p>\n<p><span style=\"color: #000000; font-size: 16px;\">Lineco \u00ae ph neitr\u0101la l\u012bme<\/span><\/p>\n<\/td>\n<td style=\"text-align: center; height: 32px;\" valign=\"top\">\n<p><span style=\"color: #000000; font-size: 16px;\">118 ml<\/span><\/p>\n<\/td>\n<\/tr>\n<tr style=\"height: 56px;\">\n<td style=\"text-align: center; height: 56px;\" valign=\"top\">\n<p><span style=\"color: #000000; font-size: 16px;\">236 ml<\/span><\/p>\n<p><span style=\"color: #000000; font-size: 16px;\">0,94 l<\/span><\/p>\n<\/td>\n<\/tr>\n<tr style=\"height: 31px;\">\n<td style=\"text-align: center; height: 31px;\" valign=\"top\">\n<p>&nbsp;<\/p>\n<p><span style=\"color: #000000; font-size: 16px;\">3,78 l<\/span><\/p>\n<\/td>\n<\/tr>\n<tr style=\"height: 32px;\">\n<td style=\"text-align: center; height: 32px;\" valign=\"top\">\n<p><span style=\"color: #000000; font-size: 16px;\">L411-1000<\/span><\/p>\n<\/td>\n<td style=\"text-align: center; height: 32px;\" valign=\"top\">\n<p><span style=\"color: #000000; font-size: 16px;\">Lineco p\u00ae ompa pudel\u0113m 0,94l un 3,78l<\/span><\/p>\n<\/td>\n<td style=\"text-align: center; height: 32px;\" valign=\"top\">\n<p><span style=\"color: #000000; font-size: 16px;\">1 gab.<\/span><\/p>\n<\/td>\n<\/tr>\n<\/tbody>\n<\/table>\n<div id=\"gtx-trans\" style=\"position: absolute; left: 79px; top: 37px;\">\n<div class=\"gtx-trans-icon\"><\/div>\n<\/div>","protected":false},"excerpt":{"rendered":"<p>Lineco neitr\u0101la pH l\u012bme<\/p>","protected":false},"featured_media":11804,"template":"","meta":[],"product_brand":[],"product_cat":[149,227],"product_tag":[],"class_list":{"0":"post-12691","1":"product","2":"type-product","3":"status-publish","4":"has-post-thumbnail","6":"product_cat-restauratoriams","7":"product_cat-restauravimo-priemones","9":"first","10":"outofstock","11":"product-type-simple"},"_links":{"self":[{"href":"https:\/\/tavieta.lt\/lv\/wp-json\/wp\/v2\/product\/12691","targetHints":{"allow":["GET"]}}],"collection":[{"href":"https:\/\/tavieta.lt\/lv\/wp-json\/wp\/v2\/product"}],"about":[{"href":"https:\/\/tavieta.lt\/lv\/wp-json\/wp\/v2\/types\/product"}],"wp:featuredmedia":[{"embeddable":true,"href":"https:\/\/tavieta.lt\/lv\/wp-json\/wp\/v2\/media\/11804"}],"wp:attachment":[{"href":"https:\/\/tavieta.lt\/lv\/wp-json\/wp\/v2\/media?parent=12691"}],"wp:term":[{"taxonomy":"product_brand","embeddable":true,"href":"https:\/\/tavieta.lt\/lv\/wp-json\/wp\/v2\/product_brand?post=12691"},{"taxonomy":"product_cat","embeddable":true,"href":"https:\/\/tavieta.lt\/lv\/wp-json\/wp\/v2\/product_cat?post=12691"},{"taxonomy":"product_tag","embeddable":true,"href":"https:\/\/tavieta.lt\/lv\/wp-json\/wp\/v2\/product_tag?post=12691"}],"curies":[{"name":"wp","href":"https:\/\/api.w.org\/{rel}","templated":true}]}}