{"id":12695,"date":"2024-02-07T09:03:00","date_gmt":"2024-02-07T09:03:00","guid":{"rendered":"http:\/\/tavieta.lt\/produktas\/beva-371-gustav-bergers-original-formula-371\/"},"modified":"2025-01-30T13:18:54","modified_gmt":"2025-01-30T13:18:54","slug":"beva-371-gustav-bergers-original-formula-371","status":"publish","type":"product","link":"https:\/\/tavieta.lt\/lv\/products\/beva-371-gustav-bergers-original-formula-371\/","title":{"rendered":"BEVA\u00ae\u00a0371 (GUSTAVA BERGERA ORI\u0122IN\u0100L\u0100 FORMULA\u00ae\u00a0371)"},"content":{"rendered":"<p><span style=\"color: #000000; font-size: 16px;\">BEVA\u00ae371 risin\u0101jumu izstr\u0101d\u0101ja Gustavs A. Bergers 1970. gad\u0101. Ciet\u0101s vielas sast\u0101v no 40% (p\u0113c svara) adhez\u012bva \u0161\u0137\u012bduma un ietver \u0161\u0101das sast\u0101vda\u013cas: etil\u0113na vinilacet\u0101ta kopolim\u0113rs (Elvax 150), cikloheksanona sve\u0137i (Lapropal K80). , etil\u0113na vinilacet\u0101ta kopolim\u0113rs (AC kopolim\u0113rs), hidroabietilspirta ftal\u0101ta esteris (Cellolyn 21) un petrolatums (paraf\u012bns). \u0160\u0137\u012bdin\u0101t\u0101ji satur 60% \u0161\u0137\u012bdumu, kas ir toluola un ligro\u012bna kombin\u0101cija.<\/span><\/p>\n<p><span style=\"color: #000000; font-size: 16px;\"> \u00a0BEVA\u00ae371 \u0161\u0137\u012bdums ir \u012bpa\u0161i noder\u012bgs k\u0101 pamats glezn\u0101m, un to var uzkl\u0101t ar otu, rull\u012bti vai aerosolu uz jebkuras virsmas. Vairum\u0101 gad\u012bjumu \u0161\u0137\u012bdums (parasti istabas temperat\u016bras g\u0113ls) ir j\u0101at\u0161\u0137aida ar vien\u0101du daudzumu ligro\u012bna vai ksilola. Katrai k\u0101rbai ir pievienotas detaliz\u0113tas instrukcijas.<\/span><\/p>\n<p><span style=\"color: #000000; font-size: 16px;\">BEVA\u00ae371 \u0161\u0137\u012bdumu var no\u0146emt no absorb\u0113jo\u0161\u0101m virsm\u0101m, izmantojot heks\u0101nu vai acetonu, ja vien \u0161ie \u0161\u0137\u012bdin\u0101t\u0101ji nesaboj\u0101 izstr\u0101d\u0101jumu. \u0160ie \u0161\u0137\u012bdin\u0101t\u0101ji ne\u0161\u0137\u012bdina l\u012bmi, bet tikai uzbriedina, t\u0101p\u0113c tie nenotraipa un nekr\u0101so absorb\u0113jo\u0161os materi\u0101lus.<\/span><\/p>\n<table cellspacing=\"0\" cellpadding=\"0\">\n<tbody>\n<tr>\n<td style=\"text-align: center;\" valign=\"top\">\n<p><strong><span style=\"color: #000000; font-size: 16px;\">Materi\u0101la kods<\/span><\/strong><\/p>\n<\/td>\n<td style=\"text-align: center;\" valign=\"top\">\n<p><strong><span style=\"color: #000000; font-size: 16px;\">Apraksts<\/span><\/strong><\/p>\n<\/td>\n<td style=\"text-align: center;\" valign=\"top\">\n<p><strong><span style=\"color: #000000; font-size: 16px;\">Iepakojums<\/span><\/strong><\/p>\n<\/td>\n<\/tr>\n<tr>\n<td style=\"text-align: center;\" valign=\"top\">\n<p><span style=\"color: #000000; font-size: 16px;\">BE000001 <\/span><\/p>\n<p><span style=\"color: #000000; font-size: 16px;\">BE000002<\/span><\/p>\n<\/td>\n<td style=\"text-align: center;\" valign=\"top\">\n<p><span style=\"color: #000000; font-size: 16px;\">GUSTAVA BERGERA ORI\u0122IN\u0100L\u0100 FORMULA\u00ae 371<\/span><\/p>\n<\/td>\n<td style=\"text-align: center;\" valign=\"top\">\n<p><span style=\"color: #000000; font-size: 16px;\">1 litrs<\/span><\/p>\n<p><span style=\"color: #000000; font-size: 16px;\">5 litri<\/span><\/p>\n<\/td>\n<\/tr>\n<\/tbody>\n<\/table>\n<div id=\"gtx-trans\" style=\"position: absolute; left: 79px; top: 37px;\">\n<div class=\"gtx-trans-icon\"><\/div>\n<\/div>","protected":false},"excerpt":{"rendered":"<p>BEVA\u00ae\u00a0371 (GUSTAVA BERGERA ORI\u0122IN\u0100L\u0100 FORMULA\u00ae\u00a0371)<\/p>","protected":false},"featured_media":11812,"template":"","meta":[],"product_brand":[],"product_cat":[149,227],"product_tag":[],"class_list":{"0":"post-12695","1":"product","2":"type-product","3":"status-publish","4":"has-post-thumbnail","6":"product_cat-restauratoriams","7":"product_cat-restauravimo-priemones","9":"first","10":"outofstock","11":"product-type-simple"},"_links":{"self":[{"href":"https:\/\/tavieta.lt\/lv\/wp-json\/wp\/v2\/product\/12695","targetHints":{"allow":["GET"]}}],"collection":[{"href":"https:\/\/tavieta.lt\/lv\/wp-json\/wp\/v2\/product"}],"about":[{"href":"https:\/\/tavieta.lt\/lv\/wp-json\/wp\/v2\/types\/product"}],"wp:featuredmedia":[{"embeddable":true,"href":"https:\/\/tavieta.lt\/lv\/wp-json\/wp\/v2\/media\/11812"}],"wp:attachment":[{"href":"https:\/\/tavieta.lt\/lv\/wp-json\/wp\/v2\/media?parent=12695"}],"wp:term":[{"taxonomy":"product_brand","embeddable":true,"href":"https:\/\/tavieta.lt\/lv\/wp-json\/wp\/v2\/product_brand?post=12695"},{"taxonomy":"product_cat","embeddable":true,"href":"https:\/\/tavieta.lt\/lv\/wp-json\/wp\/v2\/product_cat?post=12695"},{"taxonomy":"product_tag","embeddable":true,"href":"https:\/\/tavieta.lt\/lv\/wp-json\/wp\/v2\/product_tag?post=12695"}],"curies":[{"name":"wp","href":"https:\/\/api.w.org\/{rel}","templated":true}]}}