{"id":12696,"date":"2024-02-07T09:03:10","date_gmt":"2024-02-07T09:03:10","guid":{"rendered":"http:\/\/tavieta.lt\/produktas\/beva-gel-derva\/"},"modified":"2025-01-30T13:18:52","modified_gmt":"2025-01-30T13:18:52","slug":"beva-gel-derva","status":"publish","type":"product","link":"https:\/\/tavieta.lt\/lv\/products\/beva-gel-derva\/","title":{"rendered":"BEVA\u00ae GEL sve\u0137i"},"content":{"rendered":"<p><span style=\"color: #000000; font-size: 16px;\">BEVA\u00ae GEL ir akrila un EVA sve\u0137u \u016bdens dispersija. T\u012br\u0101 vai ar \u016bdeni at\u0161\u0137aid\u012bt\u0101 veid\u0101 BEVA\u00ae GEL ir lieliska l\u012bmes dispersija uz \u016bdens b\u0101zes, kas ir viegli kl\u0101jama, tai ir laba sl\u012bd\u0113\u0161ana un sa\u0137ere ar da\u017e\u0101d\u0101m virsm\u0101m. Kad BEVA\u00ae GEL ir no\u017euvis no d\u012bg\u013ciem, tas k\u013c\u016bst par sp\u0113c\u012bgu kontaktl\u012bmi audekla, poliestera un Beva p\u0101rkl\u0101t\u0101m virsm\u0101m. Lai to pan\u0101ktu, prepar\u0101t\u0101 ir iek\u013cauti polim\u0113ri ar liel\u0101m molekul\u0101r\u0101m strukt\u016br\u0101m, lai nodro\u0161in\u0101tu v\u0113lamo lip\u012bgumu un aizturi \u0161\u0137\u012bdin\u0101t\u0101jos. \u0160o iemeslu d\u0113\u013c tas l\u0113n\u0101m iz\u0161\u0137\u012bst.<\/span><\/p>\n<p><span style=\"color: #000000; font-size: 16px;\"> \u00a0Kad tas ir piln\u012bb\u0101 iz\u017euvis, BEVA\u00ae GEL p\u0101rv\u0113r\u0161as par termobl\u012bv\u0113\u0161anas l\u012bmi ar tik zemu aktiv\u0101cijas temperat\u016bru k\u0101 BEVA 371 (60-65\u00b0C, 150-160\u00b0F). BEVA\u00ae GEL, BEVA\u00ae 371 un BEVA\u00ae D 8 un piel\u012bp viens otram jebkur\u0101 form\u0101.<\/span><\/p>\n<table style=\"width: 84.40816326530613%; height: 80px;\" cellspacing=\"0\" cellpadding=\"0\">\n<tbody>\n<tr>\n<td style=\"text-align: center;\" valign=\"top\">\n<p><strong><span style=\"color: #000000; font-size: 16px;\">Materi\u0101la kods<\/span><\/strong><\/p>\n<\/td>\n<td style=\"text-align: center;\" valign=\"top\">\n<p><strong><span style=\"color: #000000; font-size: 16px;\">Apraksts<\/span><\/strong><\/p>\n<\/td>\n<td style=\"text-align: center;\" valign=\"top\">\n<p><strong><span style=\"color: #000000; font-size: 16px;\">Iepakojums<\/span><\/strong><\/p>\n<\/td>\n<\/tr>\n<tr>\n<td style=\"text-align: center;\" valign=\"top\">\n<p><span style=\"color: #000000; font-size: 16px;\">BE000003 <\/span><\/p>\n<p><span style=\"color: #000000; font-size: 16px;\">BE000004<\/span><\/p>\n<\/td>\n<td style=\"text-align: center;\" valign=\"top\">\n<p><span style=\"color: #000000; font-size: 16px;\">GEL BEVA ORI\u0122IN\u0100L\u0100 FORMULA\u00ae<\/span><\/p>\n<\/td>\n<td style=\"text-align: center;\" valign=\"top\">\n<p><span style=\"color: #000000; font-size: 16px;\">1 litrs<\/span><\/p>\n<p><span style=\"color: #000000; font-size: 16px;\">5 litri<\/span><\/p>\n<\/td>\n<\/tr>\n<\/tbody>\n<\/table>\n<div id=\"gtx-trans\" style=\"position: absolute; left: 79px; top: 37px;\">\n<div class=\"gtx-trans-icon\"><\/div>\n<\/div>","protected":false},"excerpt":{"rendered":"<p>BEVA\u00ae GEL sve\u0137i<\/p>","protected":false},"featured_media":11814,"template":"","meta":[],"product_brand":[],"product_cat":[149,227],"product_tag":[],"class_list":{"0":"post-12696","1":"product","2":"type-product","3":"status-publish","4":"has-post-thumbnail","6":"product_cat-restauratoriams","7":"product_cat-restauravimo-priemones","9":"first","10":"outofstock","11":"product-type-simple"},"_links":{"self":[{"href":"https:\/\/tavieta.lt\/lv\/wp-json\/wp\/v2\/product\/12696","targetHints":{"allow":["GET"]}}],"collection":[{"href":"https:\/\/tavieta.lt\/lv\/wp-json\/wp\/v2\/product"}],"about":[{"href":"https:\/\/tavieta.lt\/lv\/wp-json\/wp\/v2\/types\/product"}],"wp:featuredmedia":[{"embeddable":true,"href":"https:\/\/tavieta.lt\/lv\/wp-json\/wp\/v2\/media\/11814"}],"wp:attachment":[{"href":"https:\/\/tavieta.lt\/lv\/wp-json\/wp\/v2\/media?parent=12696"}],"wp:term":[{"taxonomy":"product_brand","embeddable":true,"href":"https:\/\/tavieta.lt\/lv\/wp-json\/wp\/v2\/product_brand?post=12696"},{"taxonomy":"product_cat","embeddable":true,"href":"https:\/\/tavieta.lt\/lv\/wp-json\/wp\/v2\/product_cat?post=12696"},{"taxonomy":"product_tag","embeddable":true,"href":"https:\/\/tavieta.lt\/lv\/wp-json\/wp\/v2\/product_tag?post=12696"}],"curies":[{"name":"wp","href":"https:\/\/api.w.org\/{rel}","templated":true}]}}