{"id":12697,"date":"2024-02-07T09:03:10","date_gmt":"2024-02-07T09:03:10","guid":{"rendered":"http:\/\/tavieta.lt\/produktas\/100-vilna\/"},"modified":"2025-01-31T13:35:41","modified_gmt":"2025-01-31T13:35:41","slug":"100-vilna","status":"publish","type":"product","link":"https:\/\/tavieta.lt\/lv\/products\/100-vilna\/","title":{"rendered":"Vilna 100%"},"content":{"rendered":"<p>Vilna 100%<\/p>\n<table style=\"width: 76.45547945205479%; height: 104px;\" cellspacing=\"0\" cellpadding=\"0\">\n<tbody>\n<tr>\n<td style=\"text-align: center;\" valign=\"top\"><strong><span style=\"color: #000000; font-size: 16px;\">Materi\u0101la kods<\/span><\/strong><\/td>\n<td style=\"text-align: center;\" valign=\"top\"><strong><span style=\"color: #000000; font-size: 16px;\">Apraksts<\/span><\/strong><\/td>\n<td style=\"text-align: center;\" valign=\"top\"><strong><span style=\"color: #000000; font-size: 16px;\">Iepakojums<\/span><\/strong><\/td>\n<\/tr>\n<tr>\n<td style=\"text-align: center;\" valign=\"top\"><span style=\"color: #000000; font-size: 16px;\">VK-TTK-2 \u00a0<\/span><\/p>\n<p><span style=\"color: #000000; font-size: 16px;\">VK-TTK-4<\/span><\/p>\n<p><span style=\"color: #000000; font-size: 16px;\">T-500x400T<\/span><\/td>\n<td style=\"text-align: center;\" valign=\"top\"><span style=\"color: #000000; font-size: 16px;\">filcs, 135 cm x bm, biezums 2 mm \u00a0<\/span><\/p>\n<p><span style=\"color: #000000; font-size: 16px;\">filcs, 180 cm x bm, biezums 4 mm \u00a0<\/span><\/p>\n<p><span style=\"color: #000000; font-size: 16px;\">filcs, 500 x 400 mm, biezums 10 mm<\/span><\/td>\n<td style=\"text-align: center;\" valign=\"top\"><span style=\"color: #000000; font-size: 16px;\">Roll<\/span><\/p>\n<p><span style=\"color: #000000; font-size: 16px;\">Roll<\/span><\/p>\n<p><span style=\"color: #000000; font-size: 16px;\">Roll<\/span><\/td>\n<\/tr>\n<\/tbody>\n<\/table>","protected":false},"excerpt":{"rendered":"<p><span style=\"color: #000000; font-size: 16px;\">Vilna 100%, balta. Piem\u0113rots k\u0101 m\u012bkstums darbam ar mitriem materi\u0101liem vai k\u0101 m\u012bksta pamatne, druk\u0101jot reljefus arh\u012bva ierakstus.<\/span><\/p>\n<div id=\"gtx-trans\" style=\"position: absolute; left: -51px; top: -9.04167px;\">\n<div class=\"gtx-trans-icon\"><\/div>\n<\/div>","protected":false},"featured_media":11816,"template":"","meta":[],"product_brand":[],"product_cat":[218,149,227],"product_tag":[],"class_list":{"0":"post-12697","1":"product","2":"type-product","3":"status-publish","4":"has-post-thumbnail","6":"product_cat-populiariausi-produktai","7":"product_cat-restauratoriams","8":"product_cat-restauravimo-priemones","10":"first","11":"outofstock","12":"product-type-simple"},"_links":{"self":[{"href":"https:\/\/tavieta.lt\/lv\/wp-json\/wp\/v2\/product\/12697","targetHints":{"allow":["GET"]}}],"collection":[{"href":"https:\/\/tavieta.lt\/lv\/wp-json\/wp\/v2\/product"}],"about":[{"href":"https:\/\/tavieta.lt\/lv\/wp-json\/wp\/v2\/types\/product"}],"wp:featuredmedia":[{"embeddable":true,"href":"https:\/\/tavieta.lt\/lv\/wp-json\/wp\/v2\/media\/11816"}],"wp:attachment":[{"href":"https:\/\/tavieta.lt\/lv\/wp-json\/wp\/v2\/media?parent=12697"}],"wp:term":[{"taxonomy":"product_brand","embeddable":true,"href":"https:\/\/tavieta.lt\/lv\/wp-json\/wp\/v2\/product_brand?post=12697"},{"taxonomy":"product_cat","embeddable":true,"href":"https:\/\/tavieta.lt\/lv\/wp-json\/wp\/v2\/product_cat?post=12697"},{"taxonomy":"product_tag","embeddable":true,"href":"https:\/\/tavieta.lt\/lv\/wp-json\/wp\/v2\/product_tag?post=12697"}],"curies":[{"name":"wp","href":"https:\/\/api.w.org\/{rel}","templated":true}]}}