{"id":12699,"date":"2024-02-07T09:03:10","date_gmt":"2024-02-07T09:03:10","guid":{"rendered":"http:\/\/tavieta.lt\/produktas\/prispaudimo-plokstes-is-putplascio\/"},"modified":"2025-01-30T13:18:53","modified_gmt":"2025-01-30T13:18:53","slug":"prispaudimo-plokstes-is-putplascio","status":"publish","type":"product","link":"https:\/\/tavieta.lt\/lv\/products\/prispaudimo-plokstes-is-putplascio\/","title":{"rendered":"Putu spiediena pl\u0101ksnes"},"content":{"rendered":"<p><span style=\"color: #000000; font-size: 16px;\"> Inkrust\u0101cijas da\u013cas gr\u0101matu iesie\u0161anas pres\u0113m ir izgatavotas no tum\u0161i pel\u0113ka putuplasta. \u00a0<\/span><\/p>\n<table style=\"width: 91.40689655172413%; height: 121px;\" cellspacing=\"0\" cellpadding=\"0\">\n<tbody>\n<tr style=\"height: 32px;\">\n<td style=\"text-align: center; height: 32px;\" valign=\"top\">\n<p><span style=\"font-size: 16px;\"><strong><span style=\"color: #000000;\">Materi\u0101la kods<\/span><\/strong><\/span><\/p>\n<\/td>\n<td style=\"text-align: center; height: 32px;\" colspan=\"2\" valign=\"top\">\n<p><span style=\"font-size: 16px;\"><strong><span style=\"color: #000000;\">Apraksts<\/span><\/strong><\/span><\/p>\n<\/td>\n<td style=\"text-align: center; height: 32px;\" valign=\"top\">\n<p><span style=\"font-size: 16px;\"><strong><span style=\"color: #000000;\">Biezums<\/span><\/strong><\/span><\/p>\n<\/td>\n<td style=\"text-align: center; height: 32px;\" valign=\"top\">\n<p><span style=\"font-size: 16px;\"><strong><span style=\"color: #000000;\">Iepakojums<\/span><\/strong><\/span><\/p>\n<\/td>\n<\/tr>\n<tr style=\"height: 32px;\">\n<td style=\"text-align: center; height: 32px;\" valign=\"top\">\n<p><span style=\"color: #000000; font-size: 16px;\">60024<\/span><\/p>\n<\/td>\n<td style=\"text-align: center; height: 32px;\" valign=\"top\">\n<p><span style=\"color: #000000; font-size: 16px;\">Putuplasta pane\u013ci<\/span><\/p>\n<\/td>\n<td style=\"text-align: center; height: 32px;\" valign=\"top\">\n<p><span style=\"color: #000000; font-size: 16px;\">300 x 420 mm<\/span><\/p>\n<\/td>\n<td style=\"text-align: center; height: 32px;\" valign=\"top\">\n<p><span style=\"color: #000000; font-size: 16px;\">25 mm<\/span><\/p>\n<\/td>\n<td style=\"text-align: center; height: 32px;\" valign=\"top\">\n<p><span style=\"color: #000000; font-size: 16px;\">1 gab.<\/span><\/p>\n<\/td>\n<\/tr>\n<tr style=\"height: 25px;\">\n<td style=\"text-align: center; height: 25px;\" valign=\"top\">\n<p><span style=\"color: #000000; font-size: 16px;\">60025<\/span><\/p>\n<\/td>\n<td style=\"text-align: center; height: 25px;\" valign=\"top\">\n<p><span style=\"color: #000000; font-size: 16px;\">Putuplasta pane\u013ci<\/span><\/p>\n<\/td>\n<td style=\"text-align: center; height: 25px;\" valign=\"top\">\n<p><span style=\"color: #000000; font-size: 16px;\">390 x 490 mm<\/span><\/p>\n<\/td>\n<td style=\"text-align: center; height: 25px;\" valign=\"top\">\n<p><span style=\"color: #000000; font-size: 16px;\">25 mm<\/span><\/p>\n<\/td>\n<td style=\"text-align: center; height: 25px;\" valign=\"top\">\n<p><span style=\"color: #000000; font-size: 16px;\">1 gab.<\/span><\/p>\n<\/td>\n<\/tr>\n<tr style=\"height: 32px;\">\n<td style=\"text-align: center; height: 32px;\" valign=\"top\">\n<p><span style=\"color: #000000; font-size: 16px;\">60026<\/span><\/p>\n<\/td>\n<td style=\"text-align: center; height: 32px;\" valign=\"top\">\n<p><span style=\"color: #000000; font-size: 16px;\">Putuplasta pane\u013ci<\/span><\/p>\n<\/td>\n<td style=\"text-align: center; height: 32px;\" valign=\"top\">\n<p><span style=\"color: #000000; font-size: 16px;\">600 x 450 mm<\/span><\/p>\n<\/td>\n<td style=\"text-align: center; height: 32px;\" valign=\"top\">\n<p><span style=\"color: #000000; font-size: 16px;\">25 mm<\/span><\/p>\n<\/td>\n<td style=\"text-align: center; height: 32px;\" valign=\"top\">\n<p><span style=\"color: #000000; font-size: 16px;\">1 gab.<\/span><\/p>\n<\/td>\n<\/tr>\n<\/tbody>\n<\/table>\n<div id=\"gtx-trans\" style=\"position: absolute; left: 79px; top: 37px;\">\n<div class=\"gtx-trans-icon\"><\/div>\n<\/div>","protected":false},"excerpt":{"rendered":"<p>Putu spiediena pl\u0101ksnes<\/p>","protected":false},"featured_media":11820,"template":"","meta":[],"product_brand":[],"product_cat":[149,227],"product_tag":[],"class_list":{"0":"post-12699","1":"product","2":"type-product","3":"status-publish","4":"has-post-thumbnail","6":"product_cat-restauratoriams","7":"product_cat-restauravimo-priemones","9":"first","10":"outofstock","11":"product-type-simple"},"_links":{"self":[{"href":"https:\/\/tavieta.lt\/lv\/wp-json\/wp\/v2\/product\/12699","targetHints":{"allow":["GET"]}}],"collection":[{"href":"https:\/\/tavieta.lt\/lv\/wp-json\/wp\/v2\/product"}],"about":[{"href":"https:\/\/tavieta.lt\/lv\/wp-json\/wp\/v2\/types\/product"}],"wp:featuredmedia":[{"embeddable":true,"href":"https:\/\/tavieta.lt\/lv\/wp-json\/wp\/v2\/media\/11820"}],"wp:attachment":[{"href":"https:\/\/tavieta.lt\/lv\/wp-json\/wp\/v2\/media?parent=12699"}],"wp:term":[{"taxonomy":"product_brand","embeddable":true,"href":"https:\/\/tavieta.lt\/lv\/wp-json\/wp\/v2\/product_brand?post=12699"},{"taxonomy":"product_cat","embeddable":true,"href":"https:\/\/tavieta.lt\/lv\/wp-json\/wp\/v2\/product_cat?post=12699"},{"taxonomy":"product_tag","embeddable":true,"href":"https:\/\/tavieta.lt\/lv\/wp-json\/wp\/v2\/product_tag?post=12699"}],"curies":[{"name":"wp","href":"https:\/\/api.w.org\/{rel}","templated":true}]}}