{"id":12700,"date":"2024-02-07T09:03:10","date_gmt":"2024-02-07T09:03:10","guid":{"rendered":"http:\/\/tavieta.lt\/produktas\/zalvario-ploksciu-rinkinys\/"},"modified":"2025-01-30T13:18:54","modified_gmt":"2025-01-30T13:18:54","slug":"zalvario-ploksciu-rinkinys","status":"publish","type":"product","link":"https:\/\/tavieta.lt\/lv\/products\/zalvario-ploksciu-rinkinys\/","title":{"rendered":"Misi\u0146a pl\u0101k\u0161\u0146u komplekts"},"content":{"rendered":"<p><span style=\"font-size: 16px; color: #000000;\">Misi\u0146a lok\u0161\u0146u komplekts da\u017e\u0101dos biezumos, sniedzot restauratoriem vispla\u0161\u0101ko izv\u0113li, remont\u0113jot gr\u0101matu skapju furnit\u016bru. Tiek p\u0101rdots tikai pilns komplekts.<\/span><\/p>\n<p><span style=\"font-size: 16px; color: #000000;\"> \u00a0<\/span><\/p>\n<table style=\"width: 100.76543209876543%; height: 161px;\" cellspacing=\"0\" cellpadding=\"0\">\n<tbody>\n<tr>\n<td style=\"text-align: center;\" valign=\"top\">\n<p><strong><span style=\"font-size: 16px; color: #000000;\">Materi\u0101la kods<\/span><\/strong><\/p>\n<\/td>\n<td style=\"text-align: center;\" valign=\"top\">\n<p><strong><span style=\"font-size: 16px; color: #000000;\">Apraksts<\/span><\/strong><\/p>\n<\/td>\n<td style=\"text-align: center;\" valign=\"top\">\n<p><strong><span style=\"font-size: 16px; color: #000000;\">Biezums<\/span><\/strong><\/p>\n<\/td>\n<td style=\"text-align: center;\" valign=\"top\">\n<p><strong><span style=\"font-size: 16px; color: #000000;\">Iepakojums<\/span><\/strong><\/p>\n<\/td>\n<\/tr>\n<tr>\n<td style=\"text-align: center;\" valign=\"top\"> \u00a0<\/td>\n<td style=\"text-align: center;\" valign=\"top\">\n<p><span style=\"font-size: 16px; color: #000000;\">Pusbiezas loksnes, biezums 0,32 mm<\/span><\/p>\n<\/td>\n<td style=\"text-align: center;\" valign=\"top\">\n<p><span style=\"font-size: 16px; color: #000000;\">310 x 400 mm<\/span><\/p>\n<\/td>\n<td style=\"text-align: center;\" valign=\"top\"> \u00a0<\/td>\n<\/tr>\n<tr>\n<td style=\"text-align: center;\" valign=\"top\"> \u00a0<\/td>\n<td style=\"text-align: center;\" valign=\"top\">\n<p><span style=\"font-size: 16px; color: #000000;\"> \u00a0Pusbiezas loksnes, biezums 0,4 mm<\/span><\/p>\n<\/td>\n<td style=\"text-align: center;\" valign=\"top\">\n<p><span style=\"font-size: 16px; color: #000000;\">310 x 400 mm<\/span><\/p>\n<\/td>\n<td style=\"text-align: center;\" valign=\"top\"> \u00a0<\/td>\n<\/tr>\n<tr>\n<td style=\"text-align: center;\" valign=\"top\">\n<p><span style=\"font-size: 16px; color: #000000;\">V860660406<\/span><\/p>\n<\/td>\n<td style=\"text-align: center;\" valign=\"top\">\n<p><span style=\"font-size: 16px; color: #000000;\">Pusbiezas loksnes, biezums 0,5 mm<\/span><\/p>\n<p><span style=\"font-size: 16px; color: #000000;\">Pusbiezas loksnes, biezums 0,6 mm<\/span><\/p>\n<\/td>\n<td style=\"text-align: center;\" valign=\"top\">\n<p><span style=\"font-size: 16px; color: #000000;\">310 x 400 mm<\/span><\/p>\n<p><span style=\"font-size: 16px; color: #000000;\">310 x 400 mm<\/span><\/p>\n<\/td>\n<td style=\"text-align: center;\" valign=\"top\">\n<p><span style=\"font-size: 16px; color: #000000;\">Komplekts \u00a0<\/span><\/p>\n<\/td>\n<\/tr>\n<tr>\n<td style=\"text-align: center;\" valign=\"top\"> \u00a0<\/td>\n<td style=\"text-align: center;\" valign=\"top\">\n<p><span style=\"font-size: 16px; color: #000000;\">Pusbiezas loksnes, biezums 0,7 mm<\/span><\/p>\n<\/td>\n<td style=\"text-align: center;\" valign=\"top\">\n<p><span style=\"font-size: 16px; color: #000000;\">310 x 400 mm<\/span><\/p>\n<\/td>\n<td style=\"text-align: center;\" valign=\"top\"> \u00a0<\/td>\n<\/tr>\n<tr>\n<td style=\"text-align: center;\" valign=\"top\"> \u00a0<\/td>\n<td style=\"text-align: center;\" valign=\"top\">\n<p><span style=\"font-size: 16px; color: #000000;\">Pusbiezas loksnes, biezums 0,8 mm<\/span><\/p>\n<\/td>\n<td style=\"text-align: center;\" valign=\"top\">\n<p><span style=\"font-size: 16px; color: #000000;\">310 x 400 mm<\/span><\/p>\n<\/td>\n<td style=\"text-align: center;\" valign=\"top\"> \u00a0<\/td>\n<\/tr>\n<\/tbody>\n<\/table>\n<div id=\"gtx-trans\" style=\"position: absolute; left: 79px; top: 37px;\">\n<div class=\"gtx-trans-icon\"><\/div>\n<\/div>","protected":false},"excerpt":{"rendered":"<p>Misi\u0146a pl\u0101k\u0161\u0146u komplekts<\/p>","protected":false},"featured_media":11822,"template":"","meta":[],"product_brand":[],"product_cat":[149,227],"product_tag":[],"class_list":{"0":"post-12700","1":"product","2":"type-product","3":"status-publish","4":"has-post-thumbnail","6":"product_cat-restauratoriams","7":"product_cat-restauravimo-priemones","9":"first","10":"outofstock","11":"product-type-simple"},"_links":{"self":[{"href":"https:\/\/tavieta.lt\/lv\/wp-json\/wp\/v2\/product\/12700","targetHints":{"allow":["GET"]}}],"collection":[{"href":"https:\/\/tavieta.lt\/lv\/wp-json\/wp\/v2\/product"}],"about":[{"href":"https:\/\/tavieta.lt\/lv\/wp-json\/wp\/v2\/types\/product"}],"wp:featuredmedia":[{"embeddable":true,"href":"https:\/\/tavieta.lt\/lv\/wp-json\/wp\/v2\/media\/11822"}],"wp:attachment":[{"href":"https:\/\/tavieta.lt\/lv\/wp-json\/wp\/v2\/media?parent=12700"}],"wp:term":[{"taxonomy":"product_brand","embeddable":true,"href":"https:\/\/tavieta.lt\/lv\/wp-json\/wp\/v2\/product_brand?post=12700"},{"taxonomy":"product_cat","embeddable":true,"href":"https:\/\/tavieta.lt\/lv\/wp-json\/wp\/v2\/product_cat?post=12700"},{"taxonomy":"product_tag","embeddable":true,"href":"https:\/\/tavieta.lt\/lv\/wp-json\/wp\/v2\/product_tag?post=12700"}],"curies":[{"name":"wp","href":"https:\/\/api.w.org\/{rel}","templated":true}]}}