{"id":12701,"date":"2024-02-07T09:03:19","date_gmt":"2024-02-07T09:03:19","guid":{"rendered":"http:\/\/tavieta.lt\/produktas\/silikagelis-tropa-gelis\/"},"modified":"2025-01-31T13:30:06","modified_gmt":"2025-01-31T13:30:06","slug":"silikagelis-tropa-gelis","status":"publish","type":"product","link":"https:\/\/tavieta.lt\/lv\/products\/silikagelis-tropa-gelis\/","title":{"rendered":"Silikagels"},"content":{"rendered":"<p style=\"text-align: left;\"><span style=\"font-size: 16px;\"><strong>Silikagels<\/strong> ir granul\u0113ta, stiklveida, poraina sil\u012bcija dioks\u012bda forma, kas sint\u0113tiski izgatavota no n\u0101trija silik\u0101ta. Silikagels ir stiprs un ciets; tas ir stipr\u0101ks nek\u0101 parastie m\u0101jsaimniec\u012bbas \u017eelejas, piem\u0113ram, \u017eelat\u012bns vai agars. Tas ir dabisks miner\u0101ls, kas ir att\u012br\u012bts un n\u0101k granulu vai lod\u012b\u0161u veid\u0101. K\u0101 desikants, t\u0101 vid\u0113jais poru izm\u0113rs ir 2,4 nanometri, un tam ir sp\u0113c\u012bga pievilc\u012bba \u016bdens molekul\u0101m, kas absorb\u0113 mitrumu. Liel\u0101ki silikagela maisi\u0146i tiek izmantoti j\u016bras konteineros, lai nodro\u0161in\u0101tu to dro\u0161\u012bbu pret mitrumu un koroziju.<\/span><\/p>\n<p><strong>K\u0101p\u0113c izv\u0113l\u0113ties silikagelu?<\/strong><\/p>\n<ul>\n<li dir=\"ltr\" data-placeholder=\"Translation\"><span lang=\"lt\">Iztur\u012bgs pret \u0161\u0137idru \u016bdeni <\/span><\/li>\n<li class=\"tw-data-text tw-text-large XcVN5d tw-ta\" dir=\"ltr\" data-placeholder=\"Translation\"><span lang=\"lt\">Augsts tvaika p\u0101rneses \u0101trums<\/span><\/li>\n<li class=\"tw-data-text tw-text-large XcVN5d tw-ta\" dir=\"ltr\" data-placeholder=\"Translation\"><span lang=\"lt\">Pamatne ir izgatavota no Tyvek\u00ae materi\u0101la<\/span><\/li>\n<li class=\"tw-data-text tw-text-large XcVN5d tw-ta\" dir=\"ltr\" data-placeholder=\"Translation\"><span lang=\"lt\">Putek\u013cu necaurlaid\u012bgs, sp\u0113c\u012bgs un gr\u016bti sapl\u0113st <\/span><\/li>\n<li class=\"tw-data-text tw-text-large XcVN5d tw-ta\" dir=\"ltr\" data-placeholder=\"Translation\"><span lang=\"lt\">M\u012bksts - nekait\u0113s j\u016bsu izstr\u0101d\u0101jumam <\/span><\/li>\n<li class=\"tw-data-text tw-text-large XcVN5d tw-ta\" dir=\"ltr\" data-placeholder=\"Translation\"><span lang=\"lt\">Var b\u016bt tie\u0161\u0101 saskar\u0113 ar p\u0101rtiku <\/span><\/li>\n<li class=\"tw-data-text tw-text-large XcVN5d tw-ta\" dir=\"ltr\" data-placeholder=\"Translation\"><span lang=\"lt\">Ir pieejami ar\u012b piel\u0101goti mais\u012bjumi, piem\u0113ram: 50% silikagela mitrumam un 50% oglek\u013ca smakas absorbcijai.<\/span><\/li>\n<\/ul>\n<p><strong>Piem\u0113rots:<\/strong><\/p>\n<p class=\"tw-data-text tw-text-large XcVN5d tw-ta\" dir=\"ltr\" data-placeholder=\"Translation\"><span lang=\"lt\">Farmaceitiskajiem produktiem, medic\u012bnas ier\u012bc\u0113m, ap\u0123\u0113rbiem, apaviem, aksesu\u0101riem, skaistumkop\u0161anas prec\u0113m, elektronikai, elektronisk\u0101m sast\u0101vda\u013c\u0101m, sadz\u012bves elektronikai, medic\u012bnas elektronikai, datortehnikai, saules pane\u013ciem, dro\u0161ai pre\u010du p\u0101rvad\u0101\u0161anai, automa\u0161\u012bn\u0101s, m\u0101j\u0101s.<\/span><\/p>\n<p>&nbsp;<\/p>\n<p>\u0160eit ir p\u0101rrakst\u012bta tabula:<\/p>\n<table>\n<thead>\n<tr>\n<th><strong>Materi\u0101la kods<\/strong><\/th>\n<th><strong>Apraksts<\/strong><\/th>\n<th><strong>Iepakojums<\/strong><\/th>\n<\/tr>\n<\/thead>\n<tbody>\n<tr>\n<td>SL1001<\/td>\n<td>Silikagels - desikants maisi\u0146\u0161 0,25 g<\/td>\n<td>1 gab.<\/td>\n<\/tr>\n<tr>\n<td>SL1002<\/td>\n<td>Silikagels - desikants maisi\u0146\u0161 0,50 g<\/td>\n<td>1 gab.<\/td>\n<\/tr>\n<tr>\n<td>SL1003<\/td>\n<td>Silikagels - desikants maisi\u0146\u0161 1 g<\/td>\n<td>1 gab.<\/td>\n<\/tr>\n<tr>\n<td>SL1004<\/td>\n<td>Silikagels - desikants maisi\u0146\u0161 2 g<\/td>\n<td>1 gab.<\/td>\n<\/tr>\n<tr>\n<td>SL1005<\/td>\n<td>Silikagels - desikants maisi\u0146\u0161 3 g<\/td>\n<td>1 gab.<\/td>\n<\/tr>\n<tr>\n<td>SL1006<\/td>\n<td>Silikagels - desikants maisi\u0146\u0161 5 g<\/td>\n<td>1 gab.<\/td>\n<\/tr>\n<tr>\n<td>HX36106<\/td>\n<td>Silikagels - desikants maisi\u0146\u0161 6 g<\/td>\n<td>1 gab.<\/td>\n<\/tr>\n<tr>\n<td>HX36107<\/td>\n<td>Silikagels - desikants maisi\u0146\u0161 12 g<\/td>\n<td>1 gab.<\/td>\n<\/tr>\n<tr>\n<td>HX36108<\/td>\n<td>Silikagels - desikants maisi\u0146\u0161 18 g<\/td>\n<td>1 gab.<\/td>\n<\/tr>\n<tr>\n<td>HX36109<\/td>\n<td>Silikagels - desikants maisi\u0146\u0161 35 g<\/td>\n<td>1 gab.<\/td>\n<\/tr>\n<tr>\n<td>HX36110<\/td>\n<td>Silikagels - desikants maisi\u0146\u0161 70 g<\/td>\n<td>1 gab.<\/td>\n<\/tr>\n<tr>\n<td>HX36111<\/td>\n<td>Silikagels - desikants maisi\u0146\u0161 145 g<\/td>\n<td>1 gab.<\/td>\n<\/tr>\n<tr>\n<td>HX36112<\/td>\n<td>Silikagels - desikants maisi\u0146\u0161 285 g<\/td>\n<td>1 gab.<\/td>\n<\/tr>\n<tr>\n<td>SL1007<\/td>\n<td>Silikagels - desikants maisi\u0146\u0161 500 g<\/td>\n<td>1 gab.<\/td>\n<\/tr>\n<tr>\n<td>HX36113<\/td>\n<td>Silikagels - desikants maisi\u0146\u0161 540 g<\/td>\n<td>1 gab.<\/td>\n<\/tr>\n<tr>\n<td>SL1008<\/td>\n<td>Silikagels - desikants maisi\u0146\u0161 903 g<\/td>\n<td>1 gab.<\/td>\n<\/tr>\n<tr>\n<td>SL0109<\/td>\n<td>Silikagels - desikantu maisi\u0146\u0161 3,629 kg<\/td>\n<td>1 gab.<\/td>\n<\/tr>\n<tr>\n<td>SL1010<\/td>\n<td>Silikagels - desikants maisi\u0146\u0161 7,257 kg<\/td>\n<td>1 gab.<\/td>\n<\/tr>\n<tr>\n<td>HX36123<\/td>\n<td>Silikagels - irdenas granulas<\/td>\n<td>1 kg<\/td>\n<\/tr>\n<\/tbody>\n<\/table>","protected":false},"excerpt":{"rendered":"<p><span style=\"font-size: 16px;\"><strong>Silikagels<\/strong> ir granul\u0113ta, stiklveida, poraina sil\u012bcija dioks\u012bda forma, kas sint\u0113tiski izgatavota no n\u0101trija silik\u0101ta. Silikagels ir stiprs un ciets; tas ir stipr\u0101ks nek\u0101 parastie m\u0101jsaimniec\u012bbas \u017eelejas, piem\u0113ram, \u017eelat\u012bns vai agars. Tas ir dabisks miner\u0101ls, kas ir att\u012br\u012bts un n\u0101k granulu vai lod\u012b\u0161u veid\u0101. K\u0101 desikants, t\u0101 vid\u0113jais poru izm\u0113rs ir 2,4 nanometri, un tam ir sp\u0113c\u012bga pievilc\u012bba \u016bdens molekul\u0101m, kas absorb\u0113 mitrumu. Liel\u0101ki silikagela maisi\u0146i tiek izmantoti j\u016bras konteineros, lai nodro\u0161in\u0101tu to dro\u0161\u012bbu pret mitrumu un koroziju.<\/span><\/p>","protected":false},"featured_media":13183,"template":"","meta":[],"product_brand":[],"product_cat":[218,149,199],"product_tag":[],"class_list":{"0":"post-12701","1":"product","2":"type-product","3":"status-publish","4":"has-post-thumbnail","6":"product_cat-populiariausi-produktai","7":"product_cat-restauratoriams","8":"product_cat-silikagelis","10":"first","11":"instock","12":"product-type-simple"},"_links":{"self":[{"href":"https:\/\/tavieta.lt\/lv\/wp-json\/wp\/v2\/product\/12701","targetHints":{"allow":["GET"]}}],"collection":[{"href":"https:\/\/tavieta.lt\/lv\/wp-json\/wp\/v2\/product"}],"about":[{"href":"https:\/\/tavieta.lt\/lv\/wp-json\/wp\/v2\/types\/product"}],"wp:featuredmedia":[{"embeddable":true,"href":"https:\/\/tavieta.lt\/lv\/wp-json\/wp\/v2\/media\/13183"}],"wp:attachment":[{"href":"https:\/\/tavieta.lt\/lv\/wp-json\/wp\/v2\/media?parent=12701"}],"wp:term":[{"taxonomy":"product_brand","embeddable":true,"href":"https:\/\/tavieta.lt\/lv\/wp-json\/wp\/v2\/product_brand?post=12701"},{"taxonomy":"product_cat","embeddable":true,"href":"https:\/\/tavieta.lt\/lv\/wp-json\/wp\/v2\/product_cat?post=12701"},{"taxonomy":"product_tag","embeddable":true,"href":"https:\/\/tavieta.lt\/lv\/wp-json\/wp\/v2\/product_tag?post=12701"}],"curies":[{"name":"wp","href":"https:\/\/api.w.org\/{rel}","templated":true}]}}