{"id":12703,"date":"2024-02-07T09:03:19","date_gmt":"2024-02-07T09:03:19","guid":{"rendered":"http:\/\/tavieta.lt\/produktas\/lininis-siulas\/"},"modified":"2025-01-30T13:18:50","modified_gmt":"2025-01-30T13:18:50","slug":"lininis-siulas","status":"publish","type":"product","link":"https:\/\/tavieta.lt\/lv\/products\/lininis-siulas\/","title":{"rendered":"Lina pavediens"},"content":{"rendered":"<p><span style=\"color: #000000; font-size: 16px;\"> \u00a0Pul\u0113ta lina diegs gr\u0101matu iesie\u0161anai ar roku \u0161\u016b\u0161anu<\/span><\/p>\n<table style=\"width: 83.6875%; height: 138px;\" cellspacing=\"0\" cellpadding=\"0\">\n<tbody>\n<tr>\n<td style=\"text-align: center; width: 23.06201550387597%;\" valign=\"top\">\n<p><strong><span style=\"color: #000000; font-size: 16px;\">Materi\u0101la kods<\/span><\/strong><\/p>\n<\/td>\n<td style=\"text-align: center; width: 55.23255813953488%;\" valign=\"top\">\n<p><strong><span style=\"color: #000000; font-size: 16px;\">Apraksts<\/span><\/strong><\/p>\n<\/td>\n<td style=\"text-align: center; width: 13.178294573643411%;\" valign=\"top\">\n<p><strong><span style=\"color: #000000; font-size: 16px;\">Svars<\/span><\/strong><\/p>\n<\/td>\n<td style=\"text-align: center; width: 8.13953488372093%;\" valign=\"top\">\n<p><strong><span style=\"color: #000000; font-size: 16px;\">Iepakojums<\/span><\/strong><\/p>\n<\/td>\n<\/tr>\n<tr>\n<td style=\"text-align: center; width: 23.06201550387597%;\" valign=\"top\">\n<p align=\"center\"><span style=\"color: #000000; font-size: 16px;\">60031<\/span><\/p>\n<\/td>\n<td style=\"text-align: center; width: 55.23255813953488%;\" valign=\"top\">\n<p><span style=\"color: #000000; font-size: 16px;\">Lina v\u012btne, stipra 42x3, spole 1980.g<\/span><\/p>\n<\/td>\n<td style=\"width: 13.178294573643411%; text-align: center;\" valign=\"top\">\n<p align=\"right\"><span style=\"color: #000000; font-size: 16px;\">250 gr<\/span><\/p>\n<\/td>\n<td style=\"text-align: center; width: 8.13953488372093%;\" valign=\"top\">\n<p align=\"center\"><span style=\"color: #000000; font-size: 16px;\">1 gab.<\/span><\/p>\n<\/td>\n<\/tr>\n<tr>\n<td style=\"text-align: center; width: 23.06201550387597%;\" valign=\"top\">\n<p align=\"center\"><span style=\"color: #000000; font-size: 16px;\">60033<\/span><\/p>\n<\/td>\n<td style=\"text-align: center; width: 55.23255813953488%;\" valign=\"top\">\n<p><span style=\"color: #000000; font-size: 16px;\">Lina v\u012btne, stipra 74 x 3, spole 1660 m<\/span><\/p>\n<\/td>\n<td style=\"width: 13.178294573643411%; text-align: center;\" valign=\"top\">\n<p align=\"right\"><span style=\"color: #000000; font-size: 16px;\">250 gr<\/span><\/p>\n<\/td>\n<td style=\"text-align: center; width: 8.13953488372093%;\" valign=\"top\">\n<p align=\"center\"><span style=\"color: #000000; font-size: 16px;\">1 gab.<\/span><\/p>\n<\/td>\n<\/tr>\n<tr>\n<td style=\"text-align: center; width: 23.06201550387597%;\" valign=\"top\">\n<p align=\"center\"><span style=\"color: #000000; font-size: 16px;\">60034<\/span><\/p>\n<\/td>\n<td style=\"text-align: center; width: 55.23255813953488%;\" valign=\"top\">\n<p><span style=\"color: #000000; font-size: 16px;\">Lina v\u012btne, stipra 105 x 3, spole 1120 m<\/span><\/p>\n<\/td>\n<td style=\"width: 13.178294573643411%; text-align: center;\" valign=\"top\">\n<p align=\"right\"><span style=\"color: #000000; font-size: 16px;\">250 gr<\/span><\/p>\n<\/td>\n<td style=\"text-align: center; width: 8.13953488372093%;\" valign=\"top\">\n<p align=\"center\"><span style=\"color: #000000; font-size: 16px;\">1 gab.<\/span><\/p>\n<\/td>\n<\/tr>\n<\/tbody>\n<\/table>\n<div id=\"gtx-trans\" style=\"position: absolute; left: 79px; top: 37px;\">\n<div class=\"gtx-trans-icon\"><\/div>\n<\/div>","protected":false},"excerpt":{"rendered":"<p>Lina pavediens<\/p>","protected":false},"featured_media":11827,"template":"","meta":[],"product_brand":[],"product_cat":[149,227],"product_tag":[],"class_list":{"0":"post-12703","1":"product","2":"type-product","3":"status-publish","4":"has-post-thumbnail","6":"product_cat-restauratoriams","7":"product_cat-restauravimo-priemones","9":"first","10":"outofstock","11":"product-type-simple"},"_links":{"self":[{"href":"https:\/\/tavieta.lt\/lv\/wp-json\/wp\/v2\/product\/12703","targetHints":{"allow":["GET"]}}],"collection":[{"href":"https:\/\/tavieta.lt\/lv\/wp-json\/wp\/v2\/product"}],"about":[{"href":"https:\/\/tavieta.lt\/lv\/wp-json\/wp\/v2\/types\/product"}],"wp:featuredmedia":[{"embeddable":true,"href":"https:\/\/tavieta.lt\/lv\/wp-json\/wp\/v2\/media\/11827"}],"wp:attachment":[{"href":"https:\/\/tavieta.lt\/lv\/wp-json\/wp\/v2\/media?parent=12703"}],"wp:term":[{"taxonomy":"product_brand","embeddable":true,"href":"https:\/\/tavieta.lt\/lv\/wp-json\/wp\/v2\/product_brand?post=12703"},{"taxonomy":"product_cat","embeddable":true,"href":"https:\/\/tavieta.lt\/lv\/wp-json\/wp\/v2\/product_cat?post=12703"},{"taxonomy":"product_tag","embeddable":true,"href":"https:\/\/tavieta.lt\/lv\/wp-json\/wp\/v2\/product_tag?post=12703"}],"curies":[{"name":"wp","href":"https:\/\/api.w.org\/{rel}","templated":true}]}}