{"id":12704,"date":"2024-02-07T09:03:19","date_gmt":"2024-02-07T09:03:19","guid":{"rendered":"http:\/\/tavieta.lt\/produktas\/archyvines-kokybes-rasikliai-2\/"},"modified":"2025-01-30T13:18:50","modified_gmt":"2025-01-30T13:18:50","slug":"archyvines-kokybes-rasikliai-2","status":"publish","type":"product","link":"https:\/\/tavieta.lt\/lv\/products\/archyvines-kokybes-rasikliai-2\/","title":{"rendered":"Arh\u012bva kvalit\u0101tes pildspalvas"},"content":{"rendered":"<p><span style=\"color: #000000; font-size: 16px;\"> \u00a0\u016adensiztur\u012bgas, pH neitr\u0101las un \u0137\u012bmiski iztur\u012bgas pildspalvas ar arh\u012bva kvalit\u0101tes tinti, kas ir iztur\u012bga pret izbal\u0113\u0161anu un pel\u0113ko\u0161anos.<\/span><\/p>\n<p><span style=\"color: #000000; font-size: 16px;\"> \u00a0Iepakojum\u0101 tr\u012bs uzga\u013ci - 0,5 mm, 1 mm un 2 mm.<\/span><\/p>\n<table style=\"width: 86.6962962962963%; height: 74px;\" cellspacing=\"0\" cellpadding=\"0\">\n<tbody>\n<tr>\n<td style=\"text-align: center;\" valign=\"top\">\n<p><strong><span style=\"color: #000000; font-size: 16px;\">Materi\u0101la kods<\/span><\/strong><\/p>\n<\/td>\n<td style=\"text-align: center;\" valign=\"top\">\n<p><strong><span style=\"color: #000000; font-size: 16px;\"> \u00a0 \u00a0  \u00a0  \u00a0  \u00a0  \u00a0  \u00a0  \u00a0  \u00a0  \u00a0  \u00a0  \u00a0  \u00a0  \u00a0  \u00a0 Apraksts<\/span><\/strong><\/p>\n<\/td>\n<td style=\"text-align: center;\" valign=\"top\">\n<p><strong><span style=\"color: #000000; font-size: 16px;\">Iepakojums<\/span><\/strong><\/p>\n<\/td>\n<\/tr>\n<tr>\n<td style=\"text-align: center;\" valign=\"top\">\n<p><span style=\"color: #000000; font-size: 16px;\">Br512101<\/span><\/p>\n<\/td>\n<td style=\"text-align: center;\" valign=\"top\">\n<p><span style=\"color: #000000; font-size: 16px;\"> \u00a0  \u00a0  \u00a0  \u00a0  \u00a0  \u00a0  \u00a0  \u00a0 Arh\u012bva kvalit\u0101tes pildspalvas<\/span><\/p>\n<\/td>\n<td style=\"text-align: center;\" valign=\"top\">\n<p><span style=\"color: #000000; font-size: 16px;\">3 gab.<\/span><\/p>\n<\/td>\n<\/tr>\n<\/tbody>\n<\/table>\n<div id=\"gtx-trans\" style=\"position: absolute; left: 79px; top: 37px;\">\n<div class=\"gtx-trans-icon\"><\/div>\n<\/div>","protected":false},"excerpt":{"rendered":"<p>Arh\u012bva kvalit\u0101tes pildspalvas<\/p>","protected":false},"featured_media":11829,"template":"","meta":[],"product_brand":[],"product_cat":[149,227],"product_tag":[],"class_list":{"0":"post-12704","1":"product","2":"type-product","3":"status-publish","4":"has-post-thumbnail","6":"product_cat-restauratoriams","7":"product_cat-restauravimo-priemones","9":"first","10":"outofstock","11":"product-type-simple"},"_links":{"self":[{"href":"https:\/\/tavieta.lt\/lv\/wp-json\/wp\/v2\/product\/12704","targetHints":{"allow":["GET"]}}],"collection":[{"href":"https:\/\/tavieta.lt\/lv\/wp-json\/wp\/v2\/product"}],"about":[{"href":"https:\/\/tavieta.lt\/lv\/wp-json\/wp\/v2\/types\/product"}],"wp:featuredmedia":[{"embeddable":true,"href":"https:\/\/tavieta.lt\/lv\/wp-json\/wp\/v2\/media\/11829"}],"wp:attachment":[{"href":"https:\/\/tavieta.lt\/lv\/wp-json\/wp\/v2\/media?parent=12704"}],"wp:term":[{"taxonomy":"product_brand","embeddable":true,"href":"https:\/\/tavieta.lt\/lv\/wp-json\/wp\/v2\/product_brand?post=12704"},{"taxonomy":"product_cat","embeddable":true,"href":"https:\/\/tavieta.lt\/lv\/wp-json\/wp\/v2\/product_cat?post=12704"},{"taxonomy":"product_tag","embeddable":true,"href":"https:\/\/tavieta.lt\/lv\/wp-json\/wp\/v2\/product_tag?post=12704"}],"curies":[{"name":"wp","href":"https:\/\/api.w.org\/{rel}","templated":true}]}}