{"id":12707,"date":"2024-02-07T09:04:24","date_gmt":"2024-02-07T09:04:24","guid":{"rendered":"http:\/\/tavieta.lt\/produktas\/stikliniai-popieriaus-svarmenys\/"},"modified":"2025-01-30T13:18:48","modified_gmt":"2025-01-30T13:18:48","slug":"stikliniai-popieriaus-svarmenys","status":"publish","type":"product","link":"https:\/\/tavieta.lt\/lv\/products\/stikliniai-popieriaus-svarmenys\/","title":{"rendered":"Stikla pap\u012bra svari"},"content":{"rendered":"<p><span style=\"color: #000000; font-size: 16px;\"> \u00a0\u0160ie stikla pap\u012bra atsvari ir b\u016btisks t\u012br\u012b\u0161anas un remonta darbar\u012bks.<\/span><\/p>\n<p><span style=\"color: #000000; font-size: 16px;\"> \u00a0Krist\u0101ldzidra stikla atsvari ir noder\u012bgi ar\u012b pozicion\u0113\u0161anai, jo tie \u013cauj redz\u0113t apak\u0161\u0101 eso\u0161o objektu. 4 atsvaru komplekts \u013cauj dro\u0161i tur\u0113t A3 izm\u0113ra loksnes, kas nepiecie\u0161amas liel\u0101kiem m\u0101kslas darbiem uz pap\u012bra.<\/span><\/p>\n<p><span style=\"color: #000000; font-size: 16px;\">Lai ieg\u016btu papildu svaru, var izmantot m\u016bsu \u0101das pap\u012bra svarus (skatiet \u201cieteicamo\u201d tabulu), ko var sakraut virs stikla atsvara.<\/span><\/p>\n<p><span style=\"color: #000000; font-size: 16px;\">Stikla atsvari ir inerti, un glud\u0101 apdare ar noapa\u013cot\u0101m mal\u0101m nesaboj\u0101s priek\u0161metu, uz kura tie tiek novietoti.<\/span><\/p>\n<p><span style=\"color: #000000; font-size: 16px;\">4 gab. iepakojums \u00a0<\/span><\/p>\n<table style=\"width: 93.37461300309597%; height: 93px;\" cellspacing=\"0\" cellpadding=\"0\">\n<tbody>\n<tr style=\"height: 32px;\">\n<td style=\"height: 32px; text-align: center;\" valign=\"top\">\n<p><strong><span style=\"color: #000000; font-size: 16px;\">Materi\u0101la kods<\/span><\/strong><\/p>\n<\/td>\n<td style=\"height: 32px; text-align: center;\" valign=\"top\">\n<p><strong><span style=\"color: #000000; font-size: 16px;\"> \u00a0Apraksts<\/span><\/strong><\/p>\n<\/td>\n<td style=\"height: 32px; text-align: center;\" valign=\"top\">\n<p><strong><span style=\"color: #000000; font-size: 16px;\">Iepakojums<\/span><\/strong><\/p>\n<\/td>\n<\/tr>\n<tr style=\"height: 32px;\">\n<td style=\"height: 32px; text-align: center;\" valign=\"top\">\n<p><span style=\"color: #000000; font-size: 16px;\">P426-0070<\/span><\/p>\n<\/td>\n<td style=\"height: 32px; text-align: center;\" valign=\"top\">\n<p><span style=\"color: #000000; font-size: 16px;\">Stikla atsvari - apa\u013ci - 70mm diametr\u0101<\/span><\/p>\n<\/td>\n<td style=\"height: 32px; text-align: center;\" valign=\"top\">\n<p><span style=\"color: #000000; font-size: 16px;\">4 gab.<\/span><\/p>\n<\/td>\n<\/tr>\n<tr style=\"height: 29px;\">\n<td style=\"height: 29px; text-align: center;\" valign=\"top\">\n<p><span style=\"color: #000000; font-size: 16px;\">P426-0090<\/span><\/p>\n<\/td>\n<td style=\"height: 29px; text-align: center;\" valign=\"top\">\n<p><span style=\"color: #000000; font-size: 16px;\">Stikla atsvari - ov\u0101li - 100 x 65mm<\/span><\/p>\n<\/td>\n<td style=\"height: 29px; text-align: center;\" valign=\"top\">\n<p><span style=\"color: #000000; font-size: 16px;\">4 gab.<\/span><\/p>\n<\/td>\n<\/tr>\n<\/tbody>\n<\/table>\n<div id=\"gtx-trans\" style=\"position: absolute; left: 79px; top: 37px;\">\n<div class=\"gtx-trans-icon\"><\/div>\n<\/div>","protected":false},"excerpt":{"rendered":"<p>Stikla pap\u012bra svari<\/p>","protected":false},"featured_media":11834,"template":"","meta":[],"product_brand":[],"product_cat":[149,227],"product_tag":[],"class_list":{"0":"post-12707","1":"product","2":"type-product","3":"status-publish","4":"has-post-thumbnail","6":"product_cat-restauratoriams","7":"product_cat-restauravimo-priemones","9":"first","10":"outofstock","11":"product-type-simple"},"_links":{"self":[{"href":"https:\/\/tavieta.lt\/lv\/wp-json\/wp\/v2\/product\/12707","targetHints":{"allow":["GET"]}}],"collection":[{"href":"https:\/\/tavieta.lt\/lv\/wp-json\/wp\/v2\/product"}],"about":[{"href":"https:\/\/tavieta.lt\/lv\/wp-json\/wp\/v2\/types\/product"}],"wp:featuredmedia":[{"embeddable":true,"href":"https:\/\/tavieta.lt\/lv\/wp-json\/wp\/v2\/media\/11834"}],"wp:attachment":[{"href":"https:\/\/tavieta.lt\/lv\/wp-json\/wp\/v2\/media?parent=12707"}],"wp:term":[{"taxonomy":"product_brand","embeddable":true,"href":"https:\/\/tavieta.lt\/lv\/wp-json\/wp\/v2\/product_brand?post=12707"},{"taxonomy":"product_cat","embeddable":true,"href":"https:\/\/tavieta.lt\/lv\/wp-json\/wp\/v2\/product_cat?post=12707"},{"taxonomy":"product_tag","embeddable":true,"href":"https:\/\/tavieta.lt\/lv\/wp-json\/wp\/v2\/product_tag?post=12707"}],"curies":[{"name":"wp","href":"https:\/\/api.w.org\/{rel}","templated":true}]}}