{"id":12708,"date":"2024-02-07T09:04:24","date_gmt":"2024-02-07T09:04:24","guid":{"rendered":"http:\/\/tavieta.lt\/produktas\/lipnios-juosteles-velcro-sj-4570\/"},"modified":"2025-01-30T13:18:48","modified_gmt":"2025-01-30T13:18:48","slug":"lipnios-juosteles-velcro-sj-4570","status":"publish","type":"product","link":"https:\/\/tavieta.lt\/lv\/products\/lipnios-juosteles-velcro-sj-4570\/","title":{"rendered":"L\u012bmlentes Velcro SJ-4570"},"content":{"rendered":"<p><span style=\"color: #000000; font-size: 16px;\"> \u00a0L\u012bmlentes Velcro SJ 4570 ar pl\u0101nu profilu, caursp\u012bd\u012bgas, platums 3mm, rull\u012btis 1m, caursp\u012bd\u012bga konstrukcija, l\u012bm\u0113jamas un atl\u012bm\u0113jamas aptuveni 50 reizes. Ide\u0101li piem\u0113rots arh\u012bvu gr\u0101matu skapju sl\u0113dzen\u0113m.<\/span><\/p>\n<table style=\"width: 94.07608695652173%; height: 82px;\" cellspacing=\"0\" cellpadding=\"0\">\n<tbody>\n<tr>\n<td style=\"text-align: center;\" valign=\"top\">\n<p><strong><span style=\"color: #000000; font-size: 16px;\">Materi\u0101la kods<\/span><\/strong><\/p>\n<\/td>\n<td style=\"text-align: center;\" valign=\"top\">\n<p><strong><span style=\"color: #000000; font-size: 16px;\">Apraksts<\/span><\/strong><\/p>\n<\/td>\n<td style=\"text-align: center;\" valign=\"top\">\n<p><strong><span style=\"color: #000000; font-size: 16px;\">Iepakojums<\/span><\/strong><\/p>\n<\/td>\n<\/tr>\n<tr>\n<td style=\"text-align: center;\" valign=\"top\">\n<p><span style=\"color: #000000; font-size: 16px;\">20176<\/span><\/p>\n<\/td>\n<td style=\"text-align: center;\" valign=\"top\">\n<p><span style=\"color: #000000; font-size: 16px;\">L\u012bmlentes Velcro 25 mm x 1 m<\/span><\/p>\n<\/td>\n<td style=\"text-align: center;\" valign=\"top\">\n<p><span style=\"color: #000000; font-size: 16px;\">1 gab.<\/span><\/p>\n<\/td>\n<\/tr>\n<\/tbody>\n<\/table>\n<div id=\"gtx-trans\" style=\"position: absolute; left: 79px; top: 37px;\">\n<div class=\"gtx-trans-icon\"><\/div>\n<\/div>","protected":false},"excerpt":{"rendered":"<p>L\u012bmlentes Velcro SJ-4569<\/p>","protected":false},"featured_media":11836,"template":"","meta":[],"product_brand":[],"product_cat":[149,227],"product_tag":[],"class_list":{"0":"post-12708","1":"product","2":"type-product","3":"status-publish","4":"has-post-thumbnail","6":"product_cat-restauratoriams","7":"product_cat-restauravimo-priemones","9":"first","10":"outofstock","11":"product-type-simple"},"_links":{"self":[{"href":"https:\/\/tavieta.lt\/lv\/wp-json\/wp\/v2\/product\/12708","targetHints":{"allow":["GET"]}}],"collection":[{"href":"https:\/\/tavieta.lt\/lv\/wp-json\/wp\/v2\/product"}],"about":[{"href":"https:\/\/tavieta.lt\/lv\/wp-json\/wp\/v2\/types\/product"}],"wp:featuredmedia":[{"embeddable":true,"href":"https:\/\/tavieta.lt\/lv\/wp-json\/wp\/v2\/media\/11836"}],"wp:attachment":[{"href":"https:\/\/tavieta.lt\/lv\/wp-json\/wp\/v2\/media?parent=12708"}],"wp:term":[{"taxonomy":"product_brand","embeddable":true,"href":"https:\/\/tavieta.lt\/lv\/wp-json\/wp\/v2\/product_brand?post=12708"},{"taxonomy":"product_cat","embeddable":true,"href":"https:\/\/tavieta.lt\/lv\/wp-json\/wp\/v2\/product_cat?post=12708"},{"taxonomy":"product_tag","embeddable":true,"href":"https:\/\/tavieta.lt\/lv\/wp-json\/wp\/v2\/product_tag?post=12708"}],"curies":[{"name":"wp","href":"https:\/\/api.w.org\/{rel}","templated":true}]}}