{"id":12713,"date":"2024-02-07T09:05:25","date_gmt":"2024-02-07T09:05:25","guid":{"rendered":"http:\/\/tavieta.lt\/produktas\/dupont-tm-tyvek-apsauginis-popierius\/"},"modified":"2024-02-07T09:05:27","modified_gmt":"2024-02-07T09:05:27","slug":"dupont-tm-tyvek-apsauginis-popierius","status":"publish","type":"product","link":"https:\/\/tavieta.lt\/lv\/products\/dupont-tm-tyvek-apsauginis-popierius\/","title":{"rendered":"Dupont TM Tyvek dro\u0161\u012bbas pap\u012brs"},"content":{"rendered":"<p><span style=\"color: #000000; font-size: 16px;\">DuPontTM Tyvek\u00ae apvieno lab\u0101k\u0101s pap\u012bra, pl\u0113ves un tekstila \u012bpa\u0161\u012bbas. T\u0101 unik\u0101l\u0101s fizik\u0101l\u0101s \u012bpa\u0161\u012bbas padara to vislab\u0101k piem\u0113rotu m\u0101kslas priek\u0161metu transport\u0113\u0161anai un uzglab\u0101\u0161anai. Materi\u0101ls ir pH neitr\u0101ls, \u0161\u0137iedra ir \u013coti m\u012bksta, pasarg\u0101 lietas no skr\u0101p\u0113jumiem. Lai gan tas ir elpojo\u0161s, tas neielai\u017e putek\u013cus. To ir viegli \u0161\u016bt un l\u012bm\u0113t, un j\u016bs varat to piel\u0101got atbilsto\u0161i vajadz\u012bgajai formai.<\/span><\/p>\n<table style=\"width: 85.63674762407602%; height: 94px;\" cellspacing=\"0\" cellpadding=\"0\">\n<tbody>\n<tr style=\"height: 47px;\">\n<td style=\"height: 47px; text-align: center;\" valign=\"top\">\n<p><strong><span style=\"color: #000000; font-size: 16px;\">Materi\u0101la kods<\/span><\/strong><\/p>\n<\/td>\n<td style=\"height: 47px; text-align: center;\" valign=\"top\">\n<p><strong><span style=\"color: #000000; font-size: 16px;\"> \u00a0  \u00a0  \u00a0  \u00a0  \u00a0  \u00a0  \u00a0  \u00a0  \u00a0  \u00a0  \u00a0  \u00a0  \u00a0  \u00a0  \u00a0 Izm\u0113ri<\/span><\/strong><\/p>\n<\/td>\n<td style=\"height: 47px; text-align: center;\" valign=\"top\">\n<p><strong><span style=\"color: #000000; font-size: 16px;\">Iepakojums<\/span><\/strong><\/p>\n<\/td>\n<\/tr>\n<tr style=\"height: 47px;\">\n<td style=\"height: 47px; text-align: center;\" valign=\"top\">\n<p><span style=\"color: #000000; font-size: 16px;\">TV001 <\/span><\/p>\n<p><span style=\"color: #000000; font-size: 16px;\">TV001a<\/span><\/p>\n<\/td>\n<td style=\"height: 47px; text-align: center;\" valign=\"top\">\n<p><span style=\"color: #000000; font-size: 16px;\">Dupont TM Tyvek \u00ae , rullis 152 cm x 50 m <\/span><\/p>\n<p><span style=\"color: #000000; font-size: 16px;\">Dupont TM Tyvek \u00ae , rullis 152 cm x 1 m<\/span><\/p>\n<\/td>\n<td style=\"height: 47px; text-align: center;\" valign=\"top\">\n<p><span style=\"color: #000000; font-size: 16px;\">1 rullis metros<\/span><\/p>\n<\/td>\n<\/tr>\n<\/tbody>\n<\/table>\n<div id=\"gtx-trans\" style=\"position: absolute; left: 79px; top: 37px;\">\n<div class=\"gtx-trans-icon\"><\/div>\n<\/div>","protected":false},"excerpt":{"rendered":"<p>Dupont TM Tyvek dro\u0161\u012bbas pap\u012brs<\/p>","protected":false},"featured_media":11844,"template":"","meta":[],"product_brand":[],"product_cat":[149],"product_tag":[],"class_list":{"0":"post-12713","1":"product","2":"type-product","3":"status-publish","4":"has-post-thumbnail","6":"product_cat-restauratoriams","8":"first","9":"outofstock","10":"product-type-simple"},"_links":{"self":[{"href":"https:\/\/tavieta.lt\/lv\/wp-json\/wp\/v2\/product\/12713","targetHints":{"allow":["GET"]}}],"collection":[{"href":"https:\/\/tavieta.lt\/lv\/wp-json\/wp\/v2\/product"}],"about":[{"href":"https:\/\/tavieta.lt\/lv\/wp-json\/wp\/v2\/types\/product"}],"wp:featuredmedia":[{"embeddable":true,"href":"https:\/\/tavieta.lt\/lv\/wp-json\/wp\/v2\/media\/11844"}],"wp:attachment":[{"href":"https:\/\/tavieta.lt\/lv\/wp-json\/wp\/v2\/media?parent=12713"}],"wp:term":[{"taxonomy":"product_brand","embeddable":true,"href":"https:\/\/tavieta.lt\/lv\/wp-json\/wp\/v2\/product_brand?post=12713"},{"taxonomy":"product_cat","embeddable":true,"href":"https:\/\/tavieta.lt\/lv\/wp-json\/wp\/v2\/product_cat?post=12713"},{"taxonomy":"product_tag","embeddable":true,"href":"https:\/\/tavieta.lt\/lv\/wp-json\/wp\/v2\/product_tag?post=12713"}],"curies":[{"name":"wp","href":"https:\/\/api.w.org\/{rel}","templated":true}]}}