{"id":12715,"date":"2024-02-07T09:05:25","date_gmt":"2024-02-07T09:05:25","guid":{"rendered":"http:\/\/tavieta.lt\/produktas\/uv-archyvine-nelipni-plevele\/"},"modified":"2025-01-30T13:18:46","modified_gmt":"2025-01-30T13:18:46","slug":"uv-archyvine-nelipni-plevele","status":"publish","type":"product","link":"https:\/\/tavieta.lt\/lv\/products\/uv-archyvine-nelipni-plevele\/","title":{"rendered":"UV arh\u012bva nepiedego\u0161\u0101 pl\u0113ve"},"content":{"rendered":"<p><span style=\"color: #000000; font-size: 16px;\"> \u00a0\u012apa\u0161a nepiedego\u0161a UV pl\u0113ve arhiv\u0113\u0161anai, piem\u0113rota gr\u0101matu, dokumentu un citu ekspon\u0101tu p\u0101rkl\u0101\u0161anai muzejos un galerij\u0101s, ide\u0101li piem\u0113rota UV aizsardz\u012bbai. UV absorb\u0113t\u0101ji UV pl\u0113v\u0113 absorb\u0113 99.5% UV.<\/span><\/p>\n<table style=\"width: 95.47590361445783%; height: 89px;\" cellspacing=\"0\" cellpadding=\"0\">\n<tbody>\n<tr>\n<td style=\"text-align: center;\" valign=\"top\">\n<p><strong><span style=\"color: #000000; font-size: 16px;\">Materi\u0101la kods<\/span><\/strong><\/p>\n<\/td>\n<td style=\"text-align: center;\" valign=\"top\">\n<p><strong><span style=\"color: #000000; font-size: 16px;\">Apraksts<\/span><\/strong><\/p>\n<\/td>\n<td style=\"text-align: center;\" valign=\"top\">\n<p><strong><span style=\"color: #000000; font-size: 16px;\">Iepakojums<\/span><\/strong><\/p>\n<\/td>\n<\/tr>\n<tr>\n<td style=\"text-align: center;\" valign=\"top\">\n<p><span style=\"color: #000000; font-size: 16px;\">20269<\/span><\/p>\n<\/td>\n<td style=\"text-align: center;\" valign=\"top\">\n<p><span style=\"color: #000000; font-size: 16px;\">UV arh\u012bva nepiedego\u0161\u0101 pl\u0113ve, ru\u013c\u013ca 183 cm x 1 m<\/span><\/p>\n<\/td>\n<td style=\"text-align: center;\" valign=\"top\">\n<p><span style=\"color: #000000; font-size: 16px;\">metri<\/span><\/p>\n<\/td>\n<\/tr>\n<\/tbody>\n<\/table>\n<div id=\"gtx-trans\" style=\"position: absolute; left: 79px; top: 37px;\">\n<div class=\"gtx-trans-icon\"><\/div>\n<\/div>","protected":false},"excerpt":{"rendered":"<p>UV arh\u012bva nepiedego\u0161\u0101 pl\u0113ve<\/p>","protected":false},"featured_media":11847,"template":"","meta":[],"product_brand":[],"product_cat":[227],"product_tag":[],"class_list":{"0":"post-12715","1":"product","2":"type-product","3":"status-publish","4":"has-post-thumbnail","6":"product_cat-restauravimo-priemones","8":"first","9":"outofstock","10":"product-type-simple"},"_links":{"self":[{"href":"https:\/\/tavieta.lt\/lv\/wp-json\/wp\/v2\/product\/12715","targetHints":{"allow":["GET"]}}],"collection":[{"href":"https:\/\/tavieta.lt\/lv\/wp-json\/wp\/v2\/product"}],"about":[{"href":"https:\/\/tavieta.lt\/lv\/wp-json\/wp\/v2\/types\/product"}],"wp:featuredmedia":[{"embeddable":true,"href":"https:\/\/tavieta.lt\/lv\/wp-json\/wp\/v2\/media\/11847"}],"wp:attachment":[{"href":"https:\/\/tavieta.lt\/lv\/wp-json\/wp\/v2\/media?parent=12715"}],"wp:term":[{"taxonomy":"product_brand","embeddable":true,"href":"https:\/\/tavieta.lt\/lv\/wp-json\/wp\/v2\/product_brand?post=12715"},{"taxonomy":"product_cat","embeddable":true,"href":"https:\/\/tavieta.lt\/lv\/wp-json\/wp\/v2\/product_cat?post=12715"},{"taxonomy":"product_tag","embeddable":true,"href":"https:\/\/tavieta.lt\/lv\/wp-json\/wp\/v2\/product_tag?post=12715"}],"curies":[{"name":"wp","href":"https:\/\/api.w.org\/{rel}","templated":true}]}}