{"id":12726,"date":"2024-02-07T09:10:29","date_gmt":"2024-02-07T09:10:29","guid":{"rendered":"http:\/\/tavieta.lt\/produktas\/skalpeliai\/"},"modified":"2025-01-30T13:18:42","modified_gmt":"2025-01-30T13:18:42","slug":"skalpeliai","status":"publish","type":"product","link":"https:\/\/tavieta.lt\/lv\/products\/skalpeliai\/","title":{"rendered":"Skalpe\u013ci"},"content":{"rendered":"<table cellspacing=\"0\" cellpadding=\"0\">\n<tbody>\n<tr>\n<td valign=\"top\">\n<p style=\"text-align: center;\"><span style=\"font-size: 16px;\"><strong><span style=\"color: #000000;\">Materi\u0101la kods<\/span><\/strong><\/span><\/p>\n<\/td>\n<td style=\"text-align: center;\" valign=\"top\">\n<p><span style=\"font-size: 16px;\"><strong><span style=\"color: #000000;\">Apraksts<\/span><\/strong><\/span><\/p>\n<\/td>\n<td style=\"text-align: center;\" valign=\"top\">\n<p><span style=\"font-size: 16px;\"><strong><span style=\"color: #000000;\">Iepakojums<\/span><\/strong><\/span><\/p>\n<\/td>\n<\/tr>\n<tr>\n<td valign=\"top\">\n<p><span style=\"color: #000000; font-size: 16px;\">1120710 400<\/span><\/p>\n<\/td>\n<td valign=\"top\">\n<p><span style=\"color: #000000; font-size: 16px;\">Skalpe\u013ca asmens tur\u0113t\u0101js Nr.4<\/span><\/p>\n<\/td>\n<td valign=\"top\">\n<p align=\"right\"><span style=\"color: #000000; font-size: 16px;\">1 gab.<\/span><\/p>\n<\/td>\n<\/tr>\n<tr>\n<td valign=\"top\">\n<p><span style=\"color: #000000; font-size: 16px;\">1120710 402<\/span><\/p>\n<\/td>\n<td valign=\"top\">\n<p><span style=\"color: #000000; font-size: 16px;\">Skalpe\u013ca asme\u0146u tur\u0113t\u0101js Nr.4L<\/span><\/p>\n<\/td>\n<td valign=\"top\">\n<p align=\"center\"><span style=\"color: #000000; font-size: 16px;\">1 gab.<\/span><\/p>\n<\/td>\n<\/tr>\n<tr>\n<td valign=\"top\">\n<p><span style=\"color: #000000; font-size: 16px;\">11207118-24<\/span><\/p>\n<\/td>\n<td valign=\"top\">\n<p><span style=\"color: #000000; font-size: 16px;\">Skalpe\u013ca asmens. 18., 19., 20., 21., 22., 23., 24<\/span><\/p>\n<\/td>\n<td valign=\"top\">\n<p align=\"right\"><span style=\"color: #000000; font-size: 16px;\">1 gab.<\/span><\/p>\n<\/td>\n<\/tr>\n<tr>\n<td valign=\"top\">\n<p><span style=\"color: #000000; font-size: 16px;\">11207125<\/span><\/p>\n<\/td>\n<td valign=\"top\">\n<p><span style=\"color: #000000; font-size: 16px;\">Skalpe\u013ca asmens<\/span><\/p>\n<\/td>\n<td valign=\"top\">\n<p align=\"right\"><span style=\"color: #000000; font-size: 16px;\">1 gab.<\/span><\/p>\n<\/td>\n<\/tr>\n<tr>\n<td valign=\"top\">\n<p><span style=\"color: #000000; font-size: 16px;\">114381170<\/span><\/p>\n<\/td>\n<td valign=\"top\">\n<p><span style=\"color: #000000; font-size: 16px;\">Pincetes istridge<\/span><\/p>\n<\/td>\n<td valign=\"top\">\n<p align=\"center\"><span style=\"color: #000000; font-size: 16px;\">1 gab.<\/span><\/p>\n<\/td>\n<\/tr>\n<tr>\n<td valign=\"top\">\n<p><span style=\"color: #000000; font-size: 16px;\">114381110<\/span><\/p>\n<\/td>\n<td valign=\"top\">\n<p><span style=\"color: #000000; font-size: 16px;\">pincetes - 3 mm apa\u013c\u0161 rokturis<\/span><\/p>\n<\/td>\n<td valign=\"top\">\n<p align=\"right\"><span style=\"color: #000000; font-size: 16px;\">1 gab.<\/span><\/p>\n<\/td>\n<\/tr>\n<tr>\n<td valign=\"top\">\n<p><span style=\"color: #000000; font-size: 16px;\">112080080<\/span><\/p>\n<\/td>\n<td valign=\"top\">\n<p><span style=\"color: #000000; font-size: 16px;\">Skalpelis ar apa\u013cu asmeni - 16,5 cm, asmens 40 x 10 mm<\/span><\/p>\n<\/td>\n<td valign=\"top\">\n<p align=\"right\"><span style=\"color: #000000; font-size: 16px;\">1 gab.<\/span><\/p>\n<\/td>\n<\/tr>\n<tr>\n<td valign=\"top\">\n<p><span style=\"color: #000000; font-size: 16px;\">112080180<\/span><\/p>\n<\/td>\n<td valign=\"top\">\n<p><span style=\"color: #000000; font-size: 16px;\">Skalpelis ar asu asmeni - 16,5 cm, asmens 40 x 8,5 mm<\/span><\/p>\n<\/td>\n<td valign=\"top\">\n<p align=\"right\"><span style=\"color: #000000; font-size: 16px;\">1 gab.<\/span><\/p>\n<\/td>\n<\/tr>\n<tr>\n<td valign=\"top\">\n<p><span style=\"color: #000000; font-size: 16px;\">1130912016<\/span><\/p>\n<\/td>\n<td valign=\"top\">\n<p><span style=\"color: #000000; font-size: 16px;\">Taisnas \u0161\u0137\u0113res, 16,5 cm garas ar \u012bsiem asme\u0146iem.<\/span><\/p>\n<\/td>\n<td valign=\"top\">\n<p align=\"right\"><span style=\"color: #000000; font-size: 16px;\">1 gab.<\/span><\/p>\n<\/td>\n<\/tr>\n<\/tbody>\n<\/table>\n<p>&nbsp;<\/p>\n<p>&nbsp;<\/p>\n<div id=\"gtx-trans\" style=\"position: absolute; left: 79px; top: 37px;\">\n<div class=\"gtx-trans-icon\"><\/div>\n<\/div>","protected":false},"excerpt":{"rendered":"<p>Skalpe\u013ci<\/p>","protected":false},"featured_media":11861,"template":"","meta":[],"product_brand":[],"product_cat":[149,227],"product_tag":[],"class_list":{"0":"post-12726","1":"product","2":"type-product","3":"status-publish","4":"has-post-thumbnail","6":"product_cat-restauratoriams","7":"product_cat-restauravimo-priemones","9":"first","10":"outofstock","11":"product-type-simple"},"_links":{"self":[{"href":"https:\/\/tavieta.lt\/lv\/wp-json\/wp\/v2\/product\/12726","targetHints":{"allow":["GET"]}}],"collection":[{"href":"https:\/\/tavieta.lt\/lv\/wp-json\/wp\/v2\/product"}],"about":[{"href":"https:\/\/tavieta.lt\/lv\/wp-json\/wp\/v2\/types\/product"}],"wp:featuredmedia":[{"embeddable":true,"href":"https:\/\/tavieta.lt\/lv\/wp-json\/wp\/v2\/media\/11861"}],"wp:attachment":[{"href":"https:\/\/tavieta.lt\/lv\/wp-json\/wp\/v2\/media?parent=12726"}],"wp:term":[{"taxonomy":"product_brand","embeddable":true,"href":"https:\/\/tavieta.lt\/lv\/wp-json\/wp\/v2\/product_brand?post=12726"},{"taxonomy":"product_cat","embeddable":true,"href":"https:\/\/tavieta.lt\/lv\/wp-json\/wp\/v2\/product_cat?post=12726"},{"taxonomy":"product_tag","embeddable":true,"href":"https:\/\/tavieta.lt\/lv\/wp-json\/wp\/v2\/product_tag?post=12726"}],"curies":[{"name":"wp","href":"https:\/\/api.w.org\/{rel}","templated":true}]}}