{"id":12731,"date":"2024-02-07T09:10:36","date_gmt":"2024-02-07T09:10:36","guid":{"rendered":"http:\/\/tavieta.lt\/produktas\/leister-hot-jet-s\/"},"modified":"2024-02-07T09:10:37","modified_gmt":"2024-02-07T09:10:37","slug":"leister-hot-jet-s","status":"publish","type":"product","link":"https:\/\/tavieta.lt\/lv\/products\/leister-hot-jet-s\/","title":{"rendered":"Leister Hot-Jet S"},"content":{"rendered":"<p><span style=\"color: #000000; font-size: 16px;\">Mazais Hot-jet S ir paredz\u0113ts restaur\u0101cijas praksei - veco eti\u0137e\u0161u, uzl\u012bmju, Filmoplast P un Filmoplast R un l\u012bmju no\u0146em\u0161anai no dokumentiem, grav\u0113jumiem un vec\u0101m izdruk\u0101m ar prec\u012bzi izm\u0113r\u012btu un virz\u012btu karst\u0101 gaisa pl\u016bsmu. Nep\u0101rtraukti regul\u0113jama temperat\u016bra 20 \u00b0 600 \u00b0 C, gaisa iepl\u016bde 10-60 litri min\u016bt\u0113, nep\u0101rtraukti regul\u0113jama, svars: 540 g, darba spriegums: 220 V.<\/span><\/p>\n<table style=\"width: 87.34146941465305%; height: 123px;\" cellspacing=\"0\" cellpadding=\"0\">\n<tbody>\n<tr style=\"height: 32px;\">\n<td style=\"height: 32px; text-align: center;\" valign=\"top\">\n<p><strong><span style=\"color: #000000; font-size: 16px;\">Materi\u0101la kods<\/span><\/strong><\/p>\n<\/td>\n<td style=\"height: 32px; text-align: center;\" valign=\"top\">\n<p><strong><span style=\"color: #000000; font-size: 16px;\">Apraksts<\/span><\/strong><\/p>\n<\/td>\n<td style=\"height: 32px; text-align: center;\" valign=\"top\">\n<p><strong><span style=\"color: #000000; font-size: 16px;\">Iepakojums<\/span><\/strong><\/p>\n<\/td>\n<\/tr>\n<tr style=\"height: 56px;\">\n<td style=\"height: 56px; text-align: center;\" valign=\"top\">\n<p><span style=\"color: #000000; font-size: 16px;\">OST00033 <\/span><\/p>\n<p><span style=\"color: #000000; font-size: 16px;\">40075<\/span><\/p>\n<\/td>\n<td style=\"height: 56px; text-align: center;\" valign=\"top\">\n<p><span style=\"color: #000000; font-size: 16px;\">Zeberklas Hot - Jet S, ar piestiprin\u0101tu uzgali 31<\/span><\/p>\n<p><span style=\"color: #000000; font-size: 16px;\">Leister Hot-Jet S stends  \u00a0<\/span><\/p>\n<\/td>\n<td style=\"height: 56px; text-align: center;\" valign=\"top\">\n<p><span style=\"color: #000000; font-size: 16px;\">1 gab.<\/span><\/p>\n<p><span style=\"color: #000000; font-size: 16px;\">1 gab.<\/span><\/p>\n<\/td>\n<\/tr>\n<\/tbody>\n<\/table>\n<div id=\"gtx-trans\" style=\"position: absolute; left: 79px; top: 37px;\">\n<div class=\"gtx-trans-icon\"><\/div>\n<\/div>","protected":false},"excerpt":{"rendered":"<p>Leister Hot-Jet S<\/p>","protected":false},"featured_media":11871,"template":"","meta":[],"product_brand":[],"product_cat":[149],"product_tag":[],"class_list":{"0":"post-12731","1":"product","2":"type-product","3":"status-publish","4":"has-post-thumbnail","6":"product_cat-restauratoriams","8":"first","9":"outofstock","10":"product-type-simple"},"_links":{"self":[{"href":"https:\/\/tavieta.lt\/lv\/wp-json\/wp\/v2\/product\/12731","targetHints":{"allow":["GET"]}}],"collection":[{"href":"https:\/\/tavieta.lt\/lv\/wp-json\/wp\/v2\/product"}],"about":[{"href":"https:\/\/tavieta.lt\/lv\/wp-json\/wp\/v2\/types\/product"}],"wp:featuredmedia":[{"embeddable":true,"href":"https:\/\/tavieta.lt\/lv\/wp-json\/wp\/v2\/media\/11871"}],"wp:attachment":[{"href":"https:\/\/tavieta.lt\/lv\/wp-json\/wp\/v2\/media?parent=12731"}],"wp:term":[{"taxonomy":"product_brand","embeddable":true,"href":"https:\/\/tavieta.lt\/lv\/wp-json\/wp\/v2\/product_brand?post=12731"},{"taxonomy":"product_cat","embeddable":true,"href":"https:\/\/tavieta.lt\/lv\/wp-json\/wp\/v2\/product_cat?post=12731"},{"taxonomy":"product_tag","embeddable":true,"href":"https:\/\/tavieta.lt\/lv\/wp-json\/wp\/v2\/product_tag?post=12731"}],"curies":[{"name":"wp","href":"https:\/\/api.w.org\/{rel}","templated":true}]}}