{"id":12732,"date":"2024-02-07T09:10:36","date_gmt":"2024-02-07T09:10:36","guid":{"rendered":"http:\/\/tavieta.lt\/produktas\/karsto-oro-piestukas-su-sildoma-mentele\/"},"modified":"2024-02-07T09:10:37","modified_gmt":"2024-02-07T09:10:37","slug":"karsto-oro-piestukas-su-sildoma-mentele","status":"publish","type":"product","link":"https:\/\/tavieta.lt\/lv\/products\/karsto-oro-piestukas-su-sildoma-mentele\/","title":{"rendered":"Karst\u0101 gaisa z\u012bmulis ar apsild\u0101mu l\u0101psti\u0146u"},"content":{"rendered":"<p><span style=\"color: #000000; font-size: 16px;\">Karst\u0101 gaisa z\u012bmulis ar d\u012bg\u0161anas dzelzs kombin\u0113to konserv\u0113\u0161anas darbstacijas r\u012bku. Aizsardz\u012bbas darbstacija \u013cauj izmantot abus siltuma instrumentus atsevi\u0161\u0137i vai kop\u0101; regul\u0113jams karst\u0101 gaisa z\u012bmulis un taisnot\u0101js, katrs ar atsevi\u0161\u0137u iesl\u0113g\u0161anas\/izsl\u0113g\u0161anas sl\u0113dzi.<\/span><\/p>\n<p><span style=\"color: #000000; font-size: 16px;\">Iek\u013cauts: konserv\u0113\u0161anas darbstacija (pievienots karst\u0101 gaisa z\u012bmulis), 3 x gaisa sprauslas, apsild\u0101ma l\u0101psti\u0146a, l\u0101psti\u0146as uzgalis, str\u0101vas vads, instrukciju buklets. Konserv\u0113\u0161anas darbstaciju projekt\u0113jis un ra\u017eo tikai PEL. 220\/240 volti.<\/span><\/p>\n<table style=\"width: 86.27027027027027%; height: 120px;\" cellspacing=\"0\" cellpadding=\"0\">\n<tbody>\n<tr>\n<td style=\"text-align: center;\" valign=\"top\">\n<p><strong><span style=\"color: #000000; font-size: 16px;\">Materi\u0101la kods<\/span><\/strong><\/p>\n<\/td>\n<td style=\"text-align: center;\" valign=\"top\">\n<p><strong><span style=\"color: #000000; font-size: 16px;\">Apraksts<\/span><\/strong><\/p>\n<\/td>\n<td style=\"text-align: center;\" valign=\"top\">\n<p><strong><span style=\"color: #000000; font-size: 16px;\">Iepakojums<\/span><\/strong><\/p>\n<\/td>\n<\/tr>\n<tr>\n<td style=\"text-align: center;\" valign=\"top\">\n<p><span style=\"color: #000000; font-size: 16px;\">P805-760<\/span><\/p>\n<\/td>\n<td style=\"text-align: center;\" valign=\"top\">\n<p><span style=\"color: #000000; font-size: 16px;\">Konserv\u0113\u0161ana darba viet\u0101 220\/240 V Spriegums<\/span><\/p>\n<\/td>\n<td style=\"text-align: center;\" valign=\"top\">\n<p><span style=\"color: #000000; font-size: 16px;\">1 komplekts<\/span><\/p>\n<\/td>\n<\/tr>\n<tr>\n<td style=\"text-align: center;\" valign=\"top\">\n<p><span style=\"color: #000000; font-size: 16px;\">P805-760-110<\/span><\/p>\n<\/td>\n<td style=\"text-align: center;\" valign=\"top\">\n<p style=\"text-align: center;\"><span style=\"color: #000000; font-size: 16px;\"> \u00a0 \u00a0  \u00a0  \u00a0  \u00a0  \u00a0  \u00a0  \u00a0  \u00a0  \u00a0 Konserv\u0113\u0161anas darba vieta 110 V Spriegums<\/span><\/p>\n<\/td>\n<td style=\"text-align: center;\" valign=\"top\">\n<p><span style=\"color: #000000; font-size: 16px;\">1 komplekts<\/span><\/p>\n<\/td>\n<\/tr>\n<\/tbody>\n<\/table>\n<div id=\"gtx-trans\" style=\"position: absolute; left: 79px; top: 37px;\">\n<div class=\"gtx-trans-icon\"><\/div>\n<\/div>","protected":false},"excerpt":{"rendered":"<p>Karst\u0101 gaisa z\u012bmulis ar apsild\u0101mu l\u0101psti\u0146u<\/p>","protected":false},"featured_media":11873,"template":"","meta":[],"product_brand":[],"product_cat":[149,152],"product_tag":[],"class_list":{"0":"post-12732","1":"product","2":"type-product","3":"status-publish","4":"has-post-thumbnail","6":"product_cat-restauratoriams","7":"product_cat-konservavimas","9":"first","10":"outofstock","11":"product-type-simple"},"_links":{"self":[{"href":"https:\/\/tavieta.lt\/lv\/wp-json\/wp\/v2\/product\/12732","targetHints":{"allow":["GET"]}}],"collection":[{"href":"https:\/\/tavieta.lt\/lv\/wp-json\/wp\/v2\/product"}],"about":[{"href":"https:\/\/tavieta.lt\/lv\/wp-json\/wp\/v2\/types\/product"}],"wp:featuredmedia":[{"embeddable":true,"href":"https:\/\/tavieta.lt\/lv\/wp-json\/wp\/v2\/media\/11873"}],"wp:attachment":[{"href":"https:\/\/tavieta.lt\/lv\/wp-json\/wp\/v2\/media?parent=12732"}],"wp:term":[{"taxonomy":"product_brand","embeddable":true,"href":"https:\/\/tavieta.lt\/lv\/wp-json\/wp\/v2\/product_brand?post=12732"},{"taxonomy":"product_cat","embeddable":true,"href":"https:\/\/tavieta.lt\/lv\/wp-json\/wp\/v2\/product_cat?post=12732"},{"taxonomy":"product_tag","embeddable":true,"href":"https:\/\/tavieta.lt\/lv\/wp-json\/wp\/v2\/product_tag?post=12732"}],"curies":[{"name":"wp","href":"https:\/\/api.w.org\/{rel}","templated":true}]}}