{"id":12733,"date":"2024-02-07T09:10:36","date_gmt":"2024-02-07T09:10:36","guid":{"rendered":"http:\/\/tavieta.lt\/produktas\/konservavimo-lygintuvas-su-mentele\/"},"modified":"2024-02-07T09:10:38","modified_gmt":"2024-02-07T09:10:38","slug":"konservavimo-lygintuvas-su-mentele","status":"publish","type":"product","link":"https:\/\/tavieta.lt\/lv\/products\/konservavimo-lygintuvas-su-mentele\/","title":{"rendered":"Gludeklis ar l\u0101psti\u0146u"},"content":{"rendered":"<p><span style=\"color: #000000; font-size: 16px;\"> \u00a0Prec\u012bzi apsild\u0101ma l\u0101psti\u0146a ar met\u0101la korpusu, spilgtu displeju un sp\u0113c\u012bgu kabeli. \u0160is m\u016bsdien\u012bgais vat\u0113\u0161anas un \u0161pakte\u013cl\u0101psti\u0146as gludeklis ir PEL patent\u0113ts produkts, kas paredz\u0113ts visu veidu saglab\u0101\u0161anas vajadz\u012bb\u0101m, s\u0101kot ar sl\u012bp\u0113\u0161anu, l\u012bm\u0113\u0161anu un smalko \u0161pakte\u013cl\u0101psti\u0146as galu e\u013c\u013cas glezn\u0101m.<\/span><\/p>\n<p><span style=\"color: #000000; font-size: 16px;\">Ieprogramm\u0113jiet uzga\u013ca izm\u0113ru t\u0101, lai LED temperat\u016bras displejs var\u0113tu par\u0101d\u012bt prec\u012bzu temperat\u016bru 30 \u00baC 200 \u00baC (\/ 5 \u00baC) neatkar\u012bgi no uzga\u013ca izm\u0113ra. Gludek\u013ca v\u0101rpstas elements ir pastiprin\u0101ts ar ner\u016bs\u0113jo\u0161\u0101 t\u0113rauda buks\u0113m, lai nodro\u0161in\u0101tu liel\u0101ku iztur\u012bbu, \u012bpa\u0161i, ja to nep\u0101rtraukti izmanto k\u0101 gludekli. \u012apa\u0161as dro\u0161\u012bbas funkcijas; 115 spriegums vai 230 spriegums tiek pazemin\u0101ts l\u012bdz 24 voltiem mai\u0146str\u0101va. Silikona aukla nodro\u0161ina lielisku aizsardz\u012bbu pret nejau\u0161u aizdeg\u0161anos pat pie maksim\u0101l\u0101s uzga\u013ca temperat\u016bras.<\/span><\/p>\n<table style=\"width: 88.24123689803638%; height: 128px;\" cellspacing=\"0\" cellpadding=\"0\">\n<tbody>\n<tr style=\"height: 32px;\">\n<td style=\"height: 32px; text-align: center;\" valign=\"top\">\n<p><strong><span style=\"color: #000000; font-size: 16px;\">Materi\u0101la kods<\/span><\/strong><\/p>\n<\/td>\n<td style=\"height: 32px; text-align: center;\" valign=\"top\">\n<p><strong><span style=\"color: #000000; font-size: 16px;\">Apraksts<\/span><\/strong><\/p>\n<\/td>\n<td style=\"height: 32px; text-align: center;\" valign=\"top\">\n<p><strong><span style=\"color: #000000; font-size: 16px;\">Iepakojums<\/span><\/strong><\/p>\n<\/td>\n<\/tr>\n<tr style=\"height: 32px;\">\n<td style=\"height: 32px; text-align: center;\" valign=\"top\">\n<p><span style=\"color: #000000; font-size: 16px;\">P805-690<\/span><\/p>\n<\/td>\n<td style=\"height: 32px; text-align: center;\" valign=\"top\">\n<p><span style=\"color: #000000; font-size: 16px;\">Konservu dzelzs - 220\/240 volti - iek\u013cauts viens uzgalis<\/span><\/p>\n<\/td>\n<td style=\"height: 32px; text-align: center;\" valign=\"top\">\n<p><span style=\"color: #000000; font-size: 16px;\">1 gab.<\/span><\/p>\n<\/td>\n<\/tr>\n<tr style=\"height: 32px;\">\n<td style=\"height: 32px; text-align: center;\" valign=\"top\">\n<p><span style=\"color: #000000; font-size: 16px;\">P805-690-110<\/span><\/p>\n<\/td>\n<td style=\"height: 32px; text-align: center;\" valign=\"top\">\n<p><span style=\"color: #000000; font-size: 16px;\">Konservu dzelzs - 110 volti - iek\u013cauts viens uzgalis<\/span><\/p>\n<\/td>\n<td style=\"height: 32px; text-align: center;\" valign=\"top\">\n<p><span style=\"color: #000000; font-size: 16px;\">1 gab.<\/span><\/p>\n<\/td>\n<\/tr>\n<tr style=\"height: 32px;\">\n<td style=\"height: 32px; text-align: center;\" valign=\"top\">\n<p><span style=\"color: #000000; font-size: 16px;\">P805-TC50<\/span><\/p>\n<\/td>\n<td style=\"height: 32px; text-align: center;\" valign=\"top\">\n<p><span style=\"color: #000000; font-size: 16px;\">Rezerves taisngriezis - der tikai par\u0101d\u012btajai ier\u012bcei<\/span><\/p>\n<\/td>\n<td style=\"height: 32px; text-align: center;\" valign=\"top\">\n<p><span style=\"color: #000000; font-size: 16px;\">1 gab.<\/span><\/p>\n<\/td>\n<\/tr>\n<\/tbody>\n<\/table>\n<div id=\"gtx-trans\" style=\"position: absolute; left: 79px; top: 37px;\">\n<div class=\"gtx-trans-icon\"><\/div>\n<\/div>","protected":false},"excerpt":{"rendered":"<p>Gludeklis ar l\u0101psti\u0146u<\/p>","protected":false},"featured_media":11875,"template":"","meta":[],"product_brand":[],"product_cat":[149,152],"product_tag":[],"class_list":{"0":"post-12733","1":"product","2":"type-product","3":"status-publish","4":"has-post-thumbnail","6":"product_cat-restauratoriams","7":"product_cat-konservavimas","9":"first","10":"outofstock","11":"product-type-simple"},"_links":{"self":[{"href":"https:\/\/tavieta.lt\/lv\/wp-json\/wp\/v2\/product\/12733","targetHints":{"allow":["GET"]}}],"collection":[{"href":"https:\/\/tavieta.lt\/lv\/wp-json\/wp\/v2\/product"}],"about":[{"href":"https:\/\/tavieta.lt\/lv\/wp-json\/wp\/v2\/types\/product"}],"wp:featuredmedia":[{"embeddable":true,"href":"https:\/\/tavieta.lt\/lv\/wp-json\/wp\/v2\/media\/11875"}],"wp:attachment":[{"href":"https:\/\/tavieta.lt\/lv\/wp-json\/wp\/v2\/media?parent=12733"}],"wp:term":[{"taxonomy":"product_brand","embeddable":true,"href":"https:\/\/tavieta.lt\/lv\/wp-json\/wp\/v2\/product_brand?post=12733"},{"taxonomy":"product_cat","embeddable":true,"href":"https:\/\/tavieta.lt\/lv\/wp-json\/wp\/v2\/product_cat?post=12733"},{"taxonomy":"product_tag","embeddable":true,"href":"https:\/\/tavieta.lt\/lv\/wp-json\/wp\/v2\/product_tag?post=12733"}],"curies":[{"name":"wp","href":"https:\/\/api.w.org\/{rel}","templated":true}]}}