{"id":12736,"date":"2024-02-07T09:12:18","date_gmt":"2024-02-07T09:12:18","guid":{"rendered":"http:\/\/tavieta.lt\/produktas\/steamy-pr\/"},"modified":"2024-02-07T09:12:19","modified_gmt":"2024-02-07T09:12:19","slug":"steamy-pr","status":"publish","type":"product","link":"https:\/\/tavieta.lt\/lv\/products\/steamy-pr\/","title":{"rendered":"Tvaika PR"},"content":{"rendered":"<p><span style=\"color: #000000; font-size: 16px;\"> \u00a0Mikro tvaika \u0123enerators STEAMY PR ir prec\u012bzs r\u012bks, kas izstr\u0101d\u0101ts, lai apmierin\u0101tu pap\u012bra konservatora vajadz\u012bbas, kam nepiecie\u0161ama ier\u012bce, kuru var regul\u0113t, lai izv\u0113l\u0113tos smalku vai sp\u0113c\u012bgu p\u0101rkars\u0113ta tvaika pl\u016bsmu; pamatnei, l\u012bmlent\u0113m, stiprin\u0101jumiem utt. no\u0146em\u0161anai, k\u0101 ar\u012b lok\u0101lai traipu un net\u012brumu no\u0146em\u0161anai no pap\u012bra izstr\u0101d\u0101jumiem. Tvaiks tiek pieg\u0101d\u0101ts caur 1,5\u00a0m apsild\u0101mu cauruli un ir prec\u012bzi sagatavots punktveida apstr\u0101dei bez pilieniem. Lai izvair\u012btos no pil\u0113\u0161anas Nepiecie\u0161amais spiediens ir 3,5 b\u0101ri, lai izvair\u012btos no pil\u0113\u0161anas un izsmidzin\u0101\u0161anas. Tvaika e temperat\u016bra paaugstin\u0101s l\u012bdz aptuveni 160 \u00b0C, un tas izraisa \u016bdens kondens\u0101ciju caurul\u0113; sild\u012b\u0161anas laiks ir aptuveni 15 min\u016btes. Ide\u0101la kvalit\u0101tes un funkcionalit\u0101tes kombin\u0101cija padara to par uzticamu r\u012bku. Funkcijas ietver ner\u016bs\u0113jo\u0161\u0101 t\u0113rauda korpusu, iesl\u0113g\u0161anas\/izsl\u0113g\u0161anas sl\u0113dzi, \u0101tr\u0101s tvaika gaidst\u0101ves\/izsl\u0113g\u0161anas sviru, apsild\u0101mu \u0161\u013c\u016bteni un izv\u0113les elast\u012bgo stat\u012bvu br\u012bvroku lieto\u0161anai.<\/span><\/p>\n<p><span style=\"color: #000000; font-size: 16px;\">\u0160\u012b ier\u012bce nodro\u0161ina nep\u0101rtrauktu atka\u013c\u0137ota \u016bdens padevi, lai nov\u0113rstu ka\u013c\u0137a nogulsnes cieta \u016bdens zon\u0101s, kas var izrais\u012bt boj\u0101jumus un palielin\u0101t ener\u0123ijas izmaksas. Eso\u0161\u0101s ka\u013c\u0137a nogulsnes tiks nep\u0101rtraukti iz\u0161\u0137\u012bdin\u0101tas. Delimer tiek izmantots k\u0101 starpelements tvaika t\u012br\u012bt\u0101jos, karst\u0101 \u016bdens sild\u012bt\u0101jos, dzes\u0113\u0161anas elementos medic\u012bnas ier\u012bc\u0113m un ier\u012bc\u0113m, laboratorijas un ra\u017eo\u0161anas situ\u0101cij\u0101s. Iesp\u0113jama manu\u0101la \u016bdens no\u0146em\u0161ana, pas\u016btot \u016bdens kr\u0101nu.<\/span><\/p>\n<table style=\"width: 87.18595041322314%; height: 74px;\" cellspacing=\"0\" cellpadding=\"0\">\n<tbody>\n<tr style=\"height: 37px;\">\n<td style=\"text-align: center; height: 37px;\" valign=\"top\">\n<p><strong><span style=\"color: #000000; font-size: 16px;\">Materi\u0101la kods<\/span><\/strong><\/p>\n<\/td>\n<td style=\"text-align: center; height: 37px;\" valign=\"top\">\n<p><strong><span style=\"color: #000000; font-size: 16px;\">Apraksts<\/span><\/strong><\/p>\n<\/td>\n<td style=\"text-align: center; height: 37px;\" valign=\"top\">\n<p><strong><span style=\"color: #000000; font-size: 16px;\">Iepakojums<\/span><\/strong><\/p>\n<\/td>\n<\/tr>\n<tr style=\"height: 37px;\">\n<td style=\"text-align: center; height: 37px;\" valign=\"top\">\n<p><span style=\"color: #000000; font-size: 16px;\">60081<\/span><\/p>\n<\/td>\n<td style=\"text-align: center; height: 37px;\" valign=\"top\">\n<p><span style=\"color: #000000; font-size: 16px;\">Reitel STEAMY PR - tvaikam<\/span><\/p>\n<\/td>\n<td style=\"text-align: center; height: 37px;\" valign=\"top\">\n<p><span style=\"color: #000000; font-size: 16px;\">1 gab.<\/span><\/p>\n<\/td>\n<\/tr>\n<\/tbody>\n<\/table>\n<div id=\"gtx-trans\" style=\"position: absolute; left: 79px; top: 37px;\">\n<div class=\"gtx-trans-icon\"><\/div>\n<\/div>","protected":false},"excerpt":{"rendered":"<p>Tvaika PR<\/p>","protected":false},"featured_media":11879,"template":"","meta":[],"product_brand":[],"product_cat":[149],"product_tag":[],"class_list":{"0":"post-12736","1":"product","2":"type-product","3":"status-publish","4":"has-post-thumbnail","6":"product_cat-restauratoriams","8":"first","9":"outofstock","10":"product-type-simple"},"_links":{"self":[{"href":"https:\/\/tavieta.lt\/lv\/wp-json\/wp\/v2\/product\/12736","targetHints":{"allow":["GET"]}}],"collection":[{"href":"https:\/\/tavieta.lt\/lv\/wp-json\/wp\/v2\/product"}],"about":[{"href":"https:\/\/tavieta.lt\/lv\/wp-json\/wp\/v2\/types\/product"}],"wp:featuredmedia":[{"embeddable":true,"href":"https:\/\/tavieta.lt\/lv\/wp-json\/wp\/v2\/media\/11879"}],"wp:attachment":[{"href":"https:\/\/tavieta.lt\/lv\/wp-json\/wp\/v2\/media?parent=12736"}],"wp:term":[{"taxonomy":"product_brand","embeddable":true,"href":"https:\/\/tavieta.lt\/lv\/wp-json\/wp\/v2\/product_brand?post=12736"},{"taxonomy":"product_cat","embeddable":true,"href":"https:\/\/tavieta.lt\/lv\/wp-json\/wp\/v2\/product_cat?post=12736"},{"taxonomy":"product_tag","embeddable":true,"href":"https:\/\/tavieta.lt\/lv\/wp-json\/wp\/v2\/product_tag?post=12736"}],"curies":[{"name":"wp","href":"https:\/\/api.w.org\/{rel}","templated":true}]}}