{"id":12737,"date":"2024-02-07T09:12:18","date_gmt":"2024-02-07T09:12:18","guid":{"rendered":"http:\/\/tavieta.lt\/produktas\/garinis-skalpelis\/"},"modified":"2024-02-07T09:12:19","modified_gmt":"2024-02-07T09:12:19","slug":"garinis-skalpelis","status":"publish","type":"product","link":"https:\/\/tavieta.lt\/lv\/products\/garinis-skalpelis\/","title":{"rendered":"Tvaika skalpelis"},"content":{"rendered":"<p><span style=\"color: #000000; font-size: 16px;\">Tvaika skalpelis ir ier\u012bce, kas darbojas ar ultraska\u0146as gaisa mitrin\u0101t\u0101ju. Tas rada tvaika pl\u016bsmu, ko var uzsild\u012bt l\u012bdz 95 \u00b0 C. Tvaika temperat\u016bra tiek par\u0101d\u012bta vad\u012bbas blok\u0101 un tiek uztur\u0113ta v\u0113lamaj\u0101 l\u012bmen\u012b. Mitrin\u0101t\u0101js netiek pieg\u0101d\u0101ts kop\u0101 ar skalpeli k\u0101 t\u0101 standarta piederumu.<\/span><\/p>\n<table style=\"width: 85.40983606557377%; height: 75px;\" cellspacing=\"0\" cellpadding=\"0\">\n<tbody>\n<tr>\n<td style=\"text-align: center;\" valign=\"top\">\n<p><strong><span style=\"color: #000000; font-size: 16px;\">Materi\u0101la kods<\/span><\/strong><\/p>\n<\/td>\n<td style=\"text-align: center;\" valign=\"top\">\n<p><strong><span style=\"color: #000000; font-size: 16px;\">Apraksts<\/span><\/strong><\/p>\n<\/td>\n<td style=\"text-align: center;\" valign=\"top\">\n<p><strong><span style=\"color: #000000; font-size: 16px;\">Iepakojums<\/span><\/strong><\/p>\n<\/td>\n<\/tr>\n<tr>\n<td style=\"text-align: center;\" valign=\"top\">\n<p><span style=\"color: #000000; font-size: 16px;\">RTC4<\/span><\/p>\n<\/td>\n<td style=\"text-align: center;\" valign=\"top\">\n<p><span style=\"color: #000000; font-size: 16px;\">Tvaika skalpelis<\/span><\/p>\n<\/td>\n<td style=\"text-align: center;\" valign=\"top\">\n<p><span style=\"color: #000000; font-size: 16px;\">1 gab.<\/span><\/p>\n<\/td>\n<\/tr>\n<\/tbody>\n<\/table>\n<p><strong><span style=\"color: #000000; font-size: 16px;\">Tehniskie dati:<\/span><\/strong><\/p>\n<p><span style=\"color: #000000; font-size: 16px;\">Temperat\u016bra 20-95 \u00b0C \u00a0<\/span><\/p>\n<p><span style=\"color: #000000; font-size: 16px;\">kabe\u013ca garums 1,5\u00a0mb, \u00a0<\/span><\/p>\n<p><span style=\"color: #000000; font-size: 16px;\">svars 3,5 kg<\/span><\/p>\n<div id=\"gtx-trans\" style=\"position: absolute; left: 79px; top: 37px;\">\n<div class=\"gtx-trans-icon\"><\/div>\n<\/div>","protected":false},"excerpt":{"rendered":"<p>Tvaika skalpelis<\/p>","protected":false},"featured_media":11881,"template":"","meta":[],"product_brand":[],"product_cat":[149],"product_tag":[],"class_list":{"0":"post-12737","1":"product","2":"type-product","3":"status-publish","4":"has-post-thumbnail","6":"product_cat-restauratoriams","8":"first","9":"outofstock","10":"product-type-simple"},"_links":{"self":[{"href":"https:\/\/tavieta.lt\/lv\/wp-json\/wp\/v2\/product\/12737","targetHints":{"allow":["GET"]}}],"collection":[{"href":"https:\/\/tavieta.lt\/lv\/wp-json\/wp\/v2\/product"}],"about":[{"href":"https:\/\/tavieta.lt\/lv\/wp-json\/wp\/v2\/types\/product"}],"wp:featuredmedia":[{"embeddable":true,"href":"https:\/\/tavieta.lt\/lv\/wp-json\/wp\/v2\/media\/11881"}],"wp:attachment":[{"href":"https:\/\/tavieta.lt\/lv\/wp-json\/wp\/v2\/media?parent=12737"}],"wp:term":[{"taxonomy":"product_brand","embeddable":true,"href":"https:\/\/tavieta.lt\/lv\/wp-json\/wp\/v2\/product_brand?post=12737"},{"taxonomy":"product_cat","embeddable":true,"href":"https:\/\/tavieta.lt\/lv\/wp-json\/wp\/v2\/product_cat?post=12737"},{"taxonomy":"product_tag","embeddable":true,"href":"https:\/\/tavieta.lt\/lv\/wp-json\/wp\/v2\/product_tag?post=12737"}],"curies":[{"name":"wp","href":"https:\/\/api.w.org\/{rel}","templated":true}]}}