{"id":12739,"date":"2024-02-07T09:12:18","date_gmt":"2024-02-07T09:12:18","guid":{"rendered":"http:\/\/tavieta.lt\/produktas\/konservavimo-piestukas\/"},"modified":"2024-02-07T09:13:48","modified_gmt":"2024-02-07T09:13:48","slug":"konservavimo-piestukas","status":"publish","type":"product","link":"https:\/\/tavieta.lt\/lv\/products\/konservavimo-piestukas\/","title":{"rendered":"Aizsardz\u012bbas z\u012bmulis"},"content":{"rendered":"<p><span style=\"color: #000000; font-size: 16px;\">Konserv\u0113\u0161anas z\u012bmulis pirmo reizi bija pieejams 1989.\u00a0gad\u0101 un kop\u0161 t\u0101 laika ir pieg\u0101d\u0101ts vis\u0101 pasaul\u0113. Produkts ir k\u013cuvis par vienu no veiksm\u012bg\u0101kajiem konservantiem. \u00a0<\/span><\/p>\n<p><span style=\"color: #000000; font-size: 16px;\">Tas nodro\u0161ina maigas mitra (vai sausa) gaisa str\u016bklas no apk\u0101rt\u0113j\u0101s vides l\u012bdz 100\u00b0C un tiek izmantots l\u012bm\u0113m, sve\u0137iem, vec\u0101m eti\u0137et\u0113m, sl\u0101\u0146a no\u0146em\u0161anai, l\u012bmes un enz\u012bmu aktiv\u0101cijai, atbr\u012bvo\u0161anai un t\u012br\u012b\u0161anai. z\u012bmulis uzsilda mitrin\u0101t\u0101ja rad\u012bto auksto mitrumu l\u012bdz v\u0113lamajai iepriek\u0161 iestat\u012btajai temperat\u016brai, kas paliek nemain\u012bga.<\/span><\/p>\n<table style=\"width: 77.13191489361702%; height: 67px;\" cellspacing=\"0\" cellpadding=\"0\">\n<tbody>\n<tr>\n<td valign=\"top\">\n<p><strong><span style=\"color: #000000; font-size: 16px;\">Materi\u0101la kods<\/span><\/strong><\/p>\n<\/td>\n<td valign=\"top\">\n<p><strong><span style=\"color: #000000; font-size: 16px;\">Apraksts<\/span><\/strong><\/p>\n<\/td>\n<td valign=\"top\">\n<p><strong><span style=\"color: #000000; font-size: 16px;\">Iepakojums<\/span><\/strong><\/p>\n<\/td>\n<\/tr>\n<tr>\n<td valign=\"top\">\n<p><span style=\"color: #000000; font-size: 16px;\">x1426<\/span><\/p>\n<\/td>\n<td valign=\"top\">\n<p><span style=\"color: #000000; font-size: 16px;\">Aizsardz\u012bbas z\u012bmulis \u00ae<\/span><\/p>\n<\/td>\n<td valign=\"top\">\n<p><span style=\"color: #000000; font-size: 16px;\">1 komplekts<\/span><\/p>\n<\/td>\n<\/tr>\n<\/tbody>\n<\/table>\n<div id=\"gtx-trans\" style=\"position: absolute; left: 79px; top: 37px;\">\n<div class=\"gtx-trans-icon\"><\/div>\n<\/div>","protected":false},"excerpt":{"rendered":"<p>Aizsardz\u012bbas z\u012bmulis<\/p>","protected":false},"featured_media":11884,"template":"","meta":[],"product_brand":[],"product_cat":[149],"product_tag":[],"class_list":{"0":"post-12739","1":"product","2":"type-product","3":"status-publish","4":"has-post-thumbnail","6":"product_cat-restauratoriams","8":"first","9":"outofstock","10":"product-type-simple"},"_links":{"self":[{"href":"https:\/\/tavieta.lt\/lv\/wp-json\/wp\/v2\/product\/12739","targetHints":{"allow":["GET"]}}],"collection":[{"href":"https:\/\/tavieta.lt\/lv\/wp-json\/wp\/v2\/product"}],"about":[{"href":"https:\/\/tavieta.lt\/lv\/wp-json\/wp\/v2\/types\/product"}],"wp:featuredmedia":[{"embeddable":true,"href":"https:\/\/tavieta.lt\/lv\/wp-json\/wp\/v2\/media\/11884"}],"wp:attachment":[{"href":"https:\/\/tavieta.lt\/lv\/wp-json\/wp\/v2\/media?parent=12739"}],"wp:term":[{"taxonomy":"product_brand","embeddable":true,"href":"https:\/\/tavieta.lt\/lv\/wp-json\/wp\/v2\/product_brand?post=12739"},{"taxonomy":"product_cat","embeddable":true,"href":"https:\/\/tavieta.lt\/lv\/wp-json\/wp\/v2\/product_cat?post=12739"},{"taxonomy":"product_tag","embeddable":true,"href":"https:\/\/tavieta.lt\/lv\/wp-json\/wp\/v2\/product_tag?post=12739"}],"curies":[{"name":"wp","href":"https:\/\/api.w.org\/{rel}","templated":true}]}}