{"id":12741,"date":"2024-02-07T09:13:53","date_gmt":"2024-02-07T09:13:53","guid":{"rendered":"http:\/\/tavieta.lt\/produktas\/poliesterio-pleveliu-suvirinimo-prietaisas\/"},"modified":"2024-02-07T09:13:54","modified_gmt":"2024-02-07T09:13:54","slug":"poliesterio-pleveliu-suvirinimo-prietaisas","status":"publish","type":"product","link":"https:\/\/tavieta.lt\/lv\/products\/poliesterio-pleveliu-suvirinimo-prietaisas\/","title":{"rendered":"Poliestera pl\u0113ves metin\u0101\u0161anas iek\u0101rta"},"content":{"rendered":"<p><span style=\"color: #000000; font-size: 16px;\">\u0160\u012b jaun\u0101 ma\u0161\u012bna ir izstr\u0101d\u0101ta, \u0146emot v\u0113r\u0101 vesel\u012bbas un dro\u0161\u012bbas apstiprin\u0101jumu. M\u0113s vairs neizmantojam k\u0101jas sl\u0113dzi, ko var viegli nejau\u0161i iesl\u0113gt (noder\u012bga vesel\u012bbai un dro\u0161\u012bbai).  Mute, kas agr\u0101k, nospie\u017eot k\u0101jas sl\u0113dzi, aizv\u0113r\u0101s un var\u0113ja saspiest pirkstus, tas nenotiks ar jauno ier\u012bci. Ja neizmantojat muti, t\u0101s platumam nav ierobe\u017eojumu, t\u0101p\u0113c varat metin\u0101t \u013coti platas loksnes, l\u012bdz 1400 mm. Jaunais darba stils sniedz jums daudz vair\u0101k iesp\u0113ju str\u0101d\u0101t ar materi\u0101lu, kuru bl\u012bv\u0113jat.<\/span><\/p>\n<p><strong><span style=\"color: #000000; font-size: 16px;\">Tehniskie dati:<\/span><\/strong><\/p>\n<p><span style=\"color: #000000; font-size: 16px;\">Izm\u0113ri 870 x 680 x 240 mm, 230\/240 V<\/span><\/p>\n<table style=\"width: 80.6310975609756%; height: 108px;\" cellspacing=\"0\" cellpadding=\"0\">\n<tbody>\n<tr>\n<td style=\"text-align: center;\" valign=\"top\">\n<p><strong><span style=\"color: #000000; font-size: 16px;\">Materi\u0101la kods<\/span><\/strong><\/p>\n<\/td>\n<td style=\"text-align: center;\" valign=\"top\">\n<p><strong><span style=\"color: #000000; font-size: 16px;\">Apraksts<\/span><\/strong><\/p>\n<\/td>\n<td style=\"text-align: center;\" valign=\"top\">\n<p><strong><span style=\"color: #000000; font-size: 16px;\">Iepakojums<\/span><\/strong><\/p>\n<\/td>\n<\/tr>\n<tr>\n<td style=\"text-align: center;\" valign=\"top\">\n<p><span style=\"color: #000000; font-size: 16px;\">P806-7000 P806-7001<\/span><\/p>\n<\/td>\n<td style=\"text-align: center;\" valign=\"top\">\n<p><span style=\"color: #000000; font-size: 16px;\">Poliestera pl\u0113ves metin\u0101t\u0101js, 230\/240V<\/span><\/p>\n<p><span style=\"color: #000000; font-size: 16px;\">Rezerves metin\u0101\u0161anas rokturis<\/span><\/p>\n<\/td>\n<td style=\"text-align: center;\" valign=\"top\">\n<p><span style=\"color: #000000; font-size: 16px;\">1 gab.<\/span><\/p>\n<p><span style=\"color: #000000; font-size: 16px;\">1 gab.<\/span><\/p>\n<\/td>\n<\/tr>\n<tr>\n<td style=\"text-align: center;\" valign=\"top\">\n<p><span style=\"color: #000000; font-size: 16px;\">P806-7002<\/span><\/p>\n<\/td>\n<td style=\"text-align: center;\" valign=\"top\">\n<p><span style=\"color: #000000; font-size: 16px;\">Aizvietojo\u0161ais PTFE audums<\/span><\/p>\n<\/td>\n<td style=\"text-align: center;\" valign=\"top\">\n<p><span style=\"color: #000000; font-size: 16px;\">1 gab.<\/span><\/p>\n<\/td>\n<\/tr>\n<tr>\n<td style=\"text-align: center;\" valign=\"top\">\n<p><span style=\"color: #000000; font-size: 16px;\">P806-7004<\/span><\/p>\n<\/td>\n<td style=\"text-align: center;\" valign=\"top\">\n<p><span style=\"color: #000000; font-size: 16px;\">St\u0101v\u0113t<\/span><\/p>\n<\/td>\n<td style=\"text-align: center;\" valign=\"top\">\n<p><span style=\"color: #000000; font-size: 16px;\">1 gab.<\/span><\/p>\n<\/td>\n<\/tr>\n<\/tbody>\n<\/table>\n<div id=\"gtx-trans\" style=\"position: absolute; left: 79px; top: 37px;\">\n<div class=\"gtx-trans-icon\"><\/div>\n<\/div>","protected":false},"excerpt":{"rendered":"<p>Poliestera pl\u0113ves metin\u0101\u0161anas iek\u0101rta<\/p>","protected":false},"featured_media":11888,"template":"","meta":[],"product_brand":[],"product_cat":[149],"product_tag":[],"class_list":{"0":"post-12741","1":"product","2":"type-product","3":"status-publish","4":"has-post-thumbnail","6":"product_cat-restauratoriams","8":"first","9":"outofstock","10":"product-type-simple"},"_links":{"self":[{"href":"https:\/\/tavieta.lt\/lv\/wp-json\/wp\/v2\/product\/12741","targetHints":{"allow":["GET"]}}],"collection":[{"href":"https:\/\/tavieta.lt\/lv\/wp-json\/wp\/v2\/product"}],"about":[{"href":"https:\/\/tavieta.lt\/lv\/wp-json\/wp\/v2\/types\/product"}],"wp:featuredmedia":[{"embeddable":true,"href":"https:\/\/tavieta.lt\/lv\/wp-json\/wp\/v2\/media\/11888"}],"wp:attachment":[{"href":"https:\/\/tavieta.lt\/lv\/wp-json\/wp\/v2\/media?parent=12741"}],"wp:term":[{"taxonomy":"product_brand","embeddable":true,"href":"https:\/\/tavieta.lt\/lv\/wp-json\/wp\/v2\/product_brand?post=12741"},{"taxonomy":"product_cat","embeddable":true,"href":"https:\/\/tavieta.lt\/lv\/wp-json\/wp\/v2\/product_cat?post=12741"},{"taxonomy":"product_tag","embeddable":true,"href":"https:\/\/tavieta.lt\/lv\/wp-json\/wp\/v2\/product_tag?post=12741"}],"curies":[{"name":"wp","href":"https:\/\/api.w.org\/{rel}","templated":true}]}}