{"id":12743,"date":"2024-02-07T09:13:53","date_gmt":"2024-02-07T09:13:53","guid":{"rendered":"http:\/\/tavieta.lt\/produktas\/ult-istraukiamos-rankos-sistema\/"},"modified":"2025-01-30T13:15:40","modified_gmt":"2025-01-30T13:15:40","slug":"ult-istraukiamos-rankos-sistema","status":"publish","type":"product","link":"https:\/\/tavieta.lt\/lv\/products\/ult-istraukiamos-rankos-sistema\/","title":{"rendered":"ULT - izvelkamo roku sist\u0113ma"},"content":{"rendered":"<p><span style=\"color: #000000; font-size: 16px;\"> \u00a0ULT jumbo filtru rati\u0146i ir gaisa nos\u016bk\u0161anas un filtr\u0113\u0161anas sist\u0113ma, kas paredz\u0113ta putek\u013cu, pel\u0113juma sporu, \u0161\u0137\u012bdin\u0101t\u0101ju tvaiku un citu darba vides pies\u0101r\u0146ot\u0101ju filtr\u0113\u0161anai. \u00a0<\/span><\/p>\n<p><span style=\"color: #000000; font-size: 16px;\">Izvilk\u0161anas \u0101trums ir viegli main\u0101ms, un to var noregul\u0113t l\u012bdz \u013coti zemam l\u012bmenim, lai nodro\u0161in\u0101tu, ka delik\u0101t\u0101ki priek\u0161meti paliek neskarti.<\/span><\/p>\n<p><span style=\"color: #000000; font-size: 16px;\">Filtru rati\u0146i ir p\u0101rn\u0113s\u0101jama ier\u012bce ar zemu trok\u0161\u0146a l\u012bmeni, viegli darbin\u0101ma un kopjama. T\u012brs gaiss izpl\u016bst no iek\u0101rtas pamatnes un nerada caurv\u0113ju.<\/span><\/p>\n<table style=\"width: 92.45098039215686%; height: 39px;\" cellspacing=\"0\" cellpadding=\"0\">\n<tbody>\n<tr>\n<td style=\"text-align: center;\" valign=\"top\">\n<p><strong><span style=\"color: #000000; font-size: 16px;\">Materi\u0101la kods<\/span><\/strong><\/p>\n<\/td>\n<td style=\"text-align: center;\" valign=\"top\">\n<p><strong><span style=\"color: #000000; font-size: 16px;\">Apraksts<\/span><\/strong><\/p>\n<\/td>\n<td style=\"text-align: center;\" valign=\"top\">\n<p><strong><span style=\"color: #000000; font-size: 16px;\">Iepakojums<\/span><\/strong><\/p>\n<\/td>\n<\/tr>\n<tr>\n<td style=\"text-align: center;\" valign=\"top\">\n<p><span style=\"color: #000000; font-size: 16px;\">P105-3000<\/span><\/p>\n<\/td>\n<td style=\"text-align: center;\" valign=\"top\">\n<p><span style=\"color: #000000; font-size: 16px;\">ULT izvelkamo roku sist\u0113ma<\/span><\/p>\n<\/td>\n<td style=\"text-align: center;\" valign=\"top\">\n<p><span style=\"color: #000000; font-size: 16px;\">1 gab.<\/span><\/p>\n<\/td>\n<\/tr>\n<\/tbody>\n<\/table>\n<p><span style=\"color: #000000; font-size: 16px;\"><strong>Tehniskie dati: <\/strong>Maksim\u0101lais pl\u016bsmas \u0101trums: 170M3\/h, Maksim\u0101lais vakuums: 2800 Pa, Baro\u0161anas avots: 230 V \/ 50 Hz, Izm\u0113ri: 450 x 340 x 530 mm, Svars: 18 kg, Trok\u0161\u0146a l\u012bmenis: 49 dB (A), Materi\u0101ls: triecieniztur\u012bgs ABS, \u0137\u012bmiski iztur\u012bgs, iztur\u012bgs pret koroziju, regul\u0113jams trieciena virziens. izv\u0113les gaisa izpl\u016bde.<\/span><\/p>\n<div id=\"gtx-trans\" style=\"position: absolute; left: 79px; top: 37px;\">\n<div class=\"gtx-trans-icon\"><\/div>\n<\/div>","protected":false},"excerpt":{"rendered":"<p>ULT - izvelkamo roku sist\u0113ma<\/p>","protected":false},"featured_media":11892,"template":"","meta":[],"product_brand":[],"product_cat":[149,170],"product_tag":[],"class_list":{"0":"post-12743","1":"product","2":"type-product","3":"status-publish","4":"has-post-thumbnail","6":"product_cat-restauratoriams","7":"product_cat-restauravimo-iranga","9":"first","10":"outofstock","11":"product-type-simple"},"_links":{"self":[{"href":"https:\/\/tavieta.lt\/lv\/wp-json\/wp\/v2\/product\/12743","targetHints":{"allow":["GET"]}}],"collection":[{"href":"https:\/\/tavieta.lt\/lv\/wp-json\/wp\/v2\/product"}],"about":[{"href":"https:\/\/tavieta.lt\/lv\/wp-json\/wp\/v2\/types\/product"}],"wp:featuredmedia":[{"embeddable":true,"href":"https:\/\/tavieta.lt\/lv\/wp-json\/wp\/v2\/media\/11892"}],"wp:attachment":[{"href":"https:\/\/tavieta.lt\/lv\/wp-json\/wp\/v2\/media?parent=12743"}],"wp:term":[{"taxonomy":"product_brand","embeddable":true,"href":"https:\/\/tavieta.lt\/lv\/wp-json\/wp\/v2\/product_brand?post=12743"},{"taxonomy":"product_cat","embeddable":true,"href":"https:\/\/tavieta.lt\/lv\/wp-json\/wp\/v2\/product_cat?post=12743"},{"taxonomy":"product_tag","embeddable":true,"href":"https:\/\/tavieta.lt\/lv\/wp-json\/wp\/v2\/product_tag?post=12743"}],"curies":[{"name":"wp","href":"https:\/\/api.w.org\/{rel}","templated":true}]}}