{"id":12748,"date":"2024-02-07T09:15:35","date_gmt":"2024-02-07T09:15:35","guid":{"rendered":"http:\/\/tavieta.lt\/produktas\/plovimo-padeklai\/"},"modified":"2024-03-29T09:35:27","modified_gmt":"2024-03-29T09:35:27","slug":"plovimo-padeklai","status":"publish","type":"product","link":"https:\/\/tavieta.lt\/lv\/products\/plovimo-padeklai\/","title":{"rendered":"Mazg\u0101\u0161anas papl\u0101tes"},"content":{"rendered":"<p><span style=\"color: #000000; font-size: 16px;\">Mazg\u0101\u0161anas papl\u0101tes tiek izgatavotas p\u0113c pas\u016bt\u012bjuma. \u00a0<\/span><\/p>\n<p><span style=\"color: #000000; font-size: 16px;\">Ir da\u017e\u0101das iesp\u0113jas:<\/span><\/p>\n<ul>\n<li><span style=\"color: #000000; font-size: 16px;\">Izgatavots no da\u017e\u0101diem materi\u0101liem (plastmasas, ner\u016bs\u0113jo\u0161\u0101 t\u0113rauda)<\/span><\/li>\n<li><span style=\"color: #000000; font-size: 16px;\">ar\/bez pasv\u012btras<\/span><\/li>\n<li><span style=\"color: #000000; font-size: 16px;\">dren\u0101\u017ea, izmantojot caurumu rindu vien\u0101 pus\u0113<\/span><\/li>\n<li><span style=\"color: #000000; font-size: 16px;\">Elektroniska sl\u012bpuma\/augstuma regul\u0113\u0161ana<\/span><\/li>\n<\/ul>\n<p><span style=\"color: #000000; font-size: 16px;\">Dren\u0101\u017ea ar lodveida v\u0101rstu. Alum\u012bnija profilu sist\u0113mas pamatne ar sl\u0113dzamiem ritenti\u0146iem Uz pamatnes var novietot ar\u012b parastu darba virsmu.<\/span><\/p>\n<table style=\"width: 85.41489361702128%; height: 59px;\" cellspacing=\"0\" cellpadding=\"0\">\n<tbody>\n<tr>\n<td style=\"text-align: center;\" valign=\"top\">\n<p><strong><span style=\"color: #000000; font-size: 16px;\">Materi\u0101la kods<\/span><\/strong><\/p>\n<\/td>\n<td style=\"text-align: center;\" valign=\"top\">\n<p><strong><span style=\"color: #000000; font-size: 16px;\">Apraksts<\/span><\/strong><\/p>\n<\/td>\n<td style=\"text-align: center;\" valign=\"top\">\n<p><strong><span style=\"color: #000000; font-size: 16px;\">Iepakojums<\/span><\/strong><\/p>\n<\/td>\n<\/tr>\n<tr>\n<td style=\"text-align: center;\" valign=\"top\">\n<p><span style=\"color: #000000; font-size: 16px;\">BRW001<\/span><\/p>\n<\/td>\n<td style=\"text-align: center;\" valign=\"top\">\n<p><span style=\"color: #000000; font-size: 16px;\">Mazg\u0101\u0161anas papl\u0101te<\/span><\/p>\n<\/td>\n<td style=\"text-align: center;\" valign=\"top\">\n<p><span style=\"color: #000000; font-size: 16px;\">1 gab.<\/span><\/p>\n<\/td>\n<\/tr>\n<\/tbody>\n<\/table>\n<div id=\"gtx-trans\" style=\"position: absolute; left: 79px; top: 37px;\">\n<div class=\"gtx-trans-icon\"><\/div>\n<\/div>","protected":false},"excerpt":{"rendered":"<p>Mazg\u0101\u0161anas papl\u0101tes<\/p>","protected":false},"featured_media":11899,"template":"","meta":[],"product_brand":[],"product_cat":[149,170],"product_tag":[],"class_list":{"0":"post-12748","1":"product","2":"type-product","3":"status-publish","4":"has-post-thumbnail","6":"product_cat-restauratoriams","7":"product_cat-restauravimo-iranga","9":"first","10":"outofstock","11":"product-type-simple"},"_links":{"self":[{"href":"https:\/\/tavieta.lt\/lv\/wp-json\/wp\/v2\/product\/12748","targetHints":{"allow":["GET"]}}],"collection":[{"href":"https:\/\/tavieta.lt\/lv\/wp-json\/wp\/v2\/product"}],"about":[{"href":"https:\/\/tavieta.lt\/lv\/wp-json\/wp\/v2\/types\/product"}],"wp:featuredmedia":[{"embeddable":true,"href":"https:\/\/tavieta.lt\/lv\/wp-json\/wp\/v2\/media\/11899"}],"wp:attachment":[{"href":"https:\/\/tavieta.lt\/lv\/wp-json\/wp\/v2\/media?parent=12748"}],"wp:term":[{"taxonomy":"product_brand","embeddable":true,"href":"https:\/\/tavieta.lt\/lv\/wp-json\/wp\/v2\/product_brand?post=12748"},{"taxonomy":"product_cat","embeddable":true,"href":"https:\/\/tavieta.lt\/lv\/wp-json\/wp\/v2\/product_cat?post=12748"},{"taxonomy":"product_tag","embeddable":true,"href":"https:\/\/tavieta.lt\/lv\/wp-json\/wp\/v2\/product_tag?post=12748"}],"curies":[{"name":"wp","href":"https:\/\/api.w.org\/{rel}","templated":true}]}}