{"id":12751,"date":"2024-02-07T09:19:23","date_gmt":"2024-02-07T09:19:23","guid":{"rendered":"http:\/\/tavieta.lt\/produktas\/sildomas-vakuuminis-stalas-psd-2000\/"},"modified":"2024-03-29T09:35:23","modified_gmt":"2024-03-29T09:35:23","slug":"sildomas-vakuuminis-stalas-psd-2000","status":"publish","type":"product","link":"https:\/\/tavieta.lt\/lv\/products\/sildomas-vakuuminis-stalas-psd-2000\/","title":{"rendered":"Apsild\u0101ms vakuuma galds PSD 2000"},"content":{"rendered":"<p><span style=\"color: #000000; font-size: 16px;\">M\u016bsu liel\u0101kais galds no PSD 2000 kl\u0101sta. Paredz\u0113ts l\u012bdz\u012bgiem m\u0113r\u0137iem k\u0101 citas tabulas. T\u0101s konstrukciju atbalsta t\u0113rauda atbalsta r\u0101mis ar blo\u0137\u0113jamiem rite\u0146iem.<\/span><\/p>\n<table style=\"width: 77.1448275862069%; height: 174px;\" cellspacing=\"0\" cellpadding=\"0\">\n<tbody>\n<tr>\n<td style=\"text-align: center;\" valign=\"top\">\n<p><strong><span style=\"color: #000000; font-size: 16px;\">Materi\u0101la kods<\/span><\/strong><\/p>\n<\/td>\n<td style=\"text-align: center;\" valign=\"top\">\n<p><strong><span style=\"color: #000000; font-size: 16px;\">Apraksts<\/span><\/strong><\/p>\n<\/td>\n<td style=\"text-align: center;\" valign=\"top\">\n<p><strong><span style=\"color: #000000; font-size: 16px;\">Iepakojums<\/span><\/strong><\/p>\n<\/td>\n<\/tr>\n<tr>\n<td style=\"text-align: center;\" valign=\"top\">\n<p><span style=\"color: #000000; font-size: 16px;\">RT60095<\/span><\/p>\n<\/td>\n<td style=\"text-align: center;\" valign=\"top\">\n<p><span style=\"color: #000000; font-size: 16px;\">PSD 2000 - izm\u0113ri 150 x 250 cm<\/span><\/p>\n<\/td>\n<td style=\"text-align: center;\" valign=\"top\">\n<p><span style=\"color: #000000; font-size: 16px;\">1 gab.<\/span><\/p>\n<\/td>\n<\/tr>\n<tr>\n<td style=\"text-align: center;\" valign=\"top\">\n<p><span style=\"color: #000000; font-size: 16px;\">RT60096<\/span><\/p>\n<\/td>\n<td style=\"text-align: center;\" valign=\"top\">\n<p><span style=\"color: #000000; font-size: 16px;\">PSD 2000 - izm\u0113ri 150 x 200 cm<\/span><\/p>\n<\/td>\n<td style=\"text-align: center;\" valign=\"top\">\n<p><span style=\"color: #000000; font-size: 16px;\">1 gab.<\/span><\/p>\n<\/td>\n<\/tr>\n<tr>\n<td style=\"text-align: center;\" valign=\"top\">\n<p><span style=\"color: #000000; font-size: 16px;\">RT60097<\/span><\/p>\n<\/td>\n<td style=\"text-align: center;\" valign=\"top\">\n<p><span style=\"color: #000000; font-size: 16px;\">PSD 2000 - izm\u0113ri 100 x 200 cm<\/span><\/p>\n<\/td>\n<td style=\"text-align: center;\" valign=\"top\">\n<p><span style=\"color: #000000; font-size: 16px;\">1 gab.<\/span><\/p>\n<\/td>\n<\/tr>\n<tr>\n<td style=\"text-align: center;\" valign=\"top\">\n<p><span style=\"color: #000000; font-size: 16px;\">RT60098<\/span><\/p>\n<\/td>\n<td style=\"text-align: center;\" valign=\"top\">\n<p><span style=\"color: #000000; font-size: 16px;\">PSD 2000 BIG - izm\u0113ri 200 x 300 cm<\/span><\/p>\n<\/td>\n<td style=\"text-align: center;\" valign=\"top\">\n<p><span style=\"color: #000000; font-size: 16px;\">1 gab.<\/span><\/p>\n<\/td>\n<\/tr>\n<\/tbody>\n<\/table>\n<p><span style=\"color: #000000; font-size: 16px;\">Tehniskie dati:<\/span><\/p>\n<p><span style=\"color: #000000; font-size: 16px;\">Augstums 850 mm<\/span><\/p>\n<p><span style=\"color: #000000; font-size: 16px;\">Regul\u0113jama temperat\u016bra 90 \u00b0C \u00a0<\/span><\/p>\n<p><span style=\"color: #000000; font-size: 16px;\">Regul\u0113jams spiediens 0-800 hPa<\/span><\/p>\n<p><span style=\"color: #000000; font-size: 16px;\">Uzkars\u0113\u0161anas laiks: 0-90 \u00b0C 20 min<\/span><\/p>\n<p><span style=\"color: #000000; font-size: 16px;\">Sasal\u0161anas laiks: 90-40 \u00b0C 20 min \u00a0<\/span><\/p>\n<div id=\"gtx-trans\" style=\"position: absolute; left: 79px; top: 37px;\">\n<div class=\"gtx-trans-icon\"><\/div>\n<\/div>","protected":false},"excerpt":{"rendered":"<p>Apsild\u0101ms vakuuma galds PSD 1999.g<\/p>","protected":false},"featured_media":11903,"template":"","meta":[],"product_brand":[],"product_cat":[149,170],"product_tag":[],"class_list":{"0":"post-12751","1":"product","2":"type-product","3":"status-publish","4":"has-post-thumbnail","6":"product_cat-restauratoriams","7":"product_cat-restauravimo-iranga","9":"first","10":"outofstock","11":"product-type-simple"},"_links":{"self":[{"href":"https:\/\/tavieta.lt\/lv\/wp-json\/wp\/v2\/product\/12751","targetHints":{"allow":["GET"]}}],"collection":[{"href":"https:\/\/tavieta.lt\/lv\/wp-json\/wp\/v2\/product"}],"about":[{"href":"https:\/\/tavieta.lt\/lv\/wp-json\/wp\/v2\/types\/product"}],"wp:featuredmedia":[{"embeddable":true,"href":"https:\/\/tavieta.lt\/lv\/wp-json\/wp\/v2\/media\/11903"}],"wp:attachment":[{"href":"https:\/\/tavieta.lt\/lv\/wp-json\/wp\/v2\/media?parent=12751"}],"wp:term":[{"taxonomy":"product_brand","embeddable":true,"href":"https:\/\/tavieta.lt\/lv\/wp-json\/wp\/v2\/product_brand?post=12751"},{"taxonomy":"product_cat","embeddable":true,"href":"https:\/\/tavieta.lt\/lv\/wp-json\/wp\/v2\/product_cat?post=12751"},{"taxonomy":"product_tag","embeddable":true,"href":"https:\/\/tavieta.lt\/lv\/wp-json\/wp\/v2\/product_tag?post=12751"}],"curies":[{"name":"wp","href":"https:\/\/api.w.org\/{rel}","templated":true}]}}