{"id":12752,"date":"2024-02-07T09:19:23","date_gmt":"2024-02-07T09:19:23","guid":{"rendered":"http:\/\/tavieta.lt\/produktas\/sildomas-vakuuminis-stalas\/"},"modified":"2024-03-29T09:35:25","modified_gmt":"2024-03-29T09:35:25","slug":"sildomas-vakuuminis-stalas","status":"publish","type":"product","link":"https:\/\/tavieta.lt\/lv\/products\/sildomas-vakuuminis-stalas\/","title":{"rendered":"Apsild\u0101ms vakuuma galds"},"content":{"rendered":"<p><span style=\"color: #000000; font-size: 16px;\">PSD 200 kl\u0101sts sast\u0101v no da\u017e\u0101da izm\u0113ra gludin\u0101majiem galdiem, katram ir darba virsma ar no\u0146emam\u0101m k\u0101j\u0101m. Ar no\u0146emt\u0101m k\u0101j\u0101m m\u016bsu vakuuma galdus var izmantot k\u0101 papildu darba galdu. Parasti galdos ir integr\u0113ta apkures sist\u0113ma un dzes\u0113\u0161anas ventilators. Apkures sist\u0113ma nodro\u0161ina vienm\u0113r\u012bgu temperat\u016bru vis\u0101 galda virsm\u0101. Tabul\u0101s ir main\u012bgs skaits s\u016bk\u0161anas atveru, kur\u0101s ir sediment\u0101cijas tvertnes. S\u016bk\u0161anas atveru skaits ir atkar\u012bgs no galda izm\u0113ra, to sadal\u012bjums \u013cauj nol\u012bdzin\u0101t lielus priek\u0161metus pa da\u013c\u0101m. Galdi darbojas ar vakuums\u016bkni un tos kontrol\u0113 PSD 20X programm\u0113t\u0101js. PSD 20X programm\u0113t\u0101js un s\u016bknis nav standarta komplekt\u0101cij\u0101 ar galdu.<\/span><\/p>\n<table style=\"width: 90.43129770992367%; height: 74px;\" cellspacing=\"0\" cellpadding=\"0\">\n<tbody>\n<tr>\n<td style=\"text-align: center;\" valign=\"top\">\n<p><strong><span style=\"color: #000000; font-size: 16px;\">Materi\u0101la kods<\/span><\/strong><\/p>\n<\/td>\n<td style=\"text-align: center;\" valign=\"top\">\n<p><strong><span style=\"color: #000000; font-size: 16px;\">Apraksts<\/span><\/strong><\/p>\n<\/td>\n<td style=\"text-align: center;\" valign=\"top\">\n<p><strong><span style=\"color: #000000; font-size: 16px;\">Iepakojums<\/span><\/strong><\/p>\n<\/td>\n<\/tr>\n<tr>\n<td style=\"text-align: center;\" valign=\"top\">\n<p><span style=\"color: #000000; font-size: 16px;\">RT60099 <\/span><\/p>\n<p><span style=\"color: #000000; font-size: 16px;\">RT60100 <\/span><\/p>\n<p><span style=\"color: #000000; font-size: 16px;\">RT60101<\/span><\/p>\n<\/td>\n<td style=\"text-align: center;\" valign=\"top\">\n<p><span style=\"color: #000000; font-size: 16px;\">PSD 201 - izm\u0113ri 75 x 100 cm<\/span><\/p>\n<p><span style=\"color: #000000; font-size: 16px;\">PSD 202 - izm\u0113ri 100 x 120 cm<\/span><\/p>\n<p><span style=\"color: #000000; font-size: 16px;\">PSD 203 - izm\u0113ri 120 x 150 cm<\/span><\/p>\n<\/td>\n<td style=\"text-align: center;\" valign=\"top\">\n<p><span style=\"color: #000000; font-size: 16px;\">1 gab.<\/span><\/p>\n<p><span style=\"color: #000000; font-size: 16px;\">1 gab.<\/span><\/p>\n<p><span style=\"color: #000000; font-size: 16px;\">1 gab.<\/span><\/p>\n<\/td>\n<\/tr>\n<\/tbody>\n<\/table>\n<p><strong><span style=\"color: #000000; font-size: 16px;\">Tehniskie dati:<\/span><\/strong><\/p>\n<p><span style=\"color: #000000; font-size: 16px;\">galda virsmas augstums: 120 mm: augstums ar k\u0101j\u0101m 850 mm  \u00a0<\/span><\/p>\n<p><span style=\"color: #000000; font-size: 16px;\">ies\u016bk\u0161anas atveres atkar\u012bb\u0101 no veida: 1, 2, 4<\/span><\/p>\n<div id=\"gtx-trans\" style=\"position: absolute; left: 79px; top: 37px;\">\n<div class=\"gtx-trans-icon\"><\/div>\n<\/div>","protected":false},"excerpt":{"rendered":"<p>Apsild\u0101ms vakuuma galds<\/p>","protected":false},"featured_media":11905,"template":"","meta":[],"product_brand":[],"product_cat":[149,170],"product_tag":[],"class_list":{"0":"post-12752","1":"product","2":"type-product","3":"status-publish","4":"has-post-thumbnail","6":"product_cat-restauratoriams","7":"product_cat-restauravimo-iranga","9":"first","10":"outofstock","11":"product-type-simple"},"_links":{"self":[{"href":"https:\/\/tavieta.lt\/lv\/wp-json\/wp\/v2\/product\/12752","targetHints":{"allow":["GET"]}}],"collection":[{"href":"https:\/\/tavieta.lt\/lv\/wp-json\/wp\/v2\/product"}],"about":[{"href":"https:\/\/tavieta.lt\/lv\/wp-json\/wp\/v2\/types\/product"}],"wp:featuredmedia":[{"embeddable":true,"href":"https:\/\/tavieta.lt\/lv\/wp-json\/wp\/v2\/media\/11905"}],"wp:attachment":[{"href":"https:\/\/tavieta.lt\/lv\/wp-json\/wp\/v2\/media?parent=12752"}],"wp:term":[{"taxonomy":"product_brand","embeddable":true,"href":"https:\/\/tavieta.lt\/lv\/wp-json\/wp\/v2\/product_brand?post=12752"},{"taxonomy":"product_cat","embeddable":true,"href":"https:\/\/tavieta.lt\/lv\/wp-json\/wp\/v2\/product_cat?post=12752"},{"taxonomy":"product_tag","embeddable":true,"href":"https:\/\/tavieta.lt\/lv\/wp-json\/wp\/v2\/product_tag?post=12752"}],"curies":[{"name":"wp","href":"https:\/\/api.w.org\/{rel}","templated":true}]}}