{"id":12753,"date":"2024-02-07T09:19:23","date_gmt":"2024-02-07T09:19:23","guid":{"rendered":"http:\/\/tavieta.lt\/produktas\/programavimo-irenginys-psd-20x\/"},"modified":"2024-03-29T09:35:25","modified_gmt":"2024-03-29T09:35:25","slug":"programavimo-irenginys-psd-20x","status":"publish","type":"product","link":"https:\/\/tavieta.lt\/lv\/products\/programavimo-irenginys-psd-20x\/","title":{"rendered":"Programm\u0113\u0161anas iek\u0101rta PSD 20X"},"content":{"rendered":"<p><span style=\"color: #000000; font-size: 16px;\">Skirta naudoti su PSD 201, PSD 202 ir PSD 203 stalais.  \u012egalina tiksl\u0173 temperat\u016bros reguliavim\u0105 ir skaitmenin\u012f nuskaitym\u0105.  \u012erengtas i\u0161orinis vakuuminio siurblio valdymo lizdas, skaitmeninis sl\u0117gio rodmuo ir tiksli matavimo sistema \u201eVACUUMSTAT\u201d.  \u012erengtas papildomas temperat\u016bros u\u017eraktas, taip pat stalvir\u0161io jungties valdymo sistema, leid\u017eianti saugiai lyginti, esant kontroliuojamiems temperat\u016bros ir sl\u0117gio parametrams. Programavimo \u012frenginys jungiamas prie stalo daugialypiu ry\u0161iu ir prie vakuuminio siurblio per tiekimo kabel\u012f<\/span><\/p>\n<table style=\"width: 81.33971291866028%; height: 57px;\" cellspacing=\"0\" cellpadding=\"0\">\n<tbody>\n<tr>\n<td style=\"text-align: center;\" valign=\"top\">\n<p><strong><span style=\"color: #000000; font-size: 16px;\">Materi\u0101la kods<\/span><\/strong><\/p>\n<\/td>\n<td style=\"text-align: center;\" valign=\"top\">\n<p><strong><span style=\"color: #000000; font-size: 16px;\">Apraksts<\/span><\/strong><\/p>\n<\/td>\n<td style=\"text-align: center;\" valign=\"top\">\n<p><strong><span style=\"color: #000000; font-size: 16px;\">Iepakojums<\/span><\/strong><\/p>\n<\/td>\n<\/tr>\n<tr>\n<td style=\"text-align: center;\" valign=\"top\">\n<p><span style=\"color: #000000; font-size: 16px;\">RT60094<\/span><\/p>\n<\/td>\n<td style=\"text-align: center;\" valign=\"top\">\n<p><span style=\"color: #000000; font-size: 16px;\">PSD 20X programm\u0113t\u0101js<\/span><\/p>\n<\/td>\n<td style=\"text-align: center;\" valign=\"top\">\n<p><span style=\"color: #000000; font-size: 16px;\">1 gab.<\/span><\/p>\n<\/td>\n<\/tr>\n<\/tbody>\n<\/table>\n<p><strong><span style=\"color: #000000; font-size: 16px;\">Tehniskie dati:<\/span><\/strong><\/p>\n<p><span style=\"color: #000000; font-size: 16px;\">Reguliuojama temperat\u016bra :20 \u2013 90 \u00b0C \u00a0  \u00a0  \u00a0  \u00a0  \u00a0  \u00a0  \u00a0  \u00a0  \u00a0  \u00a0  \u00a0  \u00a0  \u00a0  \u00a0  \u00a0  \u00a0  \u00a0<\/span><\/p>\n<p><span style=\"color: #000000; font-size: 16px;\">reguliuojamas vakuumas: 0 \u2013 800 hPa<\/span><\/p>\n<p><span style=\"color: #000000; font-size: 16px;\">temperat\u016bras sl\u0113dzene<\/span><\/p>\n<div id=\"gtx-trans\" style=\"position: absolute; left: 79px; top: 37px;\">\n<div class=\"gtx-trans-icon\"><\/div>\n<\/div>","protected":false},"excerpt":{"rendered":"<p>Programm\u0113\u0161anas iek\u0101rta PSD 20X<\/p>","protected":false},"featured_media":11907,"template":"","meta":[],"product_brand":[],"product_cat":[149,170],"product_tag":[],"class_list":{"0":"post-12753","1":"product","2":"type-product","3":"status-publish","4":"has-post-thumbnail","6":"product_cat-restauratoriams","7":"product_cat-restauravimo-iranga","9":"first","10":"outofstock","11":"product-type-simple"},"_links":{"self":[{"href":"https:\/\/tavieta.lt\/lv\/wp-json\/wp\/v2\/product\/12753","targetHints":{"allow":["GET"]}}],"collection":[{"href":"https:\/\/tavieta.lt\/lv\/wp-json\/wp\/v2\/product"}],"about":[{"href":"https:\/\/tavieta.lt\/lv\/wp-json\/wp\/v2\/types\/product"}],"wp:featuredmedia":[{"embeddable":true,"href":"https:\/\/tavieta.lt\/lv\/wp-json\/wp\/v2\/media\/11907"}],"wp:attachment":[{"href":"https:\/\/tavieta.lt\/lv\/wp-json\/wp\/v2\/media?parent=12753"}],"wp:term":[{"taxonomy":"product_brand","embeddable":true,"href":"https:\/\/tavieta.lt\/lv\/wp-json\/wp\/v2\/product_brand?post=12753"},{"taxonomy":"product_cat","embeddable":true,"href":"https:\/\/tavieta.lt\/lv\/wp-json\/wp\/v2\/product_cat?post=12753"},{"taxonomy":"product_tag","embeddable":true,"href":"https:\/\/tavieta.lt\/lv\/wp-json\/wp\/v2\/product_tag?post=12753"}],"curies":[{"name":"wp","href":"https:\/\/api.w.org\/{rel}","templated":true}]}}