{"id":12754,"date":"2024-02-07T09:19:23","date_gmt":"2024-02-07T09:19:23","guid":{"rendered":"http:\/\/tavieta.lt\/produktas\/programavimo-irenginys-psd-11x\/"},"modified":"2024-03-29T09:35:24","modified_gmt":"2024-03-29T09:35:24","slug":"programavimo-irenginys-psd-11x","status":"publish","type":"product","link":"https:\/\/tavieta.lt\/lv\/products\/programavimo-irenginys-psd-11x\/","title":{"rendered":"Programm\u0113\u0161anas iek\u0101rta PSD 11X"},"content":{"rendered":"<p><span style=\"color: #000000; font-size: 16px;\">Izmanto\u0161anai ar NSD 111, 115, 110, 11 galdiem. Nodro\u0161ina prec\u012bzu temperat\u016bras un spiediena parametru digit\u0101lo regul\u0113\u0161anu, stabiliz\u0101ciju un m\u0113r\u012b\u0161anu. Programm\u0113\u0161anas iek\u0101rta ir savienota ar galdu ar daudzfunkcion\u0101lu savienojumu un spiediena m\u0113r\u012b\u0161anas PVC \u0161\u013c\u016bteni. Konsole ir savienota ar\u012b ar r\u016bpniecisko putek\u013cu s\u016bc\u0113ju, izmantojot standarta ligzdu ier\u012bces aizmugur\u0113. M\u016bsu VACUUMSTAT spiediena kontroles sist\u0113ma \u013cauj prec\u012bzi izv\u0113l\u0113ties un nofiks\u0113t v\u0113lamos saglab\u0101\u0161anas apst\u0101k\u013cus. NSD11X vad\u012bbas panelim ir dro\u0161\u012bbas vad\u012bbas sist\u0113ma, kas ne\u013cauj galda virsmai sasniegt 92\u00b0C un kontrol\u0113 boj\u0101tus galda savienojumus.<\/span><\/p>\n<table style=\"width: 83.01640195188797%; height: 74px;\" cellspacing=\"0\" cellpadding=\"0\">\n<tbody>\n<tr style=\"height: 32px;\">\n<td style=\"height: 32px; width: 28.35249042145594%; text-align: center;\" valign=\"top\">\n<p><span style=\"color: #000000; font-size: 16px;\"><strong>Materi\u0101la kods<\/strong><\/span><\/p>\n<\/td>\n<td style=\"height: 32px; width: 56.70498084291188%; text-align: center;\" valign=\"top\">\n<p><span style=\"color: #000000; font-size: 16px;\"><strong>Apraksts<\/strong><\/span><\/p>\n<\/td>\n<td style=\"height: 32px; width: 14.17624521072797%; text-align: center;\" valign=\"top\">\n<p><span style=\"color: #000000; font-size: 16px;\"><strong>Iepakojums<\/strong><\/span><\/p>\n<\/td>\n<\/tr>\n<tr style=\"height: 32px;\">\n<td style=\"height: 32px; width: 28.35249042145594%; text-align: center;\" valign=\"top\">\n<p><span style=\"color: #000000; font-size: 16px;\">RT0180<\/span><\/p>\n<\/td>\n<td style=\"height: 32px; width: 56.70498084291188%; text-align: center;\" valign=\"top\">\n<p><span style=\"color: #000000; font-size: 16px;\">NSD 11X programm\u0113\u0161anas ier\u012bce<\/span><\/p>\n<\/td>\n<td style=\"height: 32px; width: 14.17624521072797%; text-align: center;\" valign=\"top\">\n<p><span style=\"color: #000000; font-size: 16px;\">1 gab.<\/span><\/p>\n<\/td>\n<\/tr>\n<\/tbody>\n<\/table>\n<p>&nbsp;<\/p>\n<p><span style=\"color: #000000; font-size: 16px;\"><b>Tehniskie dati:<\/b><\/span><\/p>\n<p><span style=\"color: #000000; font-size: 16px;\">regul\u0113jama temperat\u016bra: 20 - 90 \u00b0C<\/span><\/p>\n<p><span style=\"color: #000000; font-size: 16px;\">regul\u0113jams vakuums: <span class=\"Apple-converted-space\"> \u00a0  \u00a0 <\/span>0 - 190 hPa<\/span><\/p>\n<p><span style=\"color: #000000; font-size: 16px;\">temperat\u016bras blo\u0137\u0113\u0161ana: <span class=\"Apple-converted-space\"> \u00a0  \u00a0 <\/span>92 \u00b0C<\/span><\/p>\n<div id=\"gtx-trans\" style=\"position: absolute; left: 79px; top: 37px;\">\n<div class=\"gtx-trans-icon\"><\/div>\n<\/div>","protected":false},"excerpt":{"rendered":"<p>Programm\u0113\u0161anas iek\u0101rta PSD 11X<\/p>","protected":false},"featured_media":11909,"template":"","meta":[],"product_brand":[],"product_cat":[149,170],"product_tag":[],"class_list":{"0":"post-12754","1":"product","2":"type-product","3":"status-publish","4":"has-post-thumbnail","6":"product_cat-restauratoriams","7":"product_cat-restauravimo-iranga","9":"first","10":"outofstock","11":"product-type-simple"},"_links":{"self":[{"href":"https:\/\/tavieta.lt\/lv\/wp-json\/wp\/v2\/product\/12754","targetHints":{"allow":["GET"]}}],"collection":[{"href":"https:\/\/tavieta.lt\/lv\/wp-json\/wp\/v2\/product"}],"about":[{"href":"https:\/\/tavieta.lt\/lv\/wp-json\/wp\/v2\/types\/product"}],"wp:featuredmedia":[{"embeddable":true,"href":"https:\/\/tavieta.lt\/lv\/wp-json\/wp\/v2\/media\/11909"}],"wp:attachment":[{"href":"https:\/\/tavieta.lt\/lv\/wp-json\/wp\/v2\/media?parent=12754"}],"wp:term":[{"taxonomy":"product_brand","embeddable":true,"href":"https:\/\/tavieta.lt\/lv\/wp-json\/wp\/v2\/product_brand?post=12754"},{"taxonomy":"product_cat","embeddable":true,"href":"https:\/\/tavieta.lt\/lv\/wp-json\/wp\/v2\/product_cat?post=12754"},{"taxonomy":"product_tag","embeddable":true,"href":"https:\/\/tavieta.lt\/lv\/wp-json\/wp\/v2\/product_tag?post=12754"}],"curies":[{"name":"wp","href":"https:\/\/api.w.org\/{rel}","templated":true}]}}