{"id":12755,"date":"2024-02-07T09:19:23","date_gmt":"2024-02-07T09:19:23","guid":{"rendered":"http:\/\/tavieta.lt\/produktas\/zemas-vakuuminis-stalas-nsd-1101\/"},"modified":"2024-03-29T09:35:23","modified_gmt":"2024-03-29T09:35:23","slug":"zemas-vakuuminis-stalas-nsd-1101","status":"publish","type":"product","link":"https:\/\/tavieta.lt\/lv\/products\/zemas-vakuuminis-stalas-nsd-1101\/","title":{"rendered":"Zema vakuuma galds &quot;NSD 1101&quot;"},"content":{"rendered":"<p><span style=\"color: #000000; font-size: 16px;\">Apsild\u0101mais vakuuma galds &quot;NSD 1101&quot; ir univers\u0101la iek\u0101rta, ko izmanto audekla, pap\u012bra un tekstilizstr\u0101d\u0101jumu konserv\u0113\u0161anai. Nenov\u0113rt\u0113jama pal\u012bdz\u012bba t\u0101dos darbos k\u0101 karst\u0101 un aukst\u0101 gludin\u0101\u0161ana, sl\u0101\u0146u izl\u012bdzin\u0101\u0161ana un nostiprin\u0101\u0161ana. Str\u0101d\u0101jot ar pap\u012bru, m\u016bsu tabula \u013cauj aizpild\u012bt punktus ar pap\u012bra masu.<\/span><\/p>\n<p><span style=\"color: #000000; font-size: 16px;\">M\u016bsu NSD 1101 sast\u0101v no perfor\u0113tas pl\u0101ksnes, ko atbalsta stingrs alum\u012bnija atbalsta r\u0101mis ar \u010detr\u0101m no\u0146emam\u0101m, augstum\u0101 regul\u0113jam\u0101m k\u0101j\u0101m. Galda programm\u0113t\u0101js \u013cauj digit\u0101li piel\u0101got gan temperat\u016bras, gan vakuuma parametrus. Galdam ir efekt\u012bva apkures sist\u0113ma un ventil\u0101cijas sist\u0113ma, kas iev\u0113rojami pa\u0101trina dzes\u0113\u0161anu.<\/span><\/p>\n<table style=\"width: 82.1203007518797%; height: 174px;\" cellspacing=\"0\" cellpadding=\"0\">\n<tbody>\n<tr>\n<td style=\"text-align: center;\" valign=\"top\">\n<p><strong><span style=\"color: #000000; font-size: 16px;\">Materi\u0101la kods<\/span><\/strong><\/p>\n<\/td>\n<td style=\"text-align: center;\" valign=\"top\">\n<p><strong><span style=\"color: #000000; font-size: 16px;\">Apraksts<\/span><\/strong><\/p>\n<\/td>\n<td style=\"text-align: center;\" valign=\"top\">\n<p><strong><span style=\"color: #000000; font-size: 16px;\">Iepakojums<\/span><\/strong><\/p>\n<\/td>\n<\/tr>\n<tr>\n<td style=\"text-align: center;\" valign=\"top\">\n<p><span style=\"color: #000000; font-size: 16px;\">RT60102<\/span><\/p>\n<\/td>\n<td style=\"text-align: center;\" valign=\"top\">\n<p><span style=\"color: #000000; font-size: 16px;\">NSD 1101 - izm\u0113ri 100 x 200 cm<\/span><\/p>\n<\/td>\n<td style=\"text-align: center;\" valign=\"top\">\n<p><span style=\"color: #000000; font-size: 16px;\">1 gab.<\/span><\/p>\n<\/td>\n<\/tr>\n<tr>\n<td style=\"text-align: center;\" valign=\"top\">\n<p><span style=\"color: #000000; font-size: 16px;\">RT60103<\/span><\/p>\n<\/td>\n<td style=\"text-align: center;\" valign=\"top\">\n<p><span style=\"color: #000000; font-size: 16px;\">NSD 1101 - izm\u0113ri 120 x 180 cm<\/span><\/p>\n<\/td>\n<td style=\"text-align: center;\" valign=\"top\">\n<p><span style=\"color: #000000; font-size: 16px;\">1 gab.<\/span><\/p>\n<\/td>\n<\/tr>\n<tr>\n<td style=\"text-align: center;\" valign=\"top\">\n<p><span style=\"color: #000000; font-size: 16px;\">RT60104<\/span><\/p>\n<\/td>\n<td style=\"text-align: center;\" valign=\"top\">\n<p><span style=\"color: #000000; font-size: 16px;\">NSD 1101 - izm\u0113ri 150 x 200 cm<\/span><\/p>\n<\/td>\n<td style=\"text-align: center;\" valign=\"top\">\n<p><span style=\"color: #000000; font-size: 16px;\">1 gab.<\/span><\/p>\n<\/td>\n<\/tr>\n<tr>\n<td style=\"text-align: center;\" valign=\"top\">\n<p><span style=\"color: #000000; font-size: 16px;\">RT60105<\/span><\/p>\n<\/td>\n<td style=\"text-align: center;\" valign=\"top\">\n<p><span style=\"color: #000000; font-size: 16px;\">NSD 1101 - izm\u0113ri 150 x 250 cm<\/span><\/p>\n<\/td>\n<td style=\"text-align: center;\" valign=\"top\">\n<p><span style=\"color: #000000; font-size: 16px;\">1 gab.<\/span><\/p>\n<\/td>\n<\/tr>\n<tr>\n<td style=\"text-align: center;\" valign=\"top\">\n<p><span style=\"color: #000000; font-size: 16px;\">RT60106<\/span><\/p>\n<\/td>\n<td style=\"text-align: center;\" valign=\"top\">\n<p><span style=\"color: #000000; font-size: 16px;\">NSD 1101 - izm\u0113ri 150 x 300 cm<\/span><\/p>\n<\/td>\n<td style=\"text-align: center;\" valign=\"top\">\n<p><span style=\"color: #000000; font-size: 16px;\">1 gab.<\/span><\/p>\n<\/td>\n<\/tr>\n<\/tbody>\n<\/table>\n<p><span style=\"color: #000000; font-size: 16px;\">M\u016bsu apsild\u0101mais vakuuma mini galds NSD 110 ir \u0113rts univers\u0101ls audekla gleznu, pap\u012bra un tekstilizstr\u0101d\u0101jumu saglab\u0101\u0161anai. \u0160im galda\/galdvirsmas modelim, neskatoties uz t\u0101 mazo svaru un svaru, ir efekt\u012bva elektrisk\u0101 apkures sist\u0113ma. Galds ir paredz\u0113ts lieto\u0161anai kop\u0101 ar NSD11X programm\u0113t\u0101ju un BY PASS tipa industri\u0101lo putek\u013cu s\u016bc\u0113ju k\u0101 putek\u013cs\u016bc\u0113ja avotu. Programm\u0113t\u0101js un putek\u013cu s\u016bc\u0113js parasti netiek pieg\u0101d\u0101ti kop\u0101 ar galdu<\/span><\/p>\n<table style=\"width: 81.74712643678161%; height: 42px;\" cellspacing=\"0\" cellpadding=\"0\">\n<tbody>\n<tr>\n<td style=\"text-align: center;\" valign=\"top\">\n<p><strong><span style=\"color: #000000; font-size: 16px;\">Materi\u0101la kods<\/span><\/strong><\/p>\n<\/td>\n<td style=\"text-align: center;\" valign=\"top\">\n<p><strong><span style=\"color: #000000; font-size: 16px;\">Apraksts<\/span><\/strong><\/p>\n<\/td>\n<td style=\"text-align: center;\" valign=\"top\">\n<p><strong><span style=\"color: #000000; font-size: 16px;\">Iepakojums<\/span><\/strong><\/p>\n<\/td>\n<\/tr>\n<tr>\n<td style=\"text-align: center;\" valign=\"top\">\n<p><span style=\"color: #000000; font-size: 16px;\">RT60107<\/span><\/p>\n<\/td>\n<td style=\"text-align: center;\" valign=\"top\">\n<p><span style=\"color: #000000; font-size: 16px;\">NSD 110 - izm\u0113ri 100 x 66 cm<\/span><\/p>\n<\/td>\n<td style=\"text-align: center;\" valign=\"top\">\n<p><span style=\"color: #000000; font-size: 16px;\">1 gab.<\/span><\/p>\n<\/td>\n<\/tr>\n<\/tbody>\n<\/table>\n<div id=\"gtx-trans\" style=\"position: absolute; left: 79px; top: 37px;\">\n<div class=\"gtx-trans-icon\"><\/div>\n<\/div>","protected":false},"excerpt":{"rendered":"<p>Zema vakuuma galds &quot;NSD 1101&quot;<\/p>","protected":false},"featured_media":11911,"template":"","meta":[],"product_brand":[],"product_cat":[149,170],"product_tag":[],"class_list":{"0":"post-12755","1":"product","2":"type-product","3":"status-publish","4":"has-post-thumbnail","6":"product_cat-restauratoriams","7":"product_cat-restauravimo-iranga","9":"first","10":"outofstock","11":"product-type-simple"},"_links":{"self":[{"href":"https:\/\/tavieta.lt\/lv\/wp-json\/wp\/v2\/product\/12755","targetHints":{"allow":["GET"]}}],"collection":[{"href":"https:\/\/tavieta.lt\/lv\/wp-json\/wp\/v2\/product"}],"about":[{"href":"https:\/\/tavieta.lt\/lv\/wp-json\/wp\/v2\/types\/product"}],"wp:featuredmedia":[{"embeddable":true,"href":"https:\/\/tavieta.lt\/lv\/wp-json\/wp\/v2\/media\/11911"}],"wp:attachment":[{"href":"https:\/\/tavieta.lt\/lv\/wp-json\/wp\/v2\/media?parent=12755"}],"wp:term":[{"taxonomy":"product_brand","embeddable":true,"href":"https:\/\/tavieta.lt\/lv\/wp-json\/wp\/v2\/product_brand?post=12755"},{"taxonomy":"product_cat","embeddable":true,"href":"https:\/\/tavieta.lt\/lv\/wp-json\/wp\/v2\/product_cat?post=12755"},{"taxonomy":"product_tag","embeddable":true,"href":"https:\/\/tavieta.lt\/lv\/wp-json\/wp\/v2\/product_tag?post=12755"}],"curies":[{"name":"wp","href":"https:\/\/api.w.org\/{rel}","templated":true}]}}