{"id":12757,"date":"2024-02-07T09:19:30","date_gmt":"2024-02-07T09:19:30","guid":{"rendered":"http:\/\/tavieta.lt\/produktas\/foninio-apsviesta-siurbimo-deze-nnp1\/"},"modified":"2024-03-29T09:35:21","modified_gmt":"2024-03-29T09:35:21","slug":"foninio-apsviesta-siurbimo-deze-nnp1","status":"publish","type":"product","link":"https:\/\/tavieta.lt\/lv\/products\/foninio-apsviesta-siurbimo-deze-nnp1\/","title":{"rendered":"Aizmugurgaismota ies\u016bk\u0161anas kaste NNP1"},"content":{"rendered":"<p><span style=\"color: #000000; font-size: 16px;\">M\u016bsu apgaismot\u0101 s\u016bk\u0161anas kaste apvieno zema spiediena s\u016bk\u0161anas galda un apgaismota galda funkcijas. Porain\u0101 apgaismot\u0101 s\u016bk\u0161anas virsma ir ar\u012b \u016bdens caurlaid\u012bga. Kad tiek izveidots vakuums, tas ir, kad tiek iesl\u0113gts putek\u013cu s\u016bc\u0113js, \u016bdens tiek ies\u016bkts caur porainu \u00a0<\/span><\/p>\n<p><span style=\"color: #000000; font-size: 16px;\">virsmas. M\u012bkstin\u0101t\u0101s celulozes\/tekstila \u0161\u0137iedras nos\u0113\u017eas uz darba virsmas un aizpilda apstr\u0101d\u0101jam\u0101 objekta zudumus. NNP1, NNP2 ies\u016bk\u0161anas kastes ir paredz\u0113tas pap\u012bra konserv\u0113\u0161anai, lai gan t\u0101s var izmantot ar\u012b tekstilizstr\u0101d\u0101jumu konserv\u0113\u0161anai. Darbojas<\/span><\/p>\n<p><span style=\"color: #000000; font-size: 16px;\">virsmas apgaismojums \u013cauj kontrol\u0113t prec\u012bzu apstr\u0101d\u0101jam\u0101 objekta sl\u0101\u0146u biezumu, identific\u0113jot iesp\u0113jamos pl\u012bsumus. Apgaismot\u0101s kast\u0113s tiek izmantotas dienasgaismas dienasgaismas spuldzes. \u00a0<\/span><\/p>\n<table style=\"width: 96.80254777070064%; height: 92px;\" cellspacing=\"0\" cellpadding=\"0\">\n<tbody>\n<tr>\n<td style=\"text-align: center;\" valign=\"top\">\n<p><strong><span style=\"color: #000000; font-size: 16px;\">Materi\u0101la kods<\/span><\/strong><\/p>\n<\/td>\n<td style=\"text-align: center;\" valign=\"top\">\n<p><strong><span style=\"color: #000000; font-size: 16px;\">Apraksts<\/span><\/strong><\/p>\n<\/td>\n<td style=\"text-align: center;\" valign=\"top\">\n<p><strong><span style=\"color: #000000; font-size: 16px;\">Iepakojums<\/span><\/strong><\/p>\n<\/td>\n<\/tr>\n<tr>\n<td style=\"text-align: center;\" valign=\"top\">\n<p><span style=\"color: #000000; font-size: 16px;\">RT1420 <\/span><\/p>\n<p><span style=\"color: #000000; font-size: 16px;\">RT1424 <\/span><\/p>\n<p><span style=\"color: #000000; font-size: 16px;\">RT1423<\/span><\/p>\n<\/td>\n<td style=\"text-align: center;\" valign=\"top\">\n<p><span style=\"color: #000000; font-size: 16px;\">Aizmugur\u0113j\u0101s gaismas ies\u016bk\u0161anas kaste NNP1<\/span><\/p>\n<p><span style=\"color: #000000; font-size: 16px;\"> \u00a0Aizmugur\u0113j\u0101s gaismas ies\u016bk\u0161anas kaste NNP2<\/span><\/p>\n<p><span style=\"color: #000000; font-size: 16px;\">Aizmugur\u0113j\u0101s gaismas ies\u016bk\u0161anas kaste NNP3L<\/span><\/p>\n<\/td>\n<td style=\"text-align: center;\" valign=\"top\">\n<p><span style=\"color: #000000; font-size: 16px;\">1 gab.<\/span><\/p>\n<p><span style=\"color: #000000; font-size: 16px;\">1 gab.<\/span><\/p>\n<p><span style=\"color: #000000; font-size: 16px;\">1 gab.<\/span><\/p>\n<\/td>\n<\/tr>\n<\/tbody>\n<\/table>\n<p><span style=\"color: #000000; font-size: 16px;\"> \u00a0 <\/span><\/p>\n<p><span style=\"color: #000000; font-size: 16px;\"> \u00a0 Apraksts:<\/span><\/p>\n<p>&nbsp;<\/p>\n<p><strong><span style=\"color: #000000; font-size: 16px;\">Tehniskie dati NNP1:<\/span><\/strong><\/p>\n<p><span style=\"color: #000000; font-size: 16px;\">Izm\u0113ri A2<\/span><\/p>\n<p><span style=\"color: #000000; font-size: 16px;\">Darba negat\u012bvais spiediens - max 150hPa  \u00a0<\/span><\/p>\n<p><span style=\"color: #000000; font-size: 16px;\">Darba virsma 48 x 64 cm<\/span><\/p>\n<p><span style=\"color: #000000; font-size: 16px;\">Izm\u0113ri 52 x 68 x 12 cm, 18 kg \u00a0<\/span><\/p>\n<p><span style=\"color: #000000; font-size: 16px;\">Ener\u0123ija 220V \/ 50Hz<\/span><\/p>\n<p><span style=\"color: #000000; font-size: 16px;\">Ener\u0123ijas pat\u0113ri\u0146\u0161<\/span><\/p>\n<p><span style=\"color: #000000; font-size: 16px;\">4x18W \u00a0<\/span><\/p>\n<p><span style=\"color: #000000; font-size: 16px;\">Dienas gaismas caurule Ra 95<\/span><\/p>\n<p><strong><span style=\"color: #000000; font-size: 16px;\">Tehniskie dati NNP2:<\/span><\/strong><\/p>\n<p><span style=\"color: #000000; font-size: 16px;\">Izm\u0113ri A1<\/span><\/p>\n<p><span style=\"color: #000000; font-size: 16px;\">Darba negat\u012bvais spiediens - max 150hPa \u00a0<\/span><\/p>\n<p><span style=\"color: #000000; font-size: 16px;\">Darba virsma 64 x 96 cm<\/span><\/p>\n<p><span style=\"color: #000000; font-size: 16px;\">Izm\u0113ri 52 x 68 x 12 cm, 30 kg \u00a0<\/span><\/p>\n<p><span style=\"color: #000000; font-size: 16px;\">Ener\u0123ija 220V \/ 50Hz<\/span><\/p>\n<p><span style=\"color: #000000; font-size: 16px;\">Ener\u0123ijas pat\u0113ri\u0146\u0161 8 x 18 W \u00a0<\/span><\/p>\n<p><span style=\"color: #000000; font-size: 16px;\">Dienas gaismas caurule Ra 95<\/span><\/p>\n<p><strong><span style=\"color: #000000; font-size: 16px;\">Tehniskie dati NNP3L:<\/span><\/strong><\/p>\n<p><span style=\"color: #000000; font-size: 16px;\">Izm\u0113ri A2<\/span><\/p>\n<p><span style=\"color: #000000; font-size: 16px;\">Darba negat\u012bvais spiediens - max 200hPa \u00a0<\/span><\/p>\n<p><span style=\"color: #000000; font-size: 16px;\">Darba virsma 46 x 62 cm<\/span><\/p>\n<p><span style=\"color: #000000; font-size: 16px;\">Izm\u0113ri 50 x 66 x 7 cm, 7,5 kg<\/span><\/p>\n<p><span style=\"color: #000000; font-size: 16px;\">Jauda 12 VDC<\/span><\/p>\n<p><span style=\"color: #000000; font-size: 16px;\">Ener\u0123ijas pat\u0113ri\u0146\u0161 22 W<\/span><\/p>\n<p><span style=\"color: #000000; font-size: 16px;\">Gaismas caurule balta ~1100 lx<\/span><\/p>\n<div id=\"gtx-trans\" style=\"position: absolute; left: 79px; top: 37px;\">\n<div class=\"gtx-trans-icon\"><\/div>\n<\/div>","protected":false},"excerpt":{"rendered":"<p>Izgaismots ies\u016bk\u0161anas kaste NNP0<\/p>","protected":false},"featured_media":11914,"template":"","meta":[],"product_brand":[],"product_cat":[149,170,171],"product_tag":[],"class_list":{"0":"post-12757","1":"product","2":"type-product","3":"status-publish","4":"has-post-thumbnail","6":"product_cat-restauratoriams","7":"product_cat-restauravimo-iranga","8":"product_cat-apsvietimas","10":"first","11":"outofstock","12":"product-type-simple"},"_links":{"self":[{"href":"https:\/\/tavieta.lt\/lv\/wp-json\/wp\/v2\/product\/12757","targetHints":{"allow":["GET"]}}],"collection":[{"href":"https:\/\/tavieta.lt\/lv\/wp-json\/wp\/v2\/product"}],"about":[{"href":"https:\/\/tavieta.lt\/lv\/wp-json\/wp\/v2\/types\/product"}],"wp:featuredmedia":[{"embeddable":true,"href":"https:\/\/tavieta.lt\/lv\/wp-json\/wp\/v2\/media\/11914"}],"wp:attachment":[{"href":"https:\/\/tavieta.lt\/lv\/wp-json\/wp\/v2\/media?parent=12757"}],"wp:term":[{"taxonomy":"product_brand","embeddable":true,"href":"https:\/\/tavieta.lt\/lv\/wp-json\/wp\/v2\/product_brand?post=12757"},{"taxonomy":"product_cat","embeddable":true,"href":"https:\/\/tavieta.lt\/lv\/wp-json\/wp\/v2\/product_cat?post=12757"},{"taxonomy":"product_tag","embeddable":true,"href":"https:\/\/tavieta.lt\/lv\/wp-json\/wp\/v2\/product_tag?post=12757"}],"curies":[{"name":"wp","href":"https:\/\/api.w.org\/{rel}","templated":true}]}}