{"id":12758,"date":"2024-02-07T09:19:30","date_gmt":"2024-02-07T09:19:30","guid":{"rendered":"http:\/\/tavieta.lt\/produktas\/knygu-siurbimo-stalas\/"},"modified":"2024-03-29T09:35:21","modified_gmt":"2024-03-29T09:35:21","slug":"knygu-siurbimo-stalas","status":"publish","type":"product","link":"https:\/\/tavieta.lt\/lv\/products\/knygu-siurbimo-stalas\/","title":{"rendered":"Gr\u0101matu s\u016bk\u0161anas galds"},"content":{"rendered":"<p><span style=\"color: #000000; font-size: 16px;\"> \u00a0 Gr\u0101matu s\u016bk\u0161anas galds, kas paredz\u0113ts pap\u012bra saglab\u0101\u0161anai iesiet\u0101s gr\u0101mat\u0101s. \u013bauj saglab\u0101t atsevi\u0161\u0137as lapas, ievietojot \u0137\u012b\u013cveida perfor\u0113tu pl\u0101ksni. \u00a0<\/span><\/p>\n<p><span style=\"color: #000000; font-size: 16px;\">Darba virsmu un gr\u0101matas balstu var noregul\u0113t, lai izvair\u012btos no sasprindzin\u0101juma l\u012bdz ierobe\u017eotam apjomam, nodro\u0161inot, ka lapa, ar kuru str\u0101d\u0101jat, darba laik\u0101 ir horizont\u0101la. Pl\u0101ksne ir izgatavota no ner\u016bs\u0113jo\u0161\u0101 t\u0113rauda, perfor\u0101cijas ir 1 mm diametr\u0101, un darba virsma ir 380 x 300 mm. \u00a0<\/span><\/p>\n<p><span style=\"color: #000000; font-size: 16px;\">Komplekt\u0101 ar 2,5 m savienojuma \u0161\u013c\u016bteni. Pl\u0101ksnes izm\u0113rs: 380.<\/span><\/p>\n<p><span style=\"color: #000000; font-size: 16px;\">Kop\u0113jais izm\u0113rs: 425 mm x 300 mm x 300 mm Nepiecie\u0161ama vakuuma sist\u0113ma, ieteicams 561 4500.<\/span><\/p>\n<table style=\"width: 87.14814814814815%; height: 101px;\" cellspacing=\"0\" cellpadding=\"0\">\n<tbody>\n<tr>\n<td style=\"text-align: center;\" valign=\"top\">\n<p><strong><span style=\"color: #000000; font-size: 16px;\">Materi\u0101la kods<\/span><\/strong><\/p>\n<\/td>\n<td style=\"text-align: center;\" valign=\"top\">\n<p><strong><span style=\"color: #000000; font-size: 16px;\">Apraksts<\/span><\/strong><\/p>\n<\/td>\n<td style=\"text-align: center;\" valign=\"top\">\n<p><strong><span style=\"color: #000000; font-size: 16px;\">Iepakojums<\/span><\/strong><\/p>\n<\/td>\n<\/tr>\n<tr>\n<td style=\"text-align: center;\" valign=\"top\">\n<p><span style=\"color: #000000; font-size: 16px;\">P805-3007<\/span><\/p>\n<\/td>\n<td style=\"text-align: center;\" valign=\"top\">\n<p><span style=\"color: #000000; font-size: 16px;\">PEL Book s\u016bk\u0161anas iek\u0101rta<\/span><\/p>\n<\/td>\n<td style=\"text-align: center;\" valign=\"top\">\n<p><span style=\"color: #000000; font-size: 16px;\">1 gab.<\/span><\/p>\n<\/td>\n<\/tr>\n<\/tbody>\n<\/table>\n<div id=\"gtx-trans\" style=\"position: absolute; left: 79px; top: 37px;\">\n<div class=\"gtx-trans-icon\"><\/div>\n<\/div>","protected":false},"excerpt":{"rendered":"<p>Gr\u0101matu s\u016bk\u0161anas galds<\/p>","protected":false},"featured_media":11916,"template":"","meta":[],"product_brand":[],"product_cat":[149,170],"product_tag":[],"class_list":{"0":"post-12758","1":"product","2":"type-product","3":"status-publish","4":"has-post-thumbnail","6":"product_cat-restauratoriams","7":"product_cat-restauravimo-iranga","9":"first","10":"outofstock","11":"product-type-simple"},"_links":{"self":[{"href":"https:\/\/tavieta.lt\/lv\/wp-json\/wp\/v2\/product\/12758","targetHints":{"allow":["GET"]}}],"collection":[{"href":"https:\/\/tavieta.lt\/lv\/wp-json\/wp\/v2\/product"}],"about":[{"href":"https:\/\/tavieta.lt\/lv\/wp-json\/wp\/v2\/types\/product"}],"wp:featuredmedia":[{"embeddable":true,"href":"https:\/\/tavieta.lt\/lv\/wp-json\/wp\/v2\/media\/11916"}],"wp:attachment":[{"href":"https:\/\/tavieta.lt\/lv\/wp-json\/wp\/v2\/media?parent=12758"}],"wp:term":[{"taxonomy":"product_brand","embeddable":true,"href":"https:\/\/tavieta.lt\/lv\/wp-json\/wp\/v2\/product_brand?post=12758"},{"taxonomy":"product_cat","embeddable":true,"href":"https:\/\/tavieta.lt\/lv\/wp-json\/wp\/v2\/product_cat?post=12758"},{"taxonomy":"product_tag","embeddable":true,"href":"https:\/\/tavieta.lt\/lv\/wp-json\/wp\/v2\/product_tag?post=12758"}],"curies":[{"name":"wp","href":"https:\/\/api.w.org\/{rel}","templated":true}]}}