{"id":12760,"date":"2024-02-07T09:19:30","date_gmt":"2024-02-07T09:19:30","guid":{"rendered":"http:\/\/tavieta.lt\/produktas\/ceibabath-plovimo-vonele\/"},"modified":"2024-03-29T09:35:19","modified_gmt":"2024-03-29T09:35:19","slug":"ceibabath-plovimo-vonele","status":"publish","type":"product","link":"https:\/\/tavieta.lt\/lv\/products\/ceibabath-plovimo-vonele\/","title":{"rendered":"CeibaBath - mazg\u0101\u0161anas vanna"},"content":{"rendered":"<p><span style=\"color: #000000; font-size: 16px;\">Restaur\u0101cijas lielapjoma vannas smalku pap\u012bra un tekstila materi\u0101lu mazg\u0101\u0161anai darb\u012bbas princips ir notur\u0113t pies\u0101r\u0146otos arh\u012bva materi\u0101lus uz plastmasas re\u017e\u0123a mazg\u0101\u0161anas kastes iek\u0161pus\u0113 un maigi nomazg\u0101t pies\u0101r\u0146ot\u0101jus no materi\u0101lu virsmas. Lie\u0161anai tiek izmantota speci\u0101la smidzin\u0101\u0161anas pistole, kur\u0101 ievietotas nomain\u0101mas da\u017e\u0101das caurlaid\u012bbas sprauslas. Atkar\u012bb\u0101 no operatora vajadz\u012bb\u0101m darba vietas augstumu var main\u012bt divos l\u012bme\u0146os. Net\u012brais mazg\u0101\u0161anas \u016bdens tiek sav\u0101kts \u0101rpus arh\u012bva, mazg\u0101\u0161anas kastes apak\u0161\u0101. P\u0113c darba pabeig\u0161anas vai uzpildes laukuma piepild\u012b\u0161anas atveriet dren\u0101\u017eas v\u0101rstu, kas pies\u0101r\u0146oto \u016bdeni novada sagatavot\u0101 spain\u012b vai atkritumos.<\/span><\/p>\n<p><span style=\"color: #000000; font-size: 16px;\"> \u00a0Izm\u0113ri 912 x 612 x 295 mm.  Galda virsmas izm\u0113rs 900x600mm.<\/span><\/p>\n<table style=\"width: 84.42674128729702%; height: 71px;\" cellspacing=\"0\" cellpadding=\"0\">\n<tbody>\n<tr style=\"height: 32px;\">\n<td style=\"height: 32px; text-align: center;\" valign=\"top\">\n<p><strong><span style=\"color: #000000; font-size: 16px;\">Materi\u0101la kods<\/span><\/strong><\/p>\n<\/td>\n<td style=\"height: 32px; text-align: center;\" valign=\"top\">\n<p><strong><span style=\"color: #000000; font-size: 16px;\">Apraksts<\/span><\/strong><\/p>\n<\/td>\n<td style=\"height: 32px; text-align: center;\" valign=\"top\">\n<p><strong><span style=\"color: #000000; font-size: 16px;\">Iepakojums<\/span><\/strong><\/p>\n<\/td>\n<\/tr>\n<tr style=\"height: 32px;\">\n<td style=\"height: 32px; text-align: center;\" valign=\"top\">\n<p><span style=\"color: #000000; font-size: 16px;\">OST00064<\/span><\/p>\n<\/td>\n<td style=\"height: 32px; text-align: center;\" valign=\"top\">\n<p><span style=\"color: #000000; font-size: 16px;\">CeibaBath - mazg\u0101\u0161anas vanna<\/span><\/p>\n<\/td>\n<td style=\"height: 32px; text-align: center;\" valign=\"top\">\n<p><span style=\"color: #000000; font-size: 16px;\">1 gab.<\/span><\/p>\n<\/td>\n<\/tr>\n<\/tbody>\n<\/table>\n<div id=\"gtx-trans\" style=\"position: absolute; left: 79px; top: 37px;\">\n<div class=\"gtx-trans-icon\"><\/div>\n<\/div>","protected":false},"excerpt":{"rendered":"<p>CeibaBath - mazg\u0101\u0161anas vanna<\/p>","protected":false},"featured_media":11919,"template":"","meta":[],"product_brand":[],"product_cat":[149,170],"product_tag":[],"class_list":{"0":"post-12760","1":"product","2":"type-product","3":"status-publish","4":"has-post-thumbnail","6":"product_cat-restauratoriams","7":"product_cat-restauravimo-iranga","9":"first","10":"outofstock","11":"product-type-simple"},"_links":{"self":[{"href":"https:\/\/tavieta.lt\/lv\/wp-json\/wp\/v2\/product\/12760","targetHints":{"allow":["GET"]}}],"collection":[{"href":"https:\/\/tavieta.lt\/lv\/wp-json\/wp\/v2\/product"}],"about":[{"href":"https:\/\/tavieta.lt\/lv\/wp-json\/wp\/v2\/types\/product"}],"wp:featuredmedia":[{"embeddable":true,"href":"https:\/\/tavieta.lt\/lv\/wp-json\/wp\/v2\/media\/11919"}],"wp:attachment":[{"href":"https:\/\/tavieta.lt\/lv\/wp-json\/wp\/v2\/media?parent=12760"}],"wp:term":[{"taxonomy":"product_brand","embeddable":true,"href":"https:\/\/tavieta.lt\/lv\/wp-json\/wp\/v2\/product_brand?post=12760"},{"taxonomy":"product_cat","embeddable":true,"href":"https:\/\/tavieta.lt\/lv\/wp-json\/wp\/v2\/product_cat?post=12760"},{"taxonomy":"product_tag","embeddable":true,"href":"https:\/\/tavieta.lt\/lv\/wp-json\/wp\/v2\/product_tag?post=12760"}],"curies":[{"name":"wp","href":"https:\/\/api.w.org\/{rel}","templated":true}]}}