{"id":12761,"date":"2024-02-07T09:22:34","date_gmt":"2024-02-07T09:22:34","guid":{"rendered":"http:\/\/tavieta.lt\/produktas\/ceibaroto-rotacine-plovimo-vonele\/"},"modified":"2024-03-29T09:35:19","modified_gmt":"2024-03-29T09:35:19","slug":"ceibaroto-rotacine-plovimo-vonele","status":"publish","type":"product","link":"https:\/\/tavieta.lt\/lv\/products\/ceibaroto-rotacine-plovimo-vonele\/","title":{"rendered":"CeibaRoto - rot\u0101cijas mazg\u0101\u0161anas vanna"},"content":{"rendered":"<p><span style=\"color: #000000; font-size: 16px;\">Rot\u0101cijas vanna lielu arh\u012bvu ierakstu mazg\u0101\u0161anai. Mazg\u0101jamo lietu ievieto sakrustot\u0101 dr\u0101n\u0101 un cilindra veid\u0101 sarull\u0113tu ievieto mazg\u0101\u0161anas vann\u0101. \u016adens, kas cirkul\u0113 iek\u0161pus\u0113, grie\u017e cilindru atbilsto\u0161i iestat\u012btajam \u016bdens spiedienam. Mazg\u0101\u0161ana ir viendab\u012bga un intens\u012bva, bez arh\u012bva materi\u0101la boj\u0101jumiem. Maksim\u0101lo mazg\u0101jam\u0101s lietas izm\u0113ru ierobe\u017eo tikai vanna ar darba platumu 80 cm. Mazg\u0101jam\u0101m liet\u0101m var b\u016bt ar\u012b citi izm\u0113ri. Izm\u0113ri 800 x 300 x 300 mm, neto materi\u0101la izm\u0113ri 2000 x 780 mm, Materi\u0101ls PVC, pel\u0113ka kr\u0101sa.<\/span><\/p>\n<table style=\"width: 96.8%; height: 74px;\" cellspacing=\"0\" cellpadding=\"0\">\n<tbody>\n<tr>\n<td style=\"text-align: center;\" valign=\"top\">\n<p><strong><span style=\"color: #000000; font-size: 16px;\">Materi\u0101la kods<\/span><\/strong><\/p>\n<\/td>\n<td style=\"text-align: center;\" valign=\"top\">\n<p><strong><span style=\"color: #000000; font-size: 16px;\">Apraksts<\/span><\/strong><\/p>\n<\/td>\n<td style=\"text-align: center;\" valign=\"top\">\n<p><strong><span style=\"color: #000000; font-size: 16px;\">Iepakojums<\/span><\/strong><\/p>\n<\/td>\n<\/tr>\n<tr>\n<td style=\"text-align: center;\" valign=\"top\">\n<p><span style=\"color: #000000; font-size: 16px;\">10687<\/span><\/p>\n<\/td>\n<td style=\"text-align: center;\" valign=\"top\">\n<p><span style=\"color: #000000; font-size: 16px;\">CeibaRoto - rot\u0101cijas mazg\u0101\u0161anas vanna<\/span><\/p>\n<\/td>\n<td style=\"text-align: center;\" valign=\"top\">\n<p><span style=\"color: #000000; font-size: 16px;\">1 gab.<\/span><\/p>\n<\/td>\n<\/tr>\n<\/tbody>\n<\/table>\n<div id=\"gtx-trans\" style=\"position: absolute; left: 79px; top: 37px;\">\n<div class=\"gtx-trans-icon\"><\/div>\n<\/div>","protected":false},"excerpt":{"rendered":"<p>CeibaRoto - rot\u0101cijas mazg\u0101\u0161anas vanna<\/p>","protected":false},"featured_media":11921,"template":"","meta":[],"product_brand":[],"product_cat":[149,170],"product_tag":[],"class_list":{"0":"post-12761","1":"product","2":"type-product","3":"status-publish","4":"has-post-thumbnail","6":"product_cat-restauratoriams","7":"product_cat-restauravimo-iranga","9":"first","10":"outofstock","11":"product-type-simple"},"_links":{"self":[{"href":"https:\/\/tavieta.lt\/lv\/wp-json\/wp\/v2\/product\/12761","targetHints":{"allow":["GET"]}}],"collection":[{"href":"https:\/\/tavieta.lt\/lv\/wp-json\/wp\/v2\/product"}],"about":[{"href":"https:\/\/tavieta.lt\/lv\/wp-json\/wp\/v2\/types\/product"}],"wp:featuredmedia":[{"embeddable":true,"href":"https:\/\/tavieta.lt\/lv\/wp-json\/wp\/v2\/media\/11921"}],"wp:attachment":[{"href":"https:\/\/tavieta.lt\/lv\/wp-json\/wp\/v2\/media?parent=12761"}],"wp:term":[{"taxonomy":"product_brand","embeddable":true,"href":"https:\/\/tavieta.lt\/lv\/wp-json\/wp\/v2\/product_brand?post=12761"},{"taxonomy":"product_cat","embeddable":true,"href":"https:\/\/tavieta.lt\/lv\/wp-json\/wp\/v2\/product_cat?post=12761"},{"taxonomy":"product_tag","embeddable":true,"href":"https:\/\/tavieta.lt\/lv\/wp-json\/wp\/v2\/product_tag?post=12761"}],"curies":[{"name":"wp","href":"https:\/\/api.w.org\/{rel}","templated":true}]}}