{"id":12762,"date":"2024-02-07T09:22:34","date_gmt":"2024-02-07T09:22:34","guid":{"rendered":"http:\/\/tavieta.lt\/produktas\/ceibawet-drekiklis-ir-dezinfekavimo-kamera\/"},"modified":"2024-03-29T09:35:18","modified_gmt":"2024-03-29T09:35:18","slug":"ceibawet-drekiklis-ir-dezinfekavimo-kamera","status":"publish","type":"product","link":"https:\/\/tavieta.lt\/lv\/products\/ceibawet-drekiklis-ir-dezinfekavimo-kamera\/","title":{"rendered":"CeibaWet - mitrin\u0101t\u0101ja un dezinfekcijas kamera"},"content":{"rendered":"<p><span style=\"color: #000000; font-size: 16px;\">Kastes tipa iek\u0101rta restaur\u0113ta arh\u012bva materi\u0101la mitrin\u0101\u0161anai un dezinfekcijai. Viss korpuss ir izgatavots no gai\u0161a mat\u0113ta organisk\u0101 stikla, kas \u013cauj optiski kontrol\u0113t notieko\u0161o procesu. Piek\u013cuvi trim iestr\u0101d\u0101tajiem \u017e\u0101v\u0113\u0161anas plauktiem nodro\u0161ina uz aug\u0161u v\u0113rstas durvis, kas piestiprin\u0101tas pie b\u012bd\u0101m\u0101m e\u0146\u0123\u0113m. \u0160is jaunais dizains nodro\u0161ina \u0101tru un \u0113rtu vad\u012bbu bez ierast\u0101s probl\u0113mas &quot;kur uzglab\u0101t durvis&quot;. Herm\u0113tiski nosl\u0113gts ar div\u0101m sl\u0113dzen\u0113m. Termoss\/hidrometrs tiek pieg\u0101d\u0101ts ar nepiecie\u0161amajiem datiem un m\u0113r\u012bjumu parametriem.<\/span><\/p>\n<p><span style=\"color: #000000; font-size: 16px;\">Izm\u0113ri: 900 x 600 x 500 mm.<\/span><\/p>\n<table style=\"width: 92.09677419354838%; height: 56px;\" cellspacing=\"0\" cellpadding=\"0\">\n<tbody>\n<tr>\n<td style=\"text-align: center;\" valign=\"top\">\n<p><strong><span style=\"color: #000000; font-size: 16px;\">Materi\u0101la kods<\/span><\/strong><\/p>\n<\/td>\n<td style=\"text-align: center;\" valign=\"top\">\n<p><strong><span style=\"color: #000000; font-size: 16px;\">Apraksts<\/span><\/strong><\/p>\n<\/td>\n<td style=\"text-align: center;\" valign=\"top\">\n<p><strong><span style=\"color: #000000; font-size: 16px;\">Iepakojums<\/span><\/strong><\/p>\n<\/td>\n<\/tr>\n<tr>\n<td style=\"text-align: center;\" valign=\"top\">\n<p><span style=\"color: #000000; font-size: 16px;\">40083<\/span><\/p>\n<\/td>\n<td style=\"text-align: center;\" valign=\"top\">\n<p><span style=\"color: #000000; font-size: 16px;\">CeibaWet - mitrin\u0101t\u0101ja un dezinfekcijas kamera<\/span><\/p>\n<\/td>\n<td style=\"text-align: center;\" valign=\"top\">\n<p><span style=\"color: #000000; font-size: 16px;\">1 gab.<\/span><\/p>\n<\/td>\n<\/tr>\n<\/tbody>\n<\/table>\n<div id=\"gtx-trans\" style=\"position: absolute; left: 79px; top: 37px;\">\n<div class=\"gtx-trans-icon\"><\/div>\n<\/div>","protected":false},"excerpt":{"rendered":"<p>CeibaWet - mitrin\u0101t\u0101ja un dezinfekcijas kamera<\/p>","protected":false},"featured_media":11923,"template":"","meta":[],"product_brand":[],"product_cat":[149,170],"product_tag":[],"class_list":{"0":"post-12762","1":"product","2":"type-product","3":"status-publish","4":"has-post-thumbnail","6":"product_cat-restauratoriams","7":"product_cat-restauravimo-iranga","9":"first","10":"outofstock","11":"product-type-simple"},"_links":{"self":[{"href":"https:\/\/tavieta.lt\/lv\/wp-json\/wp\/v2\/product\/12762","targetHints":{"allow":["GET"]}}],"collection":[{"href":"https:\/\/tavieta.lt\/lv\/wp-json\/wp\/v2\/product"}],"about":[{"href":"https:\/\/tavieta.lt\/lv\/wp-json\/wp\/v2\/types\/product"}],"wp:featuredmedia":[{"embeddable":true,"href":"https:\/\/tavieta.lt\/lv\/wp-json\/wp\/v2\/media\/11923"}],"wp:attachment":[{"href":"https:\/\/tavieta.lt\/lv\/wp-json\/wp\/v2\/media?parent=12762"}],"wp:term":[{"taxonomy":"product_brand","embeddable":true,"href":"https:\/\/tavieta.lt\/lv\/wp-json\/wp\/v2\/product_brand?post=12762"},{"taxonomy":"product_cat","embeddable":true,"href":"https:\/\/tavieta.lt\/lv\/wp-json\/wp\/v2\/product_cat?post=12762"},{"taxonomy":"product_tag","embeddable":true,"href":"https:\/\/tavieta.lt\/lv\/wp-json\/wp\/v2\/product_tag?post=12762"}],"curies":[{"name":"wp","href":"https:\/\/api.w.org\/{rel}","templated":true}]}}