{"id":12763,"date":"2024-02-07T09:22:34","date_gmt":"2024-02-07T09:22:34","guid":{"rendered":"http:\/\/tavieta.lt\/produktas\/plastikines-voneles\/"},"modified":"2024-03-29T09:35:17","modified_gmt":"2024-03-29T09:35:17","slug":"plastikines-voneles","status":"publish","type":"product","link":"https:\/\/tavieta.lt\/lv\/products\/plastikines-voneles\/","title":{"rendered":"Plastmasas kubli"},"content":{"rendered":"<p><span style=\"color: #000000; font-size: 16px;\">Liela plastmasas vanna no PVC v\u0113lamaj\u0101 kr\u0101s\u0101. Kreisais aizmugur\u0113jais st\u016bris ir piel\u0101gots izlietnes izvadam un savienojumam ar atkritumu sifonu, \u00a0<\/span><\/p>\n<p><span style=\"color: #000000; font-size: 16px;\">Izm\u0113ri 1700 x 1000 x 160 mm. \u00a0<\/span><\/p>\n<p><span style=\"color: #000000; font-size: 16px;\">Maza plastmasas vanna uzst\u0101d\u012b\u0161anai lielaj\u0101 vann\u0101, komplekt\u0101 ar plastmasas k\u0101j\u0101m un izvadu, izm\u0113ri 900 x 800 x 100 mm. \u00a0<\/span><\/p>\n<p><span style=\"color: #000000; font-size: 16px;\">M\u0113s pieg\u0101d\u0101jam gan lielas, gan mazas vannas, uzglab\u0101\u0161anas paneli un pamatni zem vannas.<\/span><\/p>\n<table style=\"width: 71.74074074074075%; height: 70px;\" cellspacing=\"0\" cellpadding=\"0\">\n<tbody>\n<tr>\n<td style=\"text-align: center;\" valign=\"top\">\n<p><strong><span style=\"color: #000000; font-size: 16px;\">Materi\u0101la kods<\/span><\/strong><\/p>\n<\/td>\n<td style=\"text-align: center;\" valign=\"top\">\n<p><strong><span style=\"color: #000000; font-size: 16px;\">Apraksts<\/span><\/strong><\/p>\n<\/td>\n<td style=\"text-align: center;\" valign=\"top\">\n<p><strong><span style=\"color: #000000; font-size: 16px;\">Iepakojums<\/span><\/strong><\/p>\n<\/td>\n<\/tr>\n<tr>\n<td style=\"text-align: center;\" valign=\"top\">\n<p><span style=\"color: #000000; font-size: 16px;\">60082<\/span><\/p>\n<\/td>\n<td style=\"text-align: center;\" valign=\"top\">\n<p><span style=\"color: #000000; font-size: 16px;\">Plastmasas kubli - komplekts<\/span><\/p>\n<\/td>\n<td style=\"text-align: center;\" valign=\"top\">\n<p><span style=\"color: #000000; font-size: 16px;\">1 komplekts<\/span><\/p>\n<\/td>\n<\/tr>\n<\/tbody>\n<\/table>\n<div id=\"gtx-trans\" style=\"position: absolute; left: 79px; top: 37px;\">\n<div class=\"gtx-trans-icon\"><\/div>\n<\/div>","protected":false},"excerpt":{"rendered":"<p>Plastmasas kubli<\/p>","protected":false},"featured_media":11925,"template":"","meta":[],"product_brand":[],"product_cat":[149,170],"product_tag":[],"class_list":{"0":"post-12763","1":"product","2":"type-product","3":"status-publish","4":"has-post-thumbnail","6":"product_cat-restauratoriams","7":"product_cat-restauravimo-iranga","9":"first","10":"outofstock","11":"product-type-simple"},"_links":{"self":[{"href":"https:\/\/tavieta.lt\/lv\/wp-json\/wp\/v2\/product\/12763","targetHints":{"allow":["GET"]}}],"collection":[{"href":"https:\/\/tavieta.lt\/lv\/wp-json\/wp\/v2\/product"}],"about":[{"href":"https:\/\/tavieta.lt\/lv\/wp-json\/wp\/v2\/types\/product"}],"wp:featuredmedia":[{"embeddable":true,"href":"https:\/\/tavieta.lt\/lv\/wp-json\/wp\/v2\/media\/11925"}],"wp:attachment":[{"href":"https:\/\/tavieta.lt\/lv\/wp-json\/wp\/v2\/media?parent=12763"}],"wp:term":[{"taxonomy":"product_brand","embeddable":true,"href":"https:\/\/tavieta.lt\/lv\/wp-json\/wp\/v2\/product_brand?post=12763"},{"taxonomy":"product_cat","embeddable":true,"href":"https:\/\/tavieta.lt\/lv\/wp-json\/wp\/v2\/product_cat?post=12763"},{"taxonomy":"product_tag","embeddable":true,"href":"https:\/\/tavieta.lt\/lv\/wp-json\/wp\/v2\/product_tag?post=12763"}],"curies":[{"name":"wp","href":"https:\/\/api.w.org\/{rel}","templated":true}]}}