{"id":12764,"date":"2024-02-07T09:22:34","date_gmt":"2024-02-07T09:22:34","guid":{"rendered":"http:\/\/tavieta.lt\/produktas\/ceibacard1-irenginys-dokumentams-taisyti-su-popieriaus-mase\/"},"modified":"2024-03-29T09:35:17","modified_gmt":"2024-03-29T09:35:17","slug":"ceibacard1-irenginys-dokumentams-taisyti-su-popieriaus-mase","status":"publish","type":"product","link":"https:\/\/tavieta.lt\/lv\/products\/ceibacard1-irenginys-dokumentams-taisyti-su-popieriaus-mase\/","title":{"rendered":"CeibaCard1 - iek\u0101rta dokumentu labo\u0161anai ar pap\u012bra masu"},"content":{"rendered":"<p><span style=\"color: #000000; font-size: 16px;\">CeibaCard 1 - Profesion\u0101la restaur\u0101cijas iek\u0101rta druk\u0101tu pap\u012bra dokumentu atjauno\u0161anai, iem\u0113rcot pap\u012bru. Ta\u010du p\u0113c ier\u012bces noregul\u0113\u0161anas to var piesl\u0113gt pie ies\u016bk\u0161anas ier\u012bces, piem\u0113ram, nep\u0101rtrauktai \u016bdens nos\u016bk\u0161anai ar putek\u013cu s\u016bc\u0113ju, notek\u016bde\u0146u tie\u0161ai nos\u016bk\u0161anai un darba pa\u0101trin\u0101\u0161anai podos.  Operatoram ir tikai 1 sl\u0113dzis. Funkcion\u0101l\u0101 da\u013ca ir p\u0101rkl\u0101ta ar no\u0146emamu v\u0101ci\u0146u. Dren\u0101\u017eas iek\u0101rta ir apr\u012bkota ar regul\u0113\u0161anas v\u0101rstu, kas \u013cauj past\u0101v\u012bgi kontrol\u0113t impregn\u0113t\u0101 \u016bdens daudzumu. Ier\u012bce ir pievienota cietajiem atkritumiem, un tai ir nepiecie\u0161ams 230 V \/ 50 Hz sprieguma savienojums.<\/span><\/p>\n<table style=\"width: 87.88439306358381%; height: 77px;\" cellspacing=\"0\" cellpadding=\"0\">\n<tbody>\n<tr>\n<td style=\"text-align: center;\" valign=\"top\">\n<p><strong><span style=\"color: #000000; font-size: 16px;\">Materi\u0101la kods<\/span><\/strong><\/p>\n<\/td>\n<td style=\"text-align: center;\" valign=\"top\">\n<p><strong><span style=\"color: #000000; font-size: 16px;\">Apraksts<\/span><\/strong><\/p>\n<\/td>\n<td style=\"text-align: center;\" valign=\"top\">\n<p><strong><span style=\"color: #000000; font-size: 16px;\">Iepakojums<\/span><\/strong><\/p>\n<\/td>\n<\/tr>\n<tr>\n<td style=\"text-align: center;\" valign=\"top\">\n<p><span style=\"color: #000000; font-size: 16px;\">20308<\/span><\/p>\n<\/td>\n<td style=\"text-align: center;\" valign=\"top\">\n<p><span style=\"color: #000000; font-size: 16px;\">CeibaCard\u00a01<\/span><\/p>\n<\/td>\n<td style=\"text-align: center;\" valign=\"top\">\n<p><span style=\"color: #000000; font-size: 16px;\">1 gab.<\/span><\/p>\n<\/td>\n<\/tr>\n<\/tbody>\n<\/table>\n<p><strong><span style=\"color: #000000; font-size: 16px;\">Tehniskie parametri:<\/span><\/strong><\/p>\n<p><span style=\"color: #000000; font-size: 16px;\">Izm\u0113ri: Garums: 950 mm, Platums: 740 mm, Augstums: 505 mm Galda virsmas izm\u0113rs: 600 x 600 mm<\/span><\/p>\n<p><span style=\"color: #000000; font-size: 16px;\">Izlietotais tilpums: 50 l, kop\u0113jais tilpums: 60 l<\/span><\/p>\n<p><span style=\"color: #000000; font-size: 16px;\">Pilna tilpuma iepild\u012b\u0161anas laiks (50 l): 18 s  \u00a0<\/span><\/p>\n<p><span style=\"color: #000000; font-size: 16px;\">Iztuk\u0161o\u0161anas laiks: 85 s<\/span><\/p>\n<p><span style=\"color: #000000; font-size: 16px;\">Svars: 50 kg (bez \u016bdens) \u00a0<\/span><\/p>\n<p><span style=\"color: #000000; font-size: 16px;\">S\u016bknis: plastmasas ar sensoru min. l\u012bmen\u012b. \u00a0<\/span><\/p>\n<p><span style=\"color: #000000; font-size: 16px;\">Apgaismojums: N\u0112<\/span><\/p>\n<p><span style=\"color: #000000; font-size: 16px;\">Uzglab\u0101\u0161ana: N\u0113<\/span><\/p>\n<p><span style=\"color: #000000; font-size: 16px;\"> Spriegums: 230 V, kop\u0113j\u0101 jauda 0,37 kW<\/span><\/p>\n<div id=\"gtx-trans\" style=\"position: absolute; left: 79px; top: 37px;\">\n<div class=\"gtx-trans-icon\"><\/div>\n<\/div>","protected":false},"excerpt":{"rendered":"<p>CeibaCard1 - iek\u0101rta dokumentu labo\u0161anai ar pap\u012bra masu<\/p>","protected":false},"featured_media":11927,"template":"","meta":[],"product_brand":[],"product_cat":[149,170],"product_tag":[],"class_list":{"0":"post-12764","1":"product","2":"type-product","3":"status-publish","4":"has-post-thumbnail","6":"product_cat-restauratoriams","7":"product_cat-restauravimo-iranga","9":"first","10":"outofstock","11":"product-type-simple"},"_links":{"self":[{"href":"https:\/\/tavieta.lt\/lv\/wp-json\/wp\/v2\/product\/12764","targetHints":{"allow":["GET"]}}],"collection":[{"href":"https:\/\/tavieta.lt\/lv\/wp-json\/wp\/v2\/product"}],"about":[{"href":"https:\/\/tavieta.lt\/lv\/wp-json\/wp\/v2\/types\/product"}],"wp:featuredmedia":[{"embeddable":true,"href":"https:\/\/tavieta.lt\/lv\/wp-json\/wp\/v2\/media\/11927"}],"wp:attachment":[{"href":"https:\/\/tavieta.lt\/lv\/wp-json\/wp\/v2\/media?parent=12764"}],"wp:term":[{"taxonomy":"product_brand","embeddable":true,"href":"https:\/\/tavieta.lt\/lv\/wp-json\/wp\/v2\/product_brand?post=12764"},{"taxonomy":"product_cat","embeddable":true,"href":"https:\/\/tavieta.lt\/lv\/wp-json\/wp\/v2\/product_cat?post=12764"},{"taxonomy":"product_tag","embeddable":true,"href":"https:\/\/tavieta.lt\/lv\/wp-json\/wp\/v2\/product_tag?post=12764"}],"curies":[{"name":"wp","href":"https:\/\/api.w.org\/{rel}","templated":true}]}}