{"id":12765,"date":"2024-02-07T09:22:34","date_gmt":"2024-02-07T09:22:34","guid":{"rendered":"http:\/\/tavieta.lt\/produktas\/ceibacard2-irenginys-dokumentams-taisyti-su-popieriaus-mase\/"},"modified":"2024-03-29T09:35:16","modified_gmt":"2024-03-29T09:35:16","slug":"ceibacard2-irenginys-dokumentams-taisyti-su-popieriaus-mase","status":"publish","type":"product","link":"https:\/\/tavieta.lt\/lv\/products\/ceibacard2-irenginys-dokumentams-taisyti-su-popieriaus-mase\/","title":{"rendered":"CeibaCard2 \u2013 iek\u0101rta dokumentu labo\u0161anai ar pap\u012bra masu"},"content":{"rendered":"<p><span style=\"color: #000000; font-size: 16px;\"> \u00a0CeibaCard 2 - Profesion\u0101ls restaur\u0101cijas apr\u012bkojums plakana pap\u012bra atjauno\u0161anai. Vad\u012bbu nodro\u0161ina tikai divi atsevi\u0161\u0137u ma\u0161\u012bnas da\u013cu sl\u0113d\u017ei. Ier\u012bces funkcion\u0101l\u0101s da\u013cas ir izgatavotas no caursp\u012bd\u012bga PMMA. Darba virsma ir izgaismota no apak\u0161as un apgaismota ar darba lampu no aug\u0161as. \u0160\u0137ir\u0161an\u0101s notiek vienm\u0113r\u012bgi spont\u0101ni. Galda virsmai ir ieb\u016bv\u0113ts koka darbagalds ar glab\u0101\u0161anas un uzglab\u0101\u0161anas vietu. Dren\u0101\u017eas virsma ir gad\u012bjum\u0101, ja iek\u0101rta nav aizsarg\u0101ta ar pievienoto p\u0101rkl\u0101jumu. Ma\u0161\u012bnu un t\u0101s iek\u0161\u0113j\u0101s da\u013cas ir \u013coti viegli t\u012br\u012bt. Ier\u012bce ir pievienota cietajiem atkritumiem, un tai j\u0101b\u016bt piesl\u0113gtai pie 230 V \/ 50 Hz.<\/span><\/p>\n<table style=\"width: 83.48708643502327%; height: 55px;\" cellspacing=\"0\" cellpadding=\"0\">\n<tbody>\n<tr>\n<td style=\"width: 42.77456647398844%; text-align: center;\" valign=\"top\">\n<p><strong><span style=\"color: #000000; font-size: 16px;\">Materi\u0101la kods<\/span><\/strong><\/p>\n<\/td>\n<td style=\"width: 35.83815028901734%; text-align: center;\" valign=\"top\">\n<p><strong><span style=\"color: #000000; font-size: 16px;\">Apraksts<\/span><\/strong><\/p>\n<\/td>\n<td style=\"width: 20.809248554913296%; text-align: center;\" valign=\"top\">\n<p><strong><span style=\"color: #000000; font-size: 16px;\">Iepakojums<\/span><\/strong><\/p>\n<\/td>\n<\/tr>\n<tr>\n<td style=\"width: 42.77456647398844%; text-align: center;\" valign=\"top\">\n<p><span style=\"color: #000000; font-size: 16px;\">60086<\/span><\/p>\n<\/td>\n<td style=\"width: 35.83815028901734%; text-align: center;\" valign=\"top\">\n<p><span style=\"color: #000000; font-size: 16px;\">CeibaCard\u00a02<\/span><\/p>\n<\/td>\n<td style=\"width: 20.809248554913296%; text-align: center;\" valign=\"top\">\n<p><span style=\"color: #000000; font-size: 16px;\">1 gab.<\/span><\/p>\n<\/td>\n<\/tr>\n<\/tbody>\n<\/table>\n<p><strong><span style=\"color: #000000; font-size: 16px;\">Tehniskie parametri:<\/span><\/strong><\/p>\n<p><span style=\"color: #000000; font-size: 16px;\"> Ier\u012bces izm\u0113ri: Galda garums: 1605 mm, galda platums: 690 mm, galda augstums: 1090 mm, darba augstums: 880 mm<\/span><\/p>\n<p><span style=\"color: #000000; font-size: 16px;\">Galda virsmas izm\u0113rs: 600 x 900 mm<\/span><\/p>\n<p><span style=\"color: #000000; font-size: 16px;\">Izlietotais tilpums: 80 l, kop\u0113jais tilpums: 85 l<\/span><\/p>\n<p><span style=\"color: #000000; font-size: 16px;\">Uzpildes laiks (80 l): 28 s T<\/span><\/p>\n<p><span style=\"color: #000000; font-size: 16px;\">Iztuk\u0161o\u0161anas laiks: 85 s<\/span><\/p>\n<p><span style=\"color: #000000; font-size: 16px;\">Svars: 200 kg ar putek\u013cu s\u016bc\u0113ju, v\u0101ci\u0146u s\u016bkni utt. (bez \u016bdens) S\u016bknis: firmas ner\u016bs\u0113jo\u0161ais t\u0113rauds ar sensoru min. l\u012bmen\u012b. \u00a0<\/span><\/p>\n<p><span style=\"color: #000000; font-size: 16px;\">Apgaismojums: divvirzienu uzst\u0101d\u012bts (nodro\u0161inot perfektu darbvirsmas apgaismojumu) \u00a0<\/span><\/p>\n<p><span style=\"color: #000000; font-size: 16px;\">Uzglab\u0101\u0161ana: 2x atvilktnes ar pilnu pagarin\u0101jumu<\/span><\/p>\n<p><span style=\"color: #000000; font-size: 16px;\"> \u00a0 Spriegums: 230 V, \u00a0<\/span><\/p>\n<p><span style=\"color: #000000; font-size: 16px;\">Kop\u0113j\u0101 jauda: 3,6 kW<\/span><\/p>\n<p><strong><span style=\"color: #000000; font-size: 16px;\">Citi aksesu\u0101ri:<\/span><\/strong><\/p>\n<p><span style=\"color: #000000; font-size: 16px;\">Uzpildes ier\u012bces funkcion\u0101la da\u013ca ir nosegts no\u0146emams p\u0101rsegs, ko var izmantot k\u0101 uzglab\u0101\u0161anas zonu, kad katls netiek lietots, vai k\u0101 uzglab\u0101\u0161anas nodal\u012bjumu mitrai plastmasas r\u012bvei, str\u0101d\u0101jot ar v\u012bt\u0146o\u0161anas ier\u012bci, ja to izmanto k\u0101 vannu.<\/span><\/p>\n<div id=\"gtx-trans\" style=\"position: absolute; left: 79px; top: 37px;\">\n<div class=\"gtx-trans-icon\"><\/div>\n<\/div>","protected":false},"excerpt":{"rendered":"<p>CeibaCard2 \u2013 iek\u0101rta dokumentu labo\u0161anai ar pap\u012bra masu<\/p>","protected":false},"featured_media":11929,"template":"","meta":[],"product_brand":[],"product_cat":[149,170],"product_tag":[],"class_list":{"0":"post-12765","1":"product","2":"type-product","3":"status-publish","4":"has-post-thumbnail","6":"product_cat-restauratoriams","7":"product_cat-restauravimo-iranga","9":"first","10":"outofstock","11":"product-type-simple"},"_links":{"self":[{"href":"https:\/\/tavieta.lt\/lv\/wp-json\/wp\/v2\/product\/12765","targetHints":{"allow":["GET"]}}],"collection":[{"href":"https:\/\/tavieta.lt\/lv\/wp-json\/wp\/v2\/product"}],"about":[{"href":"https:\/\/tavieta.lt\/lv\/wp-json\/wp\/v2\/types\/product"}],"wp:featuredmedia":[{"embeddable":true,"href":"https:\/\/tavieta.lt\/lv\/wp-json\/wp\/v2\/media\/11929"}],"wp:attachment":[{"href":"https:\/\/tavieta.lt\/lv\/wp-json\/wp\/v2\/media?parent=12765"}],"wp:term":[{"taxonomy":"product_brand","embeddable":true,"href":"https:\/\/tavieta.lt\/lv\/wp-json\/wp\/v2\/product_brand?post=12765"},{"taxonomy":"product_cat","embeddable":true,"href":"https:\/\/tavieta.lt\/lv\/wp-json\/wp\/v2\/product_cat?post=12765"},{"taxonomy":"product_tag","embeddable":true,"href":"https:\/\/tavieta.lt\/lv\/wp-json\/wp\/v2\/product_tag?post=12765"}],"curies":[{"name":"wp","href":"https:\/\/api.w.org\/{rel}","templated":true}]}}