{"id":12766,"date":"2024-02-07T09:22:40","date_gmt":"2024-02-07T09:22:40","guid":{"rendered":"http:\/\/tavieta.lt\/produktas\/easybox-1-irenginys-dokumentams-taisyti-su-popieriaus-mase\/"},"modified":"2024-03-29T09:35:13","modified_gmt":"2024-03-29T09:35:13","slug":"easybox-1-irenginys-dokumentams-taisyti-su-popieriaus-mase","status":"publish","type":"product","link":"https:\/\/tavieta.lt\/lv\/products\/easybox-1-irenginys-dokumentams-taisyti-su-popieriaus-mase\/","title":{"rendered":"EasyBox 1 - ier\u012bce dokumentu labo\u0161anai ar pap\u012bra masu"},"content":{"rendered":"<p>EasyBox 1 - ier\u012bce dokumentu labo\u0161anai ar pap\u012bra masu<\/p>\n<p><span style=\"color: #000000;\">Kop\u0101 ar vakuuma galdu EasyBox var izmantot k\u0101 vienk\u0101r\u0161u ier\u012bci pap\u012bra atjauno\u0161anai, ievietojot pap\u012bru. EasyBox sast\u0101v no div\u0101m da\u013c\u0101m, bez\u0161uvju PVC konteinera, kas izkl\u0101ts ar gumijas put\u0101m, kaste ir piestiprin\u0101ta pie vakuuma galda un iekrau\u0161anas re\u017e\u0123a, kas nov\u0113r\u0161 izmantojam\u0101 objekta da\u013cu kust\u012bbu. Kad tvertne ir piepild\u012bta ar papildu \u0161\u0137\u012bdumu un darbojas s\u016bk\u0161anas vakuuma galds, manu\u0101li paceliet sietu no tvertnes apak\u0161as. Var darbin\u0101t ar vienu roku. Tvertni var pieg\u0101d\u0101t ar\u012b citos izm\u0113ros.<\/span><\/p>\n<table style=\"width: 66.43233142397766%; height: 64px;\" cellspacing=\"0\" cellpadding=\"0\">\n<tbody>\n<tr style=\"height: 47px;\">\n<td style=\"height: 47px; width: 42.44186046511628%; text-align: center;\" valign=\"top\">\n<p><strong><span style=\"color: #000000;\">Materi\u0101la kods<\/span><\/strong><\/p>\n<\/td>\n<td style=\"height: 47px; width: 36.04651162790697%; text-align: center;\" valign=\"top\">\n<p><strong><span style=\"color: #000000;\">Apraksts<\/span><\/strong><\/p>\n<\/td>\n<td style=\"height: 47px; width: 20.930232558139537%; text-align: center;\" valign=\"top\">\n<p><strong><span style=\"color: #000000;\">Iepakojums<\/span><\/strong><\/p>\n<\/td>\n<\/tr>\n<tr style=\"height: 32px;\">\n<td style=\"height: 32px; width: 42.44186046511628%; text-align: center;\" valign=\"top\">\n<p><span style=\"color: #000000;\">RT60085<\/span><\/p>\n<\/td>\n<td style=\"height: 32px; width: 36.04651162790697%; text-align: center;\" valign=\"top\">\n<p><span style=\"color: #000000;\">EasyBox\u00a01<\/span><\/p>\n<\/td>\n<td style=\"height: 32px; width: 20.930232558139537%; text-align: center;\" valign=\"top\">\n<p><span style=\"color: #000000;\">1 gab.<\/span><\/p>\n<\/td>\n<\/tr>\n<\/tbody>\n<\/table>\n<p><strong><span style=\"color: #000000;\">Tehniskie dati:<\/span><\/strong><\/p>\n<p><span style=\"color: #000000;\">izm\u0113ri 305 x 120 mm paletes da\u013cas svars 1,5 kg<\/span><\/p>\n<div id=\"gtx-trans\" style=\"position: absolute; left: 79px; top: 37px;\">\n<div class=\"gtx-trans-icon\"><\/div>\n<\/div>","protected":false},"excerpt":{"rendered":"<p>EasyBox 1 - ier\u012bce dokumentu labo\u0161anai ar pap\u012bra masu<\/p>","protected":false},"featured_media":11931,"template":"","meta":[],"product_brand":[],"product_cat":[149,170],"product_tag":[],"class_list":{"0":"post-12766","1":"product","2":"type-product","3":"status-publish","4":"has-post-thumbnail","6":"product_cat-restauratoriams","7":"product_cat-restauravimo-iranga","9":"first","10":"outofstock","11":"product-type-simple"},"_links":{"self":[{"href":"https:\/\/tavieta.lt\/lv\/wp-json\/wp\/v2\/product\/12766","targetHints":{"allow":["GET"]}}],"collection":[{"href":"https:\/\/tavieta.lt\/lv\/wp-json\/wp\/v2\/product"}],"about":[{"href":"https:\/\/tavieta.lt\/lv\/wp-json\/wp\/v2\/types\/product"}],"wp:featuredmedia":[{"embeddable":true,"href":"https:\/\/tavieta.lt\/lv\/wp-json\/wp\/v2\/media\/11931"}],"wp:attachment":[{"href":"https:\/\/tavieta.lt\/lv\/wp-json\/wp\/v2\/media?parent=12766"}],"wp:term":[{"taxonomy":"product_brand","embeddable":true,"href":"https:\/\/tavieta.lt\/lv\/wp-json\/wp\/v2\/product_brand?post=12766"},{"taxonomy":"product_cat","embeddable":true,"href":"https:\/\/tavieta.lt\/lv\/wp-json\/wp\/v2\/product_cat?post=12766"},{"taxonomy":"product_tag","embeddable":true,"href":"https:\/\/tavieta.lt\/lv\/wp-json\/wp\/v2\/product_tag?post=12766"}],"curies":[{"name":"wp","href":"https:\/\/api.w.org\/{rel}","templated":true}]}}