{"id":12767,"date":"2024-02-07T09:22:40","date_gmt":"2024-02-07T09:22:40","guid":{"rendered":"http:\/\/tavieta.lt\/produktas\/siurbimo-pleistas-sbd1\/"},"modified":"2024-03-29T09:35:12","modified_gmt":"2024-03-29T09:35:12","slug":"siurbimo-pleistas-sbd1","status":"publish","type":"product","link":"https:\/\/tavieta.lt\/lv\/products\/siurbimo-pleistas-sbd1\/","title":{"rendered":"S\u016bk\u0161anas \u0137\u012blis SBD1"},"content":{"rendered":"<p><span style=\"color: #000000; font-size: 16px;\"> S\u016bk\u0161anas \u0137\u012blis SBD1 ir \u012bpa\u0161s zemspiediena s\u016bk\u0161anas galds. Paredz\u0113ts gr\u0101matu remontam, p\u0113c remonta t\u0101s nav j\u0101\u0161uj Sast\u0101v no \u0137\u012b\u013cveida pies\u016bk\u0161anas pl\u0101ksnes, kas \u013cauj to ievietot starp gr\u0101matas lap\u0101m un stabila plastmasas balsta ar iesp\u0113ju regul\u0113t \u0123eometriju. . S\u016bk\u0161anas laukums ir izgatavots no poraina hidrofoba materi\u0101la vai perfor\u0113tas PVC loksnes. SBD1 s\u016bk\u0161anas avots ir sauss-slapj\u0161 r\u016bpnieciskais putek\u013cs\u016bc\u0113js. Ier\u012bc\u0113 var izmantot da\u017e\u0101da veida VC, no kuriem var ats\u016bkn\u0113t \u016bdeni, bet vislab\u0101kie ir putek\u013cs\u016bc\u0113ji ar elektronisku s\u016bk\u0161anas jaudas vad\u012bbu. Gr\u0101matas atbalstam ir iesp\u0113ja piel\u0101got \u0123eometriju, pamatojoties uz gr\u0101matas izm\u0113riem un pa\u0161laik saglab\u0101t\u0101s lapas atra\u0161an\u0101s vietu gr\u0101mat\u0101. Gr\u0101matas atbalsta da\u013cu novietojums ir viegli nofiks\u0113jams ar div\u0101m centrb\u0113dzes skr\u016bv\u0113m<\/span><\/p>\n<table style=\"width: 79.85915492957747%; height: 69px;\" cellspacing=\"0\" cellpadding=\"0\">\n<tbody>\n<tr>\n<td style=\"text-align: center;\" valign=\"top\">\n<p><strong><span style=\"color: #000000; font-size: 16px;\">Materi\u0101la kods<\/span><\/strong><\/p>\n<\/td>\n<td style=\"text-align: center;\" valign=\"top\">\n<p><strong><span style=\"color: #000000; font-size: 16px;\">Apraksts<\/span><\/strong><\/p>\n<\/td>\n<td style=\"text-align: center;\" valign=\"top\">\n<p><strong><span style=\"color: #000000; font-size: 16px;\">Iepakojums<\/span><\/strong><\/p>\n<\/td>\n<\/tr>\n<tr>\n<td style=\"text-align: center;\" valign=\"top\">\n<p><span style=\"color: #000000; font-size: 16px;\">RT3007<\/span><\/p>\n<\/td>\n<td style=\"text-align: center;\" valign=\"top\">\n<p><span style=\"color: #000000; font-size: 16px;\">S\u016bk\u0161anas \u0137\u012blis SBD1<\/span><\/p>\n<\/td>\n<td style=\"text-align: center;\" valign=\"top\">\n<p><span style=\"color: #000000; font-size: 16px;\">1 gab.<\/span><\/p>\n<\/td>\n<\/tr>\n<\/tbody>\n<\/table>\n<div id=\"gtx-trans\" style=\"position: absolute; left: 79px; top: 37px;\">\n<div class=\"gtx-trans-icon\"><\/div>\n<\/div>","protected":false},"excerpt":{"rendered":"<p>S\u016bk\u0161anas \u0137\u012blis SBD0<\/p>","protected":false},"featured_media":11933,"template":"","meta":[],"product_brand":[],"product_cat":[149,170],"product_tag":[],"class_list":{"0":"post-12767","1":"product","2":"type-product","3":"status-publish","4":"has-post-thumbnail","6":"product_cat-restauratoriams","7":"product_cat-restauravimo-iranga","9":"first","10":"outofstock","11":"product-type-simple"},"_links":{"self":[{"href":"https:\/\/tavieta.lt\/lv\/wp-json\/wp\/v2\/product\/12767","targetHints":{"allow":["GET"]}}],"collection":[{"href":"https:\/\/tavieta.lt\/lv\/wp-json\/wp\/v2\/product"}],"about":[{"href":"https:\/\/tavieta.lt\/lv\/wp-json\/wp\/v2\/types\/product"}],"wp:featuredmedia":[{"embeddable":true,"href":"https:\/\/tavieta.lt\/lv\/wp-json\/wp\/v2\/media\/11933"}],"wp:attachment":[{"href":"https:\/\/tavieta.lt\/lv\/wp-json\/wp\/v2\/media?parent=12767"}],"wp:term":[{"taxonomy":"product_brand","embeddable":true,"href":"https:\/\/tavieta.lt\/lv\/wp-json\/wp\/v2\/product_brand?post=12767"},{"taxonomy":"product_cat","embeddable":true,"href":"https:\/\/tavieta.lt\/lv\/wp-json\/wp\/v2\/product_cat?post=12767"},{"taxonomy":"product_tag","embeddable":true,"href":"https:\/\/tavieta.lt\/lv\/wp-json\/wp\/v2\/product_tag?post=12767"}],"curies":[{"name":"wp","href":"https:\/\/api.w.org\/{rel}","templated":true}]}}